{"id":2870,"date":"2021-05-10T04:57:48","date_gmt":"2021-05-10T04:57:48","guid":{"rendered":"https:\/\/www.focolare.us\/events\/"},"modified":"2025-04-02T06:18:43","modified_gmt":"2025-04-02T06:18:43","slug":"events","status":"publish","type":"page","link":"https:\/\/www.focolare.us\/fr\/events\/","title":{"rendered":"\u00c9v\u00e9nements"},"content":{"rendered":"<div class=\"wpb-content-wrapper\"><p>[vc_row][vc_column][vc_column_text]<\/p>\n<p style=\"text-align: center;\">Vous trouverez ici une galerie des \u00e9v\u00e9nements \u00e0 venir et pass\u00e9s organis\u00e9s par le Mouvement des Focolari aux \u00c9tats-Unis et au Canada au niveau national.<br \/>\nCependant, de nombreux \u00e9v\u00e9nements des Focolari sont organis\u00e9s localement.<br \/>\n<a href=\"https:\/\/www.focolare.us\/fr\/connect\/\" target=\"_blank\" rel=\"noopener\">Contactez-nous<\/a> pour conna\u00eetre les \u00e9v\u00e9nements locaux pr\u00e8s de chez vous.<br \/>\nTous les \u00e9v\u00e9nements sont en anglais, sauf indication contraire.<\/p>\n<p>[\/vc_column_text][\/vc_column][\/vc_row][vc_row bg_type=\u00a0\u00bbcolor\u00a0\u00bb bg_color=\u00a0\u00bb#d0e4f4&Prime;][vc_column][vc_custom_heading text=\u00a0\u00bb\u00c9v\u00e9nements \u00e0 venir\u00a0\u00bb font_container=\u00a0\u00bbtag:h2|text_align:left|color:%233f90b9&Prime; google_fonts=\u00a0\u00bbfont_family:Lora%3Aregular%2Citalic%2C700%2C700italic|font_style:400%20regular%3A400%3Anormal\u00a0\u00bb][vc_raw_html css=\u00a0\u00bb\u00a0\u00bb]JTVCZXZlbnRzJTIwcGVyX3BhZ2UlM0QlMjIxMCUyMiUyMHNob3dfZmlsdGVycyUzRCUyMmZhbHNlJTIyJTIwb3JkZXJieSUzRCUyMmV2ZW50X3N0YXJ0X2RhdGUlMjIlMjBzZWxlY3RlZF9kYXRldGltZSUzRCUyMnRvZGF5JTJDMTItMzEtMjAzMSUyMiU1RA==[\/vc_raw_html]<div class=\"grve-element grve-divider grve-align-center\" style=\"padding-bottom: 30px;\"><span class=\"grve-custom-divider grve-bg-white\" style=\"width: 100%;height: 2px;\"><\/span><\/div>[vc_custom_heading text=\u00a0\u00bbRegarder les \u00e9v\u00e9nements pr\u00e9c\u00e9dents\u00a0\u00bb font_container=\u00a0\u00bbtag:h2|text_align:left|color:%233f90b9&Prime; google_fonts=\u00a0\u00bbfont_family:Lora%3Aregular%2Citalic%2C700%2C700italic|font_style:400%20regular%3A400%3Anormal\u00a0\u00bb][vc_raw_html css=\u00a0\u00bb\u00a0\u00bb]JTVCZXZlbnRzJTIwcGVyX3BhZ2UlM0QlMjIxMCUyMiUyMHNob3dfZmlsdGVycyUzRCUyMmZhbHNlJTIyJTIwb3JkZXJieSUzRCUyMmV2ZW50X3N0YXJ0X2RhdGUlMjIlMjBvcmRlciUzRCUyMkRFU0MlMjIlMjBzZWxlY3RlZF9kYXRldGltZSUzRCUyMjAxLTAxLTIwMjElMkN5ZXN0ZXJkYXklMjIlNUQ=[\/vc_raw_html][\/vc_column][\/vc_row]<\/p>\n<\/div>","protected":false},"excerpt":{"rendered":"<p>[vc_row][vc_column][vc_column_text] Vous trouverez ici une galerie des \u00e9v\u00e9nements \u00e0 venir et pass\u00e9s organis\u00e9s par le Mouvement des Focolari aux \u00c9tats-Unis et au Canada au niveau national. Cependant, de nombreux \u00e9v\u00e9nements des Focolari sont organis\u00e9s localement. Contactez-nous pour conna\u00eetre les \u00e9v\u00e9nements locaux pr\u00e8s de chez vous. Tous les \u00e9v\u00e9nements sont en anglais, sauf indication contraire. [\/vc_column_text][\/vc_column][\/vc_row][vc_row [&hellip;]<\/p>\n","protected":false},"author":2,"featured_media":2733,"parent":0,"menu_order":0,"comment_status":"closed","ping_status":"closed","template":"","meta":{"footnotes":""},"class_list":["post-2870","page","type-page","status-publish","has-post-thumbnail","hentry"],"yoast_head":"<!-- This site is optimized with the Yoast SEO plugin v27.5 - https:\/\/yoast.com\/product\/yoast-seo-wordpress\/ -->\n<title>\u00c9v\u00e9nements - Focolare in the US and Canada<\/title>\n<meta name=\"description\" content=\"Events organized by the Focolare Movement in the United States and Canada. Join our webinars, conferences and retreats.\" \/>\n<meta name=\"robots\" content=\"index, follow, max-snippet:-1, max-image-preview:large, max-video-preview:-1\" \/>\n<link rel=\"canonical\" href=\"https:\/\/www.focolare.us\/fr\/events\/\" \/>\n<meta property=\"og:locale\" content=\"fr_FR\" \/>\n<meta property=\"og:type\" content=\"article\" \/>\n<meta property=\"og:title\" content=\"\u00c9v\u00e9nements - Focolare in the US and Canada\" \/>\n<meta property=\"og:description\" content=\"Events organized by the Focolare Movement in the United States and Canada. Join our webinars, conferences and retreats.\" \/>\n<meta property=\"og:url\" content=\"https:\/\/www.focolare.us\/fr\/events\/\" \/>\n<meta property=\"og:site_name\" content=\"Focolare in the US and Canada\" \/>\n<meta property=\"article:modified_time\" content=\"2025-04-02T06:18:43+00:00\" \/>\n<meta property=\"og:image\" content=\"https:\/\/www.focolare.us\/wp-content\/uploads\/2021\/05\/events-focolare-scaled.jpg\" \/>\n\t<meta property=\"og:image:width\" content=\"2560\" \/>\n\t<meta property=\"og:image:height\" content=\"1280\" \/>\n\t<meta property=\"og:image:type\" content=\"image\/jpeg\" \/>\n<meta name=\"twitter:card\" content=\"summary_large_image\" \/>\n<meta name=\"twitter:label1\" content=\"Dur\u00e9e de lecture estim\u00e9e\" \/>\n\t<meta name=\"twitter:data1\" content=\"1 minute\" \/>\n<script type=\"application\/ld+json\" class=\"yoast-schema-graph\">{\"@context\":\"https:\\\/\\\/schema.org\",\"@graph\":[{\"@type\":\"WebPage\",\"@id\":\"https:\\\/\\\/www.focolare.us\\\/fr\\\/events\\\/\",\"url\":\"https:\\\/\\\/www.focolare.us\\\/fr\\\/events\\\/\",\"name\":\"\u00c9v\u00e9nements - Focolare in the US and Canada\",\"isPartOf\":{\"@id\":\"https:\\\/\\\/www.focolare.us\\\/fr\\\/#website\"},\"primaryImageOfPage\":{\"@id\":\"https:\\\/\\\/www.focolare.us\\\/fr\\\/events\\\/#primaryimage\"},\"image\":{\"@id\":\"https:\\\/\\\/www.focolare.us\\\/fr\\\/events\\\/#primaryimage\"},\"thumbnailUrl\":\"https:\\\/\\\/www.focolare.us\\\/wp-content\\\/uploads\\\/2021\\\/05\\\/events-focolare-scaled.jpg\",\"datePublished\":\"2021-05-10T04:57:48+00:00\",\"dateModified\":\"2025-04-02T06:18:43+00:00\",\"description\":\"Events organized by the Focolare Movement in the United States and Canada. Join our webinars, conferences and retreats.\",\"breadcrumb\":{\"@id\":\"https:\\\/\\\/www.focolare.us\\\/fr\\\/events\\\/#breadcrumb\"},\"inLanguage\":\"fr-FR\",\"potentialAction\":[{\"@type\":\"ReadAction\",\"target\":[\"https:\\\/\\\/www.focolare.us\\\/fr\\\/events\\\/\"]}]},{\"@type\":\"ImageObject\",\"inLanguage\":\"fr-FR\",\"@id\":\"https:\\\/\\\/www.focolare.us\\\/fr\\\/events\\\/#primaryimage\",\"url\":\"https:\\\/\\\/www.focolare.us\\\/wp-content\\\/uploads\\\/2021\\\/05\\\/events-focolare-scaled.jpg\",\"contentUrl\":\"https:\\\/\\\/www.focolare.us\\\/wp-content\\\/uploads\\\/2021\\\/05\\\/events-focolare-scaled.jpg\",\"width\":2560,\"height\":1280},{\"@type\":\"BreadcrumbList\",\"@id\":\"https:\\\/\\\/www.focolare.us\\\/fr\\\/events\\\/#breadcrumb\",\"itemListElement\":[{\"@type\":\"ListItem\",\"position\":1,\"name\":\"Home\",\"item\":\"https:\\\/\\\/www.focolare.us\\\/fr\\\/\"},{\"@type\":\"ListItem\",\"position\":2,\"name\":\"\u00c9v\u00e9nements\"}]},{\"@type\":\"WebSite\",\"@id\":\"https:\\\/\\\/www.focolare.us\\\/fr\\\/#website\",\"url\":\"https:\\\/\\\/www.focolare.us\\\/fr\\\/\",\"name\":\"Focolare in the US and Canada\",\"description\":\"Living for Unity in the US and Canada\",\"publisher\":{\"@id\":\"https:\\\/\\\/www.focolare.us\\\/fr\\\/#organization\"},\"potentialAction\":[{\"@type\":\"SearchAction\",\"target\":{\"@type\":\"EntryPoint\",\"urlTemplate\":\"https:\\\/\\\/www.focolare.us\\\/fr\\\/?s={search_term_string}\"},\"query-input\":{\"@type\":\"PropertyValueSpecification\",\"valueRequired\":true,\"valueName\":\"search_term_string\"}}],\"inLanguage\":\"fr-FR\"},{\"@type\":\"Organization\",\"@id\":\"https:\\\/\\\/www.focolare.us\\\/fr\\\/#organization\",\"name\":\"Focolare Movement\",\"url\":\"https:\\\/\\\/www.focolare.us\\\/fr\\\/\",\"logo\":{\"@type\":\"ImageObject\",\"inLanguage\":\"fr-FR\",\"@id\":\"https:\\\/\\\/www.focolare.us\\\/fr\\\/#\\\/schema\\\/logo\\\/image\\\/\",\"url\":\"https:\\\/\\\/www.focolare.us\\\/wp-content\\\/uploads\\\/2019\\\/08\\\/focolare_inglese_RGB.png\",\"contentUrl\":\"https:\\\/\\\/www.focolare.us\\\/wp-content\\\/uploads\\\/2019\\\/08\\\/focolare_inglese_RGB.png\",\"width\":200,\"height\":184,\"caption\":\"Focolare Movement\"},\"image\":{\"@id\":\"https:\\\/\\\/www.focolare.us\\\/fr\\\/#\\\/schema\\\/logo\\\/image\\\/\"},\"sameAs\":[\"https:\\\/\\\/en.wikipedia.org\\\/wiki\\\/Focolare_Movement\"]}]}<\/script>\n<!-- \/ Yoast SEO plugin. -->","yoast_head_json":{"title":"\u00c9v\u00e9nements - Focolare in the US and Canada","description":"Events organized by the Focolare Movement in the United States and Canada. Join our webinars, conferences and retreats.","robots":{"index":"index","follow":"follow","max-snippet":"max-snippet:-1","max-image-preview":"max-image-preview:large","max-video-preview":"max-video-preview:-1"},"canonical":"https:\/\/www.focolare.us\/fr\/events\/","og_locale":"fr_FR","og_type":"article","og_title":"\u00c9v\u00e9nements - Focolare in the US and Canada","og_description":"Events organized by the Focolare Movement in the United States and Canada. Join our webinars, conferences and retreats.","og_url":"https:\/\/www.focolare.us\/fr\/events\/","og_site_name":"Focolare in the US and Canada","article_modified_time":"2025-04-02T06:18:43+00:00","og_image":[{"width":2560,"height":1280,"url":"https:\/\/www.focolare.us\/wp-content\/uploads\/2021\/05\/events-focolare-scaled.jpg","type":"image\/jpeg"}],"twitter_card":"summary_large_image","twitter_misc":{"Dur\u00e9e de lecture estim\u00e9e":"1 minute"},"schema":{"@context":"https:\/\/schema.org","@graph":[{"@type":"WebPage","@id":"https:\/\/www.focolare.us\/fr\/events\/","url":"https:\/\/www.focolare.us\/fr\/events\/","name":"\u00c9v\u00e9nements - Focolare in the US and Canada","isPartOf":{"@id":"https:\/\/www.focolare.us\/fr\/#website"},"primaryImageOfPage":{"@id":"https:\/\/www.focolare.us\/fr\/events\/#primaryimage"},"image":{"@id":"https:\/\/www.focolare.us\/fr\/events\/#primaryimage"},"thumbnailUrl":"https:\/\/www.focolare.us\/wp-content\/uploads\/2021\/05\/events-focolare-scaled.jpg","datePublished":"2021-05-10T04:57:48+00:00","dateModified":"2025-04-02T06:18:43+00:00","description":"Events organized by the Focolare Movement in the United States and Canada. Join our webinars, conferences and retreats.","breadcrumb":{"@id":"https:\/\/www.focolare.us\/fr\/events\/#breadcrumb"},"inLanguage":"fr-FR","potentialAction":[{"@type":"ReadAction","target":["https:\/\/www.focolare.us\/fr\/events\/"]}]},{"@type":"ImageObject","inLanguage":"fr-FR","@id":"https:\/\/www.focolare.us\/fr\/events\/#primaryimage","url":"https:\/\/www.focolare.us\/wp-content\/uploads\/2021\/05\/events-focolare-scaled.jpg","contentUrl":"https:\/\/www.focolare.us\/wp-content\/uploads\/2021\/05\/events-focolare-scaled.jpg","width":2560,"height":1280},{"@type":"BreadcrumbList","@id":"https:\/\/www.focolare.us\/fr\/events\/#breadcrumb","itemListElement":[{"@type":"ListItem","position":1,"name":"Home","item":"https:\/\/www.focolare.us\/fr\/"},{"@type":"ListItem","position":2,"name":"\u00c9v\u00e9nements"}]},{"@type":"WebSite","@id":"https:\/\/www.focolare.us\/fr\/#website","url":"https:\/\/www.focolare.us\/fr\/","name":"Focolare in the US and Canada","description":"Living for Unity in the US and Canada","publisher":{"@id":"https:\/\/www.focolare.us\/fr\/#organization"},"potentialAction":[{"@type":"SearchAction","target":{"@type":"EntryPoint","urlTemplate":"https:\/\/www.focolare.us\/fr\/?s={search_term_string}"},"query-input":{"@type":"PropertyValueSpecification","valueRequired":true,"valueName":"search_term_string"}}],"inLanguage":"fr-FR"},{"@type":"Organization","@id":"https:\/\/www.focolare.us\/fr\/#organization","name":"Focolare Movement","url":"https:\/\/www.focolare.us\/fr\/","logo":{"@type":"ImageObject","inLanguage":"fr-FR","@id":"https:\/\/www.focolare.us\/fr\/#\/schema\/logo\/image\/","url":"https:\/\/www.focolare.us\/wp-content\/uploads\/2019\/08\/focolare_inglese_RGB.png","contentUrl":"https:\/\/www.focolare.us\/wp-content\/uploads\/2019\/08\/focolare_inglese_RGB.png","width":200,"height":184,"caption":"Focolare Movement"},"image":{"@id":"https:\/\/www.focolare.us\/fr\/#\/schema\/logo\/image\/"},"sameAs":["https:\/\/en.wikipedia.org\/wiki\/Focolare_Movement"]}]}},"_links":{"self":[{"href":"https:\/\/www.focolare.us\/fr\/wp-json\/wp\/v2\/pages\/2870","targetHints":{"allow":["GET"]}}],"collection":[{"href":"https:\/\/www.focolare.us\/fr\/wp-json\/wp\/v2\/pages"}],"about":[{"href":"https:\/\/www.focolare.us\/fr\/wp-json\/wp\/v2\/types\/page"}],"author":[{"embeddable":true,"href":"https:\/\/www.focolare.us\/fr\/wp-json\/wp\/v2\/users\/2"}],"replies":[{"embeddable":true,"href":"https:\/\/www.focolare.us\/fr\/wp-json\/wp\/v2\/comments?post=2870"}],"version-history":[{"count":13,"href":"https:\/\/www.focolare.us\/fr\/wp-json\/wp\/v2\/pages\/2870\/revisions"}],"predecessor-version":[{"id":3959,"href":"https:\/\/www.focolare.us\/fr\/wp-json\/wp\/v2\/pages\/2870\/revisions\/3959"}],"wp:featuredmedia":[{"embeddable":true,"href":"https:\/\/www.focolare.us\/fr\/wp-json\/wp\/v2\/media\/2733"}],"wp:attachment":[{"href":"https:\/\/www.focolare.us\/fr\/wp-json\/wp\/v2\/media?parent=2870"}],"curies":[{"name":"wp","href":"https:\/\/api.w.org\/{rel}","templated":true}]}}