{"id":2829,"date":"2020-05-11T05:36:27","date_gmt":"2020-05-11T05:36:27","guid":{"rendered":"https:\/\/www.focolare.us\/life-in-color\/violet\/"},"modified":"2021-09-23T01:36:34","modified_gmt":"2021-09-23T01:36:34","slug":"violet","status":"publish","type":"page","link":"https:\/\/www.focolare.us\/fr\/life-in-color\/violet\/","title":{"rendered":"Violet"},"content":{"rendered":"<div class=\"wpb-content-wrapper\"><p>[vc_row][vc_column width=\u00a0\u00bb2\/3&Prime;][vc_column_text]<em>La spiritualit\u00e9 des Focolari d\u00e9finit sept domaines de la vie, chacun \u00e9tant une fa\u00e7on d&rsquo;exprimer l&rsquo;amour. Rien n&rsquo;est plus ou moins important, plus ou moins sacr\u00e9. \u00ab\u00a0L&rsquo;amour est lumi\u00e8re\u00a0\u00bb, explique Chiara Lubich. Lorsque la lumi\u00e8re claire traverse un prisme, ou m\u00eame une goutte d&rsquo;eau, elle se r\u00e9fracte dans les sept couleurs de l&rsquo;arc-en-ciel : rouge, orange, jaune, vert, bleu, indigo et violet. Et tout comme cette lumi\u00e8re se divise en diff\u00e9rentes couleurs, l&rsquo;amour a lui aussi une mani\u00e8re de s&rsquo;exprimer en autant de fa\u00e7ons.<\/em>[\/vc_column_text]<div class=\"grve-empty-space grve-height-1x\" style=\"\"><\/div><style type=\"text\/css\">.grve-title-gradient.grve-title-69e9d47a0c261 > span,.grve-title-gradient.grve-title-69e9d47a0c261 .grve-clipping-content > span {color: #3f90b9;background-image: -moz-linear-gradient(-45deg, #3f90b9 0%, #3f90b9 100%);background-image: -webkit-linear-gradient(-45deg, #3f90b9 0%, #3f90b9 100%);background-image: linear-gradient(135deg, #3f90b9 0%, #3f90b9 100%);}<\/style><h3 class=\"grve-element grve-title grve-align-left grve-h3 grve-title-gradient grve-title-69e9d47a0c261\" style=\"\"><span>L&rsquo;amour unit.<span class=\"grve-title-line grve-bg-primary-1\" style=\"width: 50px;height: 2px;\"><\/span><\/span><\/h3>[vc_column_text]<\/p>\n<div id=\"grve-post-content\">\n<div class=\"grve-container\">\n<p>Si l&rsquo;objectif est de renforcer l&rsquo;unit\u00e9 dans le monde, nous devons bien communiquer les uns avec les autres, et souvent. Nous cherchons constamment \u00e0 cr\u00e9er un climat de communication ouvert et sinc\u00e8re, qui favorise l&rsquo;\u00e9change d&rsquo;id\u00e9es et d&rsquo;informations \u00e0 tous les niveaux. Nous utilisons autant de canaux que possible pour rester en contact avec nos proches et avec le monde entier.<\/p>\n<p>&nbsp;<\/p>\n<p>Le \u00ab\u00a0violet\u00a0\u00bb est donc synonyme de communication. Lorsque l&rsquo;amour se r\u00e9fracte comme la lumi\u00e8re en \u00ab\u00a0violet\u00a0\u00bb, il brille sur ces aspects de la vie:<\/p>\n<ul>\n<li>La fa\u00e7on dont nous communiquons, nous connectons et nous mettons en r\u00e9seau.<\/li>\n<li>Les m\u00e9dias sociaux, les m\u00e9dias conventionnels.<\/li>\n<li>La technologie, la connectivit\u00e9<\/li>\n<li>L&rsquo;\u00e9dition<\/li>\n<\/ul>\n<p>Tous les mois ou tous les deux mois, <a href=\"http:\/\/collegamentoch.focolare.org\/en\/\">il y a une liaison vid\u00e9o du centre du Mouvement des Focolari \u00e0 Rome qui inclut des nouvelles mondiales<\/a>. Entre ces liaisons, des bulletins d&rsquo;information par courriel sont souvent envoy\u00e9s. Le mouvement a \u00e9galement un magazine mensuel, <a href=\"https:\/\/livingcitymagazine.com\/\">Living City<\/a>, et une maison d&rsquo;\u00e9dition, <a href=\"http:\/\/www.newcitypress.com\">New City Press<\/a>.<\/p>\n<\/div>\n<\/div>\n<p>[\/vc_column_text]<div class=\"grve-empty-space grve-height-1x\" style=\"\"><\/div><style type=\"text\/css\">.grve-title-gradient.grve-title-69e9d47a0c2b8 > span,.grve-title-gradient.grve-title-69e9d47a0c2b8 .grve-clipping-content > span {color: #3f90b9;background-image: -moz-linear-gradient(-45deg, #3f90b9 0%, #3f90b9 100%);background-image: -webkit-linear-gradient(-45deg, #3f90b9 0%, #3f90b9 100%);background-image: linear-gradient(135deg, #3f90b9 0%, #3f90b9 100%);}<\/style><h3 class=\"grve-element grve-title grve-align-left grve-h3 grve-title-gradient grve-title-69e9d47a0c2b8\" style=\"\"><span>What this means to me<span class=\"grve-title-line grve-bg-primary-1\" style=\"width: 50px;height: 2px;\"><\/span><\/span><\/h3>[vc_column_text]<em>Au lyc\u00e9e, j\u2019ai vraiment cherch\u00e9 avant de trouver la bonne carri\u00e8re. J&rsquo;\u00e9tais attir\u00e9e par le m\u00e9tier de m\u00e9decin, pour aider et servir les gens, mais la science n&rsquo;\u00e9tait pas mon point fort. J&rsquo;aimais la musique, mais je pensais que je n&rsquo;\u00e9tais pas assez bonne. Finalement, j&rsquo;ai trouv\u00e9 un moyen de combiner mes int\u00e9r\u00eats avec quelque chose d&rsquo;utile : le journalisme, et ma premi\u00e8re tentative en tant qu&rsquo;apprenti a \u00e9t\u00e9 publi\u00e9e imm\u00e9diatement.<\/em><\/p>\n<p><em>Cependant, gr\u00e2ce \u00e0 la spiritualit\u00e9 de la communion, j&rsquo;ai d\u00e9couvert un sens plus profond \u00e0 ce domaine : la communication est essentielle pour construire une communaut\u00e9 et un sens de la famille ! La fa\u00e7on avec laquelle je communique influence les personnes qui m&rsquo;entourent et, \u00e0 plus grande \u00e9chelle, la soci\u00e9t\u00e9. J&rsquo;avais trouv\u00e9 ma vocation professionnelle et j&rsquo;ai obtenu une ma\u00eetrise en communication.<\/em><\/p>\n<p><em>Durant ma carri\u00e8re, j&rsquo;ai d\u00fb me plier aux attentes des quotidiens pour lesquels je travaillais. Alors que j&rsquo;\u00e9tais convaincue que les nouvelles positives avaient leur place et que je souhaitais que les personnes puissent r\u00e9fl\u00e9chir sur et d\u00e9couvrir l&rsquo;humanit\u00e9 comme une seule famille, les entreprises dictaient que seules les nouvelles n\u00e9gatives se vendaient bien.<\/em><\/p>\n<p><em>En essayant de rester fid\u00e8le \u00e0 mes valeurs, mais en faisant preuve de cr\u00e9ativit\u00e9, j&rsquo;ai r\u00e9ussi \u00e0 apporter mon point de vue. En \u00e9crivant sur la d\u00e9linquance juv\u00e9nile, je me suis demand\u00e9 pourquoi de nombreux jeunes devenaient des criminels et ce que l&rsquo;on peut faire en pr\u00e9vention. \u00c0 une autre occasion, j&rsquo;ai \u00e9crit sur une initiative qui tentait de servir de m\u00e9diateur dans de petits conflits, en aidant les gens \u00e0 comprendre que cela aidait \u00e0 la fois les victimes \u00e0 gu\u00e9rir et les criminels \u00e0 changer.<\/em><\/p>\n<p><em>Mais l&rsquo;\u00e9l\u00e9ment le plus important n&rsquo;\u00e9tait pas tant ce que j&rsquo;\u00e9crivais ou proposais, mais la fa\u00e7on dont je traitais les personnes. En \u00e9coutant et en \u00e9tant honn\u00eate, j&rsquo;ai pu comprendre les personnes et \u00e9tablir des relations, tant sur mon lieu de travail qu&rsquo;avec les personnes que j&rsquo;ai interrog\u00e9es.<\/em><\/p>\n<p><em>Je me souviens particuli\u00e8rement d&rsquo;un article que j&rsquo;ai d\u00fb \u00e9crire sur les membres d&rsquo;une secte qui violaient une loi. Il \u00e9tait si facile d&rsquo;\u00e9crire quelque chose de n\u00e9gatif, mais je me suis ensuite souvenue : et si j&rsquo;\u00e9tais \u00e0 leur place ? J&rsquo;ai donc essay\u00e9 d&rsquo;\u00e9couter avec un esprit ouvert et de garder la charit\u00e9 comme base de mon article, tout en communiquant la v\u00e9rit\u00e9.<\/em><\/p>\n<p><em>Le lendemain de la publication de l&rsquo;article, la femme m&rsquo;a appel\u00e9e et m&rsquo;a remerci\u00e9e parce qu&rsquo;elle avait l&rsquo;impression que je l&rsquo;avais trait\u00e9e avec dignit\u00e9. Je suis reconnaissante d&rsquo;avoir plac\u00e9 ma foi \u00e0 la base de ma carri\u00e8re ; cela m&rsquo;a aid\u00e9e \u00e0 r\u00e9ussir dans ma carri\u00e8re tout en \u00e9tant en mesure de me regarder chaque matin dans le miroir sans aucun regret.<\/em><\/p>\n<p><em>&#8211; Susanne<\/em><\/p>\n<p>(Lire d&rsquo;autres histoires comme celle-ci dans <a href=\"https:\/\/livingcitymagazine.com\/\" target=\"_blank\" rel=\"noopener noreferrer\">Living City Magazine<\/a>)[\/vc_column_text]<div class=\"grve-empty-space grve-height-1x\" style=\"\"><\/div><style type=\"text\/css\">.grve-title-gradient.grve-title-69e9d47a0c2dd > span,.grve-title-gradient.grve-title-69e9d47a0c2dd .grve-clipping-content > span {color: #3f90b9;background-image: -moz-linear-gradient(-45deg, #3f90b9 0%, #3f90b9 100%);background-image: -webkit-linear-gradient(-45deg, #3f90b9 0%, #3f90b9 100%);background-image: linear-gradient(135deg, #3f90b9 0%, #3f90b9 100%);}<\/style><h3 class=\"grve-element grve-title grve-align-left grve-h3 grve-title-gradient grve-title-69e9d47a0c2dd\" style=\"\"><span>Ressources<span class=\"grve-title-line grve-bg-primary-1\" style=\"width: 50px;height: 2px;\"><\/span><\/span><\/h3>[vc_column_text]<\/p>\n<ul>\n<li><a href=\"https:\/\/livingcitymagazine.com\/\" target=\"_blank\" rel=\"noopener noreferrer\">Living City Magazine: the magazine of the Focolare in North America<\/a><\/li>\n<li><a href=\"http:\/\/www.newcitypress.com\" target=\"_blank\" rel=\"noopener noreferrer\">New City Press: the publishing house of the Focolare in North America<\/a><\/li>\n<li><a href=\"http:\/\/collegamentoch.focolare.org\/en\/\" target=\"_blank\" rel=\"noopener noreferrer\">International News from the Focolare\u00a0<\/a><\/li>\n<\/ul>\n<p>[\/vc_column_text][\/vc_column][vc_column width=\u00a0\u00bb1\/3&Prime;][vc_widget_sidebar sidebar_id=\u00a0\u00bbmovedo_grve_sidebar_5eb8a3b20c582&Prime;][\/vc_column][\/vc_row]<\/p>\n<\/div>","protected":false},"excerpt":{"rendered":"<p>[vc_row][vc_column width=\u00a0\u00bb2\/3&Prime;][vc_column_text]La spiritualit\u00e9 des Focolari d\u00e9finit sept domaines de la vie, chacun \u00e9tant une fa\u00e7on d&rsquo;exprimer l&rsquo;amour. Rien n&rsquo;est plus ou moins important, plus ou moins sacr\u00e9. \u00ab\u00a0L&rsquo;amour est lumi\u00e8re\u00a0\u00bb, explique Chiara Lubich. Lorsque la lumi\u00e8re claire traverse un prisme, ou m\u00eame une goutte d&rsquo;eau, elle se r\u00e9fracte dans les sept couleurs de l&rsquo;arc-en-ciel : [&hellip;]<\/p>\n","protected":false},"author":2,"featured_media":2679,"parent":2795,"menu_order":0,"comment_status":"closed","ping_status":"closed","template":"","meta":{"footnotes":""},"class_list":["post-2829","page","type-page","status-publish","has-post-thumbnail","hentry"],"yoast_head":"<!-- This site is optimized with the Yoast SEO plugin v27.4 - https:\/\/yoast.com\/product\/yoast-seo-wordpress\/ -->\n<title>Communication et m\u00e9dias - Focolare in the US and Canada<\/title>\n<meta name=\"description\" content=\"Si l&#039;objectif est de renforcer l&#039;unit\u00e9 dans le monde, nous devons bien communiquer les uns avec les autres, et souvent.\" \/>\n<meta name=\"robots\" content=\"index, follow, max-snippet:-1, max-image-preview:large, max-video-preview:-1\" \/>\n<link rel=\"canonical\" href=\"https:\/\/www.focolare.us\/fr\/life-in-color\/violet\/\" \/>\n<meta property=\"og:locale\" content=\"fr_FR\" \/>\n<meta property=\"og:type\" content=\"article\" \/>\n<meta property=\"og:title\" content=\"Communication et m\u00e9dias - Focolare in the US and Canada\" \/>\n<meta property=\"og:description\" content=\"Si l&#039;objectif est de renforcer l&#039;unit\u00e9 dans le monde, nous devons bien communiquer les uns avec les autres, et souvent.\" \/>\n<meta property=\"og:url\" content=\"https:\/\/www.focolare.us\/fr\/life-in-color\/violet\/\" \/>\n<meta property=\"og:site_name\" content=\"Focolare in the US and Canada\" \/>\n<meta property=\"article:modified_time\" content=\"2021-09-23T01:36:34+00:00\" \/>\n<meta property=\"og:image\" content=\"https:\/\/www.focolare.us\/wp-content\/uploads\/2020\/07\/violet.jpg\" \/>\n\t<meta property=\"og:image:width\" content=\"1400\" \/>\n\t<meta property=\"og:image:height\" content=\"425\" \/>\n\t<meta property=\"og:image:type\" content=\"image\/jpeg\" \/>\n<meta name=\"twitter:card\" content=\"summary_large_image\" \/>\n<meta name=\"twitter:label1\" content=\"Dur\u00e9e de lecture estim\u00e9e\" \/>\n\t<meta name=\"twitter:data1\" content=\"4 minutes\" \/>\n<script type=\"application\/ld+json\" class=\"yoast-schema-graph\">{\"@context\":\"https:\\\/\\\/schema.org\",\"@graph\":[{\"@type\":\"WebPage\",\"@id\":\"https:\\\/\\\/www.focolare.us\\\/fr\\\/life-in-color\\\/violet\\\/\",\"url\":\"https:\\\/\\\/www.focolare.us\\\/fr\\\/life-in-color\\\/violet\\\/\",\"name\":\"Communication et m\u00e9dias - Focolare in the US and Canada\",\"isPartOf\":{\"@id\":\"https:\\\/\\\/www.focolare.us\\\/fr\\\/#website\"},\"primaryImageOfPage\":{\"@id\":\"https:\\\/\\\/www.focolare.us\\\/fr\\\/life-in-color\\\/violet\\\/#primaryimage\"},\"image\":{\"@id\":\"https:\\\/\\\/www.focolare.us\\\/fr\\\/life-in-color\\\/violet\\\/#primaryimage\"},\"thumbnailUrl\":\"https:\\\/\\\/www.focolare.us\\\/wp-content\\\/uploads\\\/2020\\\/07\\\/violet.jpg\",\"datePublished\":\"2020-05-11T05:36:27+00:00\",\"dateModified\":\"2021-09-23T01:36:34+00:00\",\"description\":\"Si l'objectif est de renforcer l'unit\u00e9 dans le monde, nous devons bien communiquer les uns avec les autres, et souvent.\",\"breadcrumb\":{\"@id\":\"https:\\\/\\\/www.focolare.us\\\/fr\\\/life-in-color\\\/violet\\\/#breadcrumb\"},\"inLanguage\":\"fr-FR\",\"potentialAction\":[{\"@type\":\"ReadAction\",\"target\":[\"https:\\\/\\\/www.focolare.us\\\/fr\\\/life-in-color\\\/violet\\\/\"]}]},{\"@type\":\"ImageObject\",\"inLanguage\":\"fr-FR\",\"@id\":\"https:\\\/\\\/www.focolare.us\\\/fr\\\/life-in-color\\\/violet\\\/#primaryimage\",\"url\":\"https:\\\/\\\/www.focolare.us\\\/wp-content\\\/uploads\\\/2020\\\/07\\\/violet.jpg\",\"contentUrl\":\"https:\\\/\\\/www.focolare.us\\\/wp-content\\\/uploads\\\/2020\\\/07\\\/violet.jpg\",\"width\":1400,\"height\":425},{\"@type\":\"BreadcrumbList\",\"@id\":\"https:\\\/\\\/www.focolare.us\\\/fr\\\/life-in-color\\\/violet\\\/#breadcrumb\",\"itemListElement\":[{\"@type\":\"ListItem\",\"position\":1,\"name\":\"Home\",\"item\":\"https:\\\/\\\/www.focolare.us\\\/fr\\\/\"},{\"@type\":\"ListItem\",\"position\":2,\"name\":\"La vie en couleur\",\"item\":\"https:\\\/\\\/www.focolare.us\\\/fr\\\/life-in-color\\\/\"},{\"@type\":\"ListItem\",\"position\":3,\"name\":\"Violet\"}]},{\"@type\":\"WebSite\",\"@id\":\"https:\\\/\\\/www.focolare.us\\\/fr\\\/#website\",\"url\":\"https:\\\/\\\/www.focolare.us\\\/fr\\\/\",\"name\":\"Focolare in the US and Canada\",\"description\":\"Living for Unity in the US and Canada\",\"publisher\":{\"@id\":\"https:\\\/\\\/www.focolare.us\\\/fr\\\/#organization\"},\"potentialAction\":[{\"@type\":\"SearchAction\",\"target\":{\"@type\":\"EntryPoint\",\"urlTemplate\":\"https:\\\/\\\/www.focolare.us\\\/fr\\\/?s={search_term_string}\"},\"query-input\":{\"@type\":\"PropertyValueSpecification\",\"valueRequired\":true,\"valueName\":\"search_term_string\"}}],\"inLanguage\":\"fr-FR\"},{\"@type\":\"Organization\",\"@id\":\"https:\\\/\\\/www.focolare.us\\\/fr\\\/#organization\",\"name\":\"Focolare Movement\",\"url\":\"https:\\\/\\\/www.focolare.us\\\/fr\\\/\",\"logo\":{\"@type\":\"ImageObject\",\"inLanguage\":\"fr-FR\",\"@id\":\"https:\\\/\\\/www.focolare.us\\\/fr\\\/#\\\/schema\\\/logo\\\/image\\\/\",\"url\":\"https:\\\/\\\/www.focolare.us\\\/wp-content\\\/uploads\\\/2019\\\/08\\\/focolare_inglese_RGB.png\",\"contentUrl\":\"https:\\\/\\\/www.focolare.us\\\/wp-content\\\/uploads\\\/2019\\\/08\\\/focolare_inglese_RGB.png\",\"width\":200,\"height\":184,\"caption\":\"Focolare Movement\"},\"image\":{\"@id\":\"https:\\\/\\\/www.focolare.us\\\/fr\\\/#\\\/schema\\\/logo\\\/image\\\/\"},\"sameAs\":[\"https:\\\/\\\/en.wikipedia.org\\\/wiki\\\/Focolare_Movement\"]}]}<\/script>\n<!-- \/ Yoast SEO plugin. -->","yoast_head_json":{"title":"Communication et m\u00e9dias - Focolare in the US and Canada","description":"Si l'objectif est de renforcer l'unit\u00e9 dans le monde, nous devons bien communiquer les uns avec les autres, et souvent.","robots":{"index":"index","follow":"follow","max-snippet":"max-snippet:-1","max-image-preview":"max-image-preview:large","max-video-preview":"max-video-preview:-1"},"canonical":"https:\/\/www.focolare.us\/fr\/life-in-color\/violet\/","og_locale":"fr_FR","og_type":"article","og_title":"Communication et m\u00e9dias - Focolare in the US and Canada","og_description":"Si l'objectif est de renforcer l'unit\u00e9 dans le monde, nous devons bien communiquer les uns avec les autres, et souvent.","og_url":"https:\/\/www.focolare.us\/fr\/life-in-color\/violet\/","og_site_name":"Focolare in the US and Canada","article_modified_time":"2021-09-23T01:36:34+00:00","og_image":[{"width":1400,"height":425,"url":"https:\/\/www.focolare.us\/wp-content\/uploads\/2020\/07\/violet.jpg","type":"image\/jpeg"}],"twitter_card":"summary_large_image","twitter_misc":{"Dur\u00e9e de lecture estim\u00e9e":"4 minutes"},"schema":{"@context":"https:\/\/schema.org","@graph":[{"@type":"WebPage","@id":"https:\/\/www.focolare.us\/fr\/life-in-color\/violet\/","url":"https:\/\/www.focolare.us\/fr\/life-in-color\/violet\/","name":"Communication et m\u00e9dias - Focolare in the US and Canada","isPartOf":{"@id":"https:\/\/www.focolare.us\/fr\/#website"},"primaryImageOfPage":{"@id":"https:\/\/www.focolare.us\/fr\/life-in-color\/violet\/#primaryimage"},"image":{"@id":"https:\/\/www.focolare.us\/fr\/life-in-color\/violet\/#primaryimage"},"thumbnailUrl":"https:\/\/www.focolare.us\/wp-content\/uploads\/2020\/07\/violet.jpg","datePublished":"2020-05-11T05:36:27+00:00","dateModified":"2021-09-23T01:36:34+00:00","description":"Si l'objectif est de renforcer l'unit\u00e9 dans le monde, nous devons bien communiquer les uns avec les autres, et souvent.","breadcrumb":{"@id":"https:\/\/www.focolare.us\/fr\/life-in-color\/violet\/#breadcrumb"},"inLanguage":"fr-FR","potentialAction":[{"@type":"ReadAction","target":["https:\/\/www.focolare.us\/fr\/life-in-color\/violet\/"]}]},{"@type":"ImageObject","inLanguage":"fr-FR","@id":"https:\/\/www.focolare.us\/fr\/life-in-color\/violet\/#primaryimage","url":"https:\/\/www.focolare.us\/wp-content\/uploads\/2020\/07\/violet.jpg","contentUrl":"https:\/\/www.focolare.us\/wp-content\/uploads\/2020\/07\/violet.jpg","width":1400,"height":425},{"@type":"BreadcrumbList","@id":"https:\/\/www.focolare.us\/fr\/life-in-color\/violet\/#breadcrumb","itemListElement":[{"@type":"ListItem","position":1,"name":"Home","item":"https:\/\/www.focolare.us\/fr\/"},{"@type":"ListItem","position":2,"name":"La vie en couleur","item":"https:\/\/www.focolare.us\/fr\/life-in-color\/"},{"@type":"ListItem","position":3,"name":"Violet"}]},{"@type":"WebSite","@id":"https:\/\/www.focolare.us\/fr\/#website","url":"https:\/\/www.focolare.us\/fr\/","name":"Focolare in the US and Canada","description":"Living for Unity in the US and Canada","publisher":{"@id":"https:\/\/www.focolare.us\/fr\/#organization"},"potentialAction":[{"@type":"SearchAction","target":{"@type":"EntryPoint","urlTemplate":"https:\/\/www.focolare.us\/fr\/?s={search_term_string}"},"query-input":{"@type":"PropertyValueSpecification","valueRequired":true,"valueName":"search_term_string"}}],"inLanguage":"fr-FR"},{"@type":"Organization","@id":"https:\/\/www.focolare.us\/fr\/#organization","name":"Focolare Movement","url":"https:\/\/www.focolare.us\/fr\/","logo":{"@type":"ImageObject","inLanguage":"fr-FR","@id":"https:\/\/www.focolare.us\/fr\/#\/schema\/logo\/image\/","url":"https:\/\/www.focolare.us\/wp-content\/uploads\/2019\/08\/focolare_inglese_RGB.png","contentUrl":"https:\/\/www.focolare.us\/wp-content\/uploads\/2019\/08\/focolare_inglese_RGB.png","width":200,"height":184,"caption":"Focolare Movement"},"image":{"@id":"https:\/\/www.focolare.us\/fr\/#\/schema\/logo\/image\/"},"sameAs":["https:\/\/en.wikipedia.org\/wiki\/Focolare_Movement"]}]}},"_links":{"self":[{"href":"https:\/\/www.focolare.us\/fr\/wp-json\/wp\/v2\/pages\/2829","targetHints":{"allow":["GET"]}}],"collection":[{"href":"https:\/\/www.focolare.us\/fr\/wp-json\/wp\/v2\/pages"}],"about":[{"href":"https:\/\/www.focolare.us\/fr\/wp-json\/wp\/v2\/types\/page"}],"author":[{"embeddable":true,"href":"https:\/\/www.focolare.us\/fr\/wp-json\/wp\/v2\/users\/2"}],"replies":[{"embeddable":true,"href":"https:\/\/www.focolare.us\/fr\/wp-json\/wp\/v2\/comments?post=2829"}],"version-history":[{"count":2,"href":"https:\/\/www.focolare.us\/fr\/wp-json\/wp\/v2\/pages\/2829\/revisions"}],"predecessor-version":[{"id":2831,"href":"https:\/\/www.focolare.us\/fr\/wp-json\/wp\/v2\/pages\/2829\/revisions\/2831"}],"up":[{"embeddable":true,"href":"https:\/\/www.focolare.us\/fr\/wp-json\/wp\/v2\/pages\/2795"}],"wp:featuredmedia":[{"embeddable":true,"href":"https:\/\/www.focolare.us\/fr\/wp-json\/wp\/v2\/media\/2679"}],"wp:attachment":[{"href":"https:\/\/www.focolare.us\/fr\/wp-json\/wp\/v2\/media?parent=2829"}],"curies":[{"name":"wp","href":"https:\/\/api.w.org\/{rel}","templated":true}]}}