{"id":2817,"date":"2020-05-11T02:25:32","date_gmt":"2020-05-11T02:25:32","guid":{"rendered":"https:\/\/www.focolare.us\/life-in-color\/yellow\/"},"modified":"2021-09-23T01:24:20","modified_gmt":"2021-09-23T01:24:20","slug":"yellow","status":"publish","type":"page","link":"https:\/\/www.focolare.us\/fr\/life-in-color\/yellow\/","title":{"rendered":"Jaune"},"content":{"rendered":"<div class=\"wpb-content-wrapper\"><p>[vc_row][vc_column width=\u00a0\u00bb2\/3&Prime;][vc_column_text]<em>La spiritualit\u00e9 des Focolari d\u00e9finit sept domaines de la vie, chacun \u00e9tant une fa\u00e7on d&rsquo;exprimer l&rsquo;amour. Rien n&rsquo;est plus ou moins important, plus ou moins sacr\u00e9. \u00ab\u00a0L&rsquo;amour est lumi\u00e8re\u00a0\u00bb, explique Chiara Lubich. Lorsque la lumi\u00e8re claire traverse un prisme, ou m\u00eame une goutte d&rsquo;eau, elle se r\u00e9fracte dans les sept couleurs de l&rsquo;arc-en-ciel : rouge, orange, jaune, vert, bleu, indigo et violet. Et tout comme cette lumi\u00e8re se divise en diff\u00e9rentes couleurs, l&rsquo;amour a lui aussi une mani\u00e8re de s&rsquo;exprimer en autant de fa\u00e7ons.<br \/>\nRessources<\/em>[\/vc_column_text]<div class=\"grve-empty-space grve-height-1x\" style=\"\"><\/div><style type=\"text\/css\">.grve-title-gradient.grve-title-69e9d645e98f0 > span,.grve-title-gradient.grve-title-69e9d645e98f0 .grve-clipping-content > span {color: #3f90b9;background-image: -moz-linear-gradient(-45deg, #3f90b9 0%, #3f90b9 100%);background-image: -webkit-linear-gradient(-45deg, #3f90b9 0%, #3f90b9 100%);background-image: linear-gradient(135deg, #3f90b9 0%, #3f90b9 100%);}<\/style><h3 class=\"grve-element grve-title grve-align-left grve-h3 grve-title-gradient grve-title-69e9d645e98f0\" style=\"\"><span>L&rsquo;amour \u00e9l\u00e8ve.<span class=\"grve-title-line grve-bg-primary-1\" style=\"width: 50px;height: 2px;\"><\/span><\/span><\/h3>[vc_column_text]L&rsquo;exp\u00e9rience de l&rsquo;amour \u00e9l\u00e8ve l&rsquo;\u00e2me. L&rsquo;amour est toujours une relation, et ici, il s&rsquo;agit de celle que nous avons avec le divin. Pour la faire grandir, nous devons prendre le temps, et bien s\u00fbr ne pas accaparer la conversation.<\/p>\n<p>\u00ab\u00a0La pri\u00e8re ne consiste pas seulement \u00e0 consacrer un certain temps dans la journ\u00e9e \u00e0 la m\u00e9diation ou \u00e0 la lecture des \u00e9critures sacr\u00e9es, \u00e0 des r\u00e9flexions sur Dieu ou sur nous-m\u00eames dans le but d&rsquo;am\u00e9liorer notre vie int\u00e9rieure\u00a0\u00bb, a d\u00e9clar\u00e9 Pasquale Foresi, l&rsquo;un des cofondateurs du mouvement. \u00ab\u00a0Une personne peut faire ces choses toute la journ\u00e9e et pourtant ne jamais avoir r\u00e9ellement pri\u00e9\u00a0\u00bb.<\/p>\n<p>Chiara nous a enseign\u00e9 comment nous pouvons prier en permanence lorsque nous aimons \u00e0 chaque moment pr\u00e9sent. Il se peut m\u00eame que nous soyons appel\u00e9s \u00e0 renoncer \u00e0 notre pri\u00e8re ou \u00e0 notre m\u00e9ditation pour aimer notre prochain. Mais cela aussi peut \u00eatre une pri\u00e8re.<\/p>\n<p>Le \u00ab\u00a0jaune\u00a0\u00bb est donc une question de spiritualit\u00e9. Lorsque l&rsquo;amour se r\u00e9fracte comme la lumi\u00e8re en \u00a0\u00bb jaune \u00ab\u00a0, il brille sur ces aspects de la vie :<\/p>\n<ul>\n<li>Le moment pr\u00e9sent<\/li>\n<li>La m\u00e9ditation<\/li>\n<li>La pri\u00e8re<\/li>\n<li>Notre union avec Dieu<\/li>\n<li>Les rites, les rituels, les pratiques religieuses.<\/li>\n<li>L&rsquo;\u00e9thique et la loi<\/li>\n<\/ul>\n<p>[\/vc_column_text]<div class=\"grve-empty-space grve-height-1x\" style=\"\"><\/div><style type=\"text\/css\">.grve-title-gradient.grve-title-69e9d645e994e > span,.grve-title-gradient.grve-title-69e9d645e994e .grve-clipping-content > span {color: #3f90b9;background-image: -moz-linear-gradient(-45deg, #3f90b9 0%, #3f90b9 100%);background-image: -webkit-linear-gradient(-45deg, #3f90b9 0%, #3f90b9 100%);background-image: linear-gradient(135deg, #3f90b9 0%, #3f90b9 100%);}<\/style><h3 class=\"grve-element grve-title grve-align-left grve-h3 grve-title-gradient grve-title-69e9d645e994e\" style=\"\"><span>Ce que cela signifie pour moi<span class=\"grve-title-line grve-bg-primary-1\" style=\"width: 50px;height: 2px;\"><\/span><\/span><\/h3>[vc_column_text]<em>L&rsquo;ann\u00e9e derni\u00e8re, je me suis retrouv\u00e9 dans un h\u00f4pital o\u00f9 je devais subir une intervention chirurgicale. Je crois que Dieu connaissait mes mots confidentiels, les probl\u00e8mes auxquels je faisais face et les soupirs qui m&rsquo;habitaient. Apr\u00e8s avoir \u00e9t\u00e9 admis \u00e0 l&rsquo;h\u00f4pital, j&rsquo;ai d\u00fb attendre quelques jours avant l&rsquo;op\u00e9ration, ce qui \u00e9tait un peu stressant.<\/em><\/p>\n<p><em>Il y avait un crucifix sur le mur de ma chambre. Pendant cette attente, je me concentrais sur lui et je trouvais courage et paix car il me rappelait que, m\u00eame dans ma souffrance, j&rsquo;\u00e9tais dans les mains de Dieu.<\/em><\/p>\n<p><em>L&rsquo;op\u00e9ration s&rsquo;est bien d\u00e9roul\u00e9e, ce dont je suis reconnaissant, mais il y a eu des moments de peur et d&rsquo;inconfort, c&rsquo;est le moins que l&rsquo;on puisse dire. Apr\u00e8s l&rsquo;op\u00e9ration, j&rsquo;avais l&rsquo;impression d&rsquo;avoir \u00e9t\u00e9 renvers\u00e9 par un camion Mack, et je n&rsquo;avais jamais \u00e9t\u00e9 aussi fatigu\u00e9 de toute ma vie. Au fond, je voulais juste qu&rsquo;on me laisse tranquille et dormir, mais comme tous ceux qui ont \u00e9t\u00e9 hospitalis\u00e9s le savent, les m\u00e9decins et les infirmi\u00e8res ont d&rsquo;autres plans pour vous.<\/em><\/p>\n<p><em>Je me suis souvenu que Chiara Lubich nous encourageait \u00e0 embrasser la croix dans nos souffrances et \u00e0 les offrir comme J\u00e9sus l&rsquo;a fait. M\u00eame \u00e0 l&rsquo;h\u00f4pital, je voulais apporter son amour aux autres, alors quand on me r\u00e9veillait toutes les quelques heures pour v\u00e9rifier des choses, j&rsquo;essayais de sourire et d&rsquo;\u00eatre joyeux.<\/em><\/p>\n<p><em>J&rsquo;ai pass\u00e9 un certain temps \u00e0 l&rsquo;h\u00f4pital et j&rsquo;ai donc eu l&rsquo;occasion d&rsquo;interagir avec de nombreux membres du personnel hospitalier. Je voulais non seulement \u00eatre amical, mais aussi leur faire go\u00fbter \u00e0 l&rsquo;amour de Dieu. Recevoir l&rsquo;Eucharistie et ressentir la puissance de toutes les pri\u00e8res que beaucoup disaient pour moi m&rsquo;ont donn\u00e9 la gr\u00e2ce de r\u00e9pondre si souvent avec son amour.<\/em><\/p>\n<p><em>Un fruit de cela, je pense, est que lorsqu&rsquo;il \u00e9tait temps pour un membre du personnel d&rsquo;accompagner les patients qui devaient marcher dans les couloirs plusieurs fois par jour pour faire de l&rsquo;exercice, il demandait souvent \u00e0 marcher avec moi. Je crois qu&rsquo;ils \u00e9taient attir\u00e9s par la paix et la joie qui d\u00e9coulaient de ma confiance en Dieu et de la pr\u00e9sence de J\u00e9sus que ma femme, mes amis et moi-m\u00eame avons essay\u00e9 de garder parmi nous en aimant.<\/em><\/p>\n<p><em>&#8211; Bob<\/em><\/p>\n<p>(Lire d&rsquo;autres histoires comme celle-ci dans <a href=\"https:\/\/livingcitymagazine.com\/\" target=\"_blank\" rel=\"noopener noreferrer\">Living City Magazine<\/a>)[\/vc_column_text][\/vc_column][vc_column width=\u00a0\u00bb1\/3&Prime;][vc_widget_sidebar sidebar_id=\u00a0\u00bbmovedo_grve_sidebar_5eb8a3b20c582&Prime;][\/vc_column][\/vc_row]<\/p>\n<\/div>","protected":false},"excerpt":{"rendered":"<p>[vc_row][vc_column width=\u00a0\u00bb2\/3&Prime;][vc_column_text]La spiritualit\u00e9 des Focolari d\u00e9finit sept domaines de la vie, chacun \u00e9tant une fa\u00e7on d&rsquo;exprimer l&rsquo;amour. Rien n&rsquo;est plus ou moins important, plus ou moins sacr\u00e9. \u00ab\u00a0L&rsquo;amour est lumi\u00e8re\u00a0\u00bb, explique Chiara Lubich. Lorsque la lumi\u00e8re claire traverse un prisme, ou m\u00eame une goutte d&rsquo;eau, elle se r\u00e9fracte dans les sept couleurs de l&rsquo;arc-en-ciel : [&hellip;]<\/p>\n","protected":false},"author":2,"featured_media":2666,"parent":2795,"menu_order":0,"comment_status":"closed","ping_status":"closed","template":"","meta":{"footnotes":""},"class_list":["post-2817","page","type-page","status-publish","has-post-thumbnail","hentry"],"yoast_head":"<!-- This site is optimized with the Yoast SEO plugin v27.4 - https:\/\/yoast.com\/product\/yoast-seo-wordpress\/ -->\n<title>Spiritualit\u00e9 et pri\u00e8re - Focolare in the US and Canada<\/title>\n<meta name=\"description\" content=\"L&#039;exp\u00e9rience de l&#039;amour \u00e9l\u00e8ve l&#039;\u00e2me.\" \/>\n<meta name=\"robots\" content=\"index, follow, max-snippet:-1, max-image-preview:large, max-video-preview:-1\" \/>\n<link rel=\"canonical\" href=\"https:\/\/www.focolare.us\/fr\/life-in-color\/yellow\/\" \/>\n<meta property=\"og:locale\" content=\"fr_FR\" \/>\n<meta property=\"og:type\" content=\"article\" \/>\n<meta property=\"og:title\" content=\"Spiritualit\u00e9 et pri\u00e8re - Focolare in the US and Canada\" \/>\n<meta property=\"og:description\" content=\"L&#039;exp\u00e9rience de l&#039;amour \u00e9l\u00e8ve l&#039;\u00e2me.\" \/>\n<meta property=\"og:url\" content=\"https:\/\/www.focolare.us\/fr\/life-in-color\/yellow\/\" \/>\n<meta property=\"og:site_name\" content=\"Focolare in the US and Canada\" \/>\n<meta property=\"article:modified_time\" content=\"2021-09-23T01:24:20+00:00\" \/>\n<meta property=\"og:image\" content=\"https:\/\/www.focolare.us\/wp-content\/uploads\/2019\/10\/Yellow.png\" \/>\n\t<meta property=\"og:image:width\" content=\"1400\" \/>\n\t<meta property=\"og:image:height\" content=\"425\" \/>\n\t<meta property=\"og:image:type\" content=\"image\/png\" \/>\n<meta name=\"twitter:card\" content=\"summary_large_image\" \/>\n<meta name=\"twitter:label1\" content=\"Dur\u00e9e de lecture estim\u00e9e\" \/>\n\t<meta name=\"twitter:data1\" content=\"3 minutes\" \/>\n<script type=\"application\/ld+json\" class=\"yoast-schema-graph\">{\"@context\":\"https:\\\/\\\/schema.org\",\"@graph\":[{\"@type\":\"WebPage\",\"@id\":\"https:\\\/\\\/www.focolare.us\\\/fr\\\/life-in-color\\\/yellow\\\/\",\"url\":\"https:\\\/\\\/www.focolare.us\\\/fr\\\/life-in-color\\\/yellow\\\/\",\"name\":\"Spiritualit\u00e9 et pri\u00e8re - Focolare in the US and Canada\",\"isPartOf\":{\"@id\":\"https:\\\/\\\/www.focolare.us\\\/fr\\\/#website\"},\"primaryImageOfPage\":{\"@id\":\"https:\\\/\\\/www.focolare.us\\\/fr\\\/life-in-color\\\/yellow\\\/#primaryimage\"},\"image\":{\"@id\":\"https:\\\/\\\/www.focolare.us\\\/fr\\\/life-in-color\\\/yellow\\\/#primaryimage\"},\"thumbnailUrl\":\"https:\\\/\\\/www.focolare.us\\\/wp-content\\\/uploads\\\/2019\\\/10\\\/Yellow.png\",\"datePublished\":\"2020-05-11T02:25:32+00:00\",\"dateModified\":\"2021-09-23T01:24:20+00:00\",\"description\":\"L'exp\u00e9rience de l'amour \u00e9l\u00e8ve l'\u00e2me.\",\"breadcrumb\":{\"@id\":\"https:\\\/\\\/www.focolare.us\\\/fr\\\/life-in-color\\\/yellow\\\/#breadcrumb\"},\"inLanguage\":\"fr-FR\",\"potentialAction\":[{\"@type\":\"ReadAction\",\"target\":[\"https:\\\/\\\/www.focolare.us\\\/fr\\\/life-in-color\\\/yellow\\\/\"]}]},{\"@type\":\"ImageObject\",\"inLanguage\":\"fr-FR\",\"@id\":\"https:\\\/\\\/www.focolare.us\\\/fr\\\/life-in-color\\\/yellow\\\/#primaryimage\",\"url\":\"https:\\\/\\\/www.focolare.us\\\/wp-content\\\/uploads\\\/2019\\\/10\\\/Yellow.png\",\"contentUrl\":\"https:\\\/\\\/www.focolare.us\\\/wp-content\\\/uploads\\\/2019\\\/10\\\/Yellow.png\",\"width\":1400,\"height\":425},{\"@type\":\"BreadcrumbList\",\"@id\":\"https:\\\/\\\/www.focolare.us\\\/fr\\\/life-in-color\\\/yellow\\\/#breadcrumb\",\"itemListElement\":[{\"@type\":\"ListItem\",\"position\":1,\"name\":\"Home\",\"item\":\"https:\\\/\\\/www.focolare.us\\\/fr\\\/\"},{\"@type\":\"ListItem\",\"position\":2,\"name\":\"La vie en couleur\",\"item\":\"https:\\\/\\\/www.focolare.us\\\/fr\\\/life-in-color\\\/\"},{\"@type\":\"ListItem\",\"position\":3,\"name\":\"Jaune\"}]},{\"@type\":\"WebSite\",\"@id\":\"https:\\\/\\\/www.focolare.us\\\/fr\\\/#website\",\"url\":\"https:\\\/\\\/www.focolare.us\\\/fr\\\/\",\"name\":\"Focolare in the US and Canada\",\"description\":\"Living for Unity in the US and Canada\",\"publisher\":{\"@id\":\"https:\\\/\\\/www.focolare.us\\\/fr\\\/#organization\"},\"potentialAction\":[{\"@type\":\"SearchAction\",\"target\":{\"@type\":\"EntryPoint\",\"urlTemplate\":\"https:\\\/\\\/www.focolare.us\\\/fr\\\/?s={search_term_string}\"},\"query-input\":{\"@type\":\"PropertyValueSpecification\",\"valueRequired\":true,\"valueName\":\"search_term_string\"}}],\"inLanguage\":\"fr-FR\"},{\"@type\":\"Organization\",\"@id\":\"https:\\\/\\\/www.focolare.us\\\/fr\\\/#organization\",\"name\":\"Focolare Movement\",\"url\":\"https:\\\/\\\/www.focolare.us\\\/fr\\\/\",\"logo\":{\"@type\":\"ImageObject\",\"inLanguage\":\"fr-FR\",\"@id\":\"https:\\\/\\\/www.focolare.us\\\/fr\\\/#\\\/schema\\\/logo\\\/image\\\/\",\"url\":\"https:\\\/\\\/www.focolare.us\\\/wp-content\\\/uploads\\\/2019\\\/08\\\/focolare_inglese_RGB.png\",\"contentUrl\":\"https:\\\/\\\/www.focolare.us\\\/wp-content\\\/uploads\\\/2019\\\/08\\\/focolare_inglese_RGB.png\",\"width\":200,\"height\":184,\"caption\":\"Focolare Movement\"},\"image\":{\"@id\":\"https:\\\/\\\/www.focolare.us\\\/fr\\\/#\\\/schema\\\/logo\\\/image\\\/\"},\"sameAs\":[\"https:\\\/\\\/en.wikipedia.org\\\/wiki\\\/Focolare_Movement\"]}]}<\/script>\n<!-- \/ Yoast SEO plugin. -->","yoast_head_json":{"title":"Spiritualit\u00e9 et pri\u00e8re - Focolare in the US and Canada","description":"L'exp\u00e9rience de l'amour \u00e9l\u00e8ve l'\u00e2me.","robots":{"index":"index","follow":"follow","max-snippet":"max-snippet:-1","max-image-preview":"max-image-preview:large","max-video-preview":"max-video-preview:-1"},"canonical":"https:\/\/www.focolare.us\/fr\/life-in-color\/yellow\/","og_locale":"fr_FR","og_type":"article","og_title":"Spiritualit\u00e9 et pri\u00e8re - Focolare in the US and Canada","og_description":"L'exp\u00e9rience de l'amour \u00e9l\u00e8ve l'\u00e2me.","og_url":"https:\/\/www.focolare.us\/fr\/life-in-color\/yellow\/","og_site_name":"Focolare in the US and Canada","article_modified_time":"2021-09-23T01:24:20+00:00","og_image":[{"width":1400,"height":425,"url":"https:\/\/www.focolare.us\/wp-content\/uploads\/2019\/10\/Yellow.png","type":"image\/png"}],"twitter_card":"summary_large_image","twitter_misc":{"Dur\u00e9e de lecture estim\u00e9e":"3 minutes"},"schema":{"@context":"https:\/\/schema.org","@graph":[{"@type":"WebPage","@id":"https:\/\/www.focolare.us\/fr\/life-in-color\/yellow\/","url":"https:\/\/www.focolare.us\/fr\/life-in-color\/yellow\/","name":"Spiritualit\u00e9 et pri\u00e8re - Focolare in the US and Canada","isPartOf":{"@id":"https:\/\/www.focolare.us\/fr\/#website"},"primaryImageOfPage":{"@id":"https:\/\/www.focolare.us\/fr\/life-in-color\/yellow\/#primaryimage"},"image":{"@id":"https:\/\/www.focolare.us\/fr\/life-in-color\/yellow\/#primaryimage"},"thumbnailUrl":"https:\/\/www.focolare.us\/wp-content\/uploads\/2019\/10\/Yellow.png","datePublished":"2020-05-11T02:25:32+00:00","dateModified":"2021-09-23T01:24:20+00:00","description":"L'exp\u00e9rience de l'amour \u00e9l\u00e8ve l'\u00e2me.","breadcrumb":{"@id":"https:\/\/www.focolare.us\/fr\/life-in-color\/yellow\/#breadcrumb"},"inLanguage":"fr-FR","potentialAction":[{"@type":"ReadAction","target":["https:\/\/www.focolare.us\/fr\/life-in-color\/yellow\/"]}]},{"@type":"ImageObject","inLanguage":"fr-FR","@id":"https:\/\/www.focolare.us\/fr\/life-in-color\/yellow\/#primaryimage","url":"https:\/\/www.focolare.us\/wp-content\/uploads\/2019\/10\/Yellow.png","contentUrl":"https:\/\/www.focolare.us\/wp-content\/uploads\/2019\/10\/Yellow.png","width":1400,"height":425},{"@type":"BreadcrumbList","@id":"https:\/\/www.focolare.us\/fr\/life-in-color\/yellow\/#breadcrumb","itemListElement":[{"@type":"ListItem","position":1,"name":"Home","item":"https:\/\/www.focolare.us\/fr\/"},{"@type":"ListItem","position":2,"name":"La vie en couleur","item":"https:\/\/www.focolare.us\/fr\/life-in-color\/"},{"@type":"ListItem","position":3,"name":"Jaune"}]},{"@type":"WebSite","@id":"https:\/\/www.focolare.us\/fr\/#website","url":"https:\/\/www.focolare.us\/fr\/","name":"Focolare in the US and Canada","description":"Living for Unity in the US and Canada","publisher":{"@id":"https:\/\/www.focolare.us\/fr\/#organization"},"potentialAction":[{"@type":"SearchAction","target":{"@type":"EntryPoint","urlTemplate":"https:\/\/www.focolare.us\/fr\/?s={search_term_string}"},"query-input":{"@type":"PropertyValueSpecification","valueRequired":true,"valueName":"search_term_string"}}],"inLanguage":"fr-FR"},{"@type":"Organization","@id":"https:\/\/www.focolare.us\/fr\/#organization","name":"Focolare Movement","url":"https:\/\/www.focolare.us\/fr\/","logo":{"@type":"ImageObject","inLanguage":"fr-FR","@id":"https:\/\/www.focolare.us\/fr\/#\/schema\/logo\/image\/","url":"https:\/\/www.focolare.us\/wp-content\/uploads\/2019\/08\/focolare_inglese_RGB.png","contentUrl":"https:\/\/www.focolare.us\/wp-content\/uploads\/2019\/08\/focolare_inglese_RGB.png","width":200,"height":184,"caption":"Focolare Movement"},"image":{"@id":"https:\/\/www.focolare.us\/fr\/#\/schema\/logo\/image\/"},"sameAs":["https:\/\/en.wikipedia.org\/wiki\/Focolare_Movement"]}]}},"_links":{"self":[{"href":"https:\/\/www.focolare.us\/fr\/wp-json\/wp\/v2\/pages\/2817","targetHints":{"allow":["GET"]}}],"collection":[{"href":"https:\/\/www.focolare.us\/fr\/wp-json\/wp\/v2\/pages"}],"about":[{"href":"https:\/\/www.focolare.us\/fr\/wp-json\/wp\/v2\/types\/page"}],"author":[{"embeddable":true,"href":"https:\/\/www.focolare.us\/fr\/wp-json\/wp\/v2\/users\/2"}],"replies":[{"embeddable":true,"href":"https:\/\/www.focolare.us\/fr\/wp-json\/wp\/v2\/comments?post=2817"}],"version-history":[{"count":3,"href":"https:\/\/www.focolare.us\/fr\/wp-json\/wp\/v2\/pages\/2817\/revisions"}],"predecessor-version":[{"id":2823,"href":"https:\/\/www.focolare.us\/fr\/wp-json\/wp\/v2\/pages\/2817\/revisions\/2823"}],"up":[{"embeddable":true,"href":"https:\/\/www.focolare.us\/fr\/wp-json\/wp\/v2\/pages\/2795"}],"wp:featuredmedia":[{"embeddable":true,"href":"https:\/\/www.focolare.us\/fr\/wp-json\/wp\/v2\/media\/2666"}],"wp:attachment":[{"href":"https:\/\/www.focolare.us\/fr\/wp-json\/wp\/v2\/media?parent=2817"}],"curies":[{"name":"wp","href":"https:\/\/api.w.org\/{rel}","templated":true}]}}