{"id":2813,"date":"2020-05-11T01:44:38","date_gmt":"2020-05-11T01:44:38","guid":{"rendered":"https:\/\/www.focolare.us\/life-in-color\/orange\/"},"modified":"2021-09-17T22:07:32","modified_gmt":"2021-09-17T22:07:32","slug":"orange","status":"publish","type":"page","link":"https:\/\/www.focolare.us\/fr\/life-in-color\/orange\/","title":{"rendered":"Orange"},"content":{"rendered":"<div class=\"wpb-content-wrapper\"><p>[vc_row][vc_column width=\u00a0\u00bb2\/3&Prime;][vc_column_text]<em>La spiritualit\u00e9 des Focolari d\u00e9finit sept domaines de la vie, chacun \u00e9tant une fa\u00e7on d&rsquo;exprimer l&rsquo;amour. Rien n&rsquo;est plus ou moins important, plus ou moins sacr\u00e9. \u00ab\u00a0L&rsquo;amour est lumi\u00e8re\u00a0\u00bb, explique Chiara Lubich. Lorsque la lumi\u00e8re claire traverse un prisme, ou m\u00eame une goutte d&rsquo;eau, elle se r\u00e9fracte dans les sept couleurs de l&rsquo;arc-en-ciel : rouge, orange, jaune, vert, bleu, indigo et violet. Et tout comme cette lumi\u00e8re se divise en diff\u00e9rentes couleurs, l&rsquo;amour a lui aussi une mani\u00e8re de s&rsquo;exprimer en autant de fa\u00e7ons.<\/em>[\/vc_column_text]<div class=\"grve-empty-space grve-height-1x\" style=\"\"><\/div><style type=\"text\/css\">.grve-title-gradient.grve-title-69e9d4a0af604 > span,.grve-title-gradient.grve-title-69e9d4a0af604 .grve-clipping-content > span {color: #3f90b9;background-image: -moz-linear-gradient(-45deg, #3f90b9 0%, #3f90b9 100%);background-image: -webkit-linear-gradient(-45deg, #3f90b9 0%, #3f90b9 100%);background-image: linear-gradient(135deg, #3f90b9 0%, #3f90b9 100%);}<\/style><h3 class=\"grve-element grve-title grve-align-left grve-h3 grve-title-gradient grve-title-69e9d4a0af604\" style=\"\"><span>L&rsquo;amour rayonne.<span class=\"grve-title-line grve-bg-primary-1\" style=\"width: 50px;height: 2px;\"><\/span><\/span><\/h3>[vc_column_text]<\/p>\n<div id=\"grve-post-content\">\n<div class=\"grve-container\">\n<p>L&rsquo;amour ne peut pas se refermer sur lui-m\u00eame &#8211; il se r\u00e9pand naturellement comme un feu. Lorsque ce style de vie est authentique et sinc\u00e8re, il peut influencer positivement toutes nos relations. Il accroche.<\/p>\n<p>Ainsi, vivre la spiritualit\u00e9 du Mouvement des Focolari finit g\u00e9n\u00e9ralement par \u00eatre partag\u00e9e avec d&rsquo;autres. La plupart des personnes entendent parler de la communaut\u00e9 \u00e0 travers le monde par le bouche-\u00e0-oreille, et non par une \u00e9norme machine marketing ou campagne de marketing. C&rsquo;est une culture \u00e0 part enti\u00e8re, qu&rsquo;il faut vivre personnellement.<\/p>\n<p>La couleur \u00ab\u00a0orange\u00a0\u00bb est donc synonyme d&rsquo;ouverture. Lorsque l&rsquo;amour se r\u00e9fracte comme la lumi\u00e8re en \u00a0\u00bb orange \u00ab\u00a0, il brille sur ces aspects de la vie :<\/p>\n<ul>\n<li>Nos relations.<\/li>\n<li>La sensibilisation de ceux qui nous entourent.<\/li>\n<li>Le partage de nos histoires<\/li>\n<li>Le marketing<\/li>\n<li>Montrer comment l&rsquo;unit\u00e9 peut \u00eatre v\u00e9cue.<\/li>\n<\/ul>\n<p>La meilleure fa\u00e7on de conna\u00eetre le Mouvement des Focolari est de parler avec quelqu&rsquo;un qui vit sa spiritualit\u00e9, ou d&rsquo;exp\u00e9rimenter sa culture du don lors d\u2019une <a href=\"https:\/\/www.focolare.us\/fr\/mariapolis\/\">Mariapolis<\/a>.<\/p>\n<\/div>\n<\/div>\n<p>[\/vc_column_text]<div class=\"grve-empty-space grve-height-1x\" style=\"\"><\/div><style type=\"text\/css\">.grve-title-gradient.grve-title-69e9d4a0af66a > span,.grve-title-gradient.grve-title-69e9d4a0af66a .grve-clipping-content > span {color: #3f90b9;background-image: -moz-linear-gradient(-45deg, #3f90b9 0%, #3f90b9 100%);background-image: -webkit-linear-gradient(-45deg, #3f90b9 0%, #3f90b9 100%);background-image: linear-gradient(135deg, #3f90b9 0%, #3f90b9 100%);}<\/style><h3 class=\"grve-element grve-title grve-align-left grve-h3 grve-title-gradient grve-title-69e9d4a0af66a\" style=\"\"><span>Ce que cela signifie pour moi<span class=\"grve-title-line grve-bg-primary-1\" style=\"width: 50px;height: 2px;\"><\/span><\/span><\/h3>[vc_column_text]<\/p>\n<div id=\"grve-post-content\">\n<div class=\"grve-container\">\n<p><em>\u00c0 l&rsquo;\u00e9cole, nous avons des enfants handicap\u00e9s. La plupart des \u00e9l\u00e8ves les trouvent bizarres et ne leur parlent jamais ou ne les aident pas.<\/em><\/p>\n<p><em>Un jour, en cours de technologie, deux enfants handicap\u00e9s ont eu besoin d&rsquo;aide avec leur ordinateur. La dame qui les aide normalement \u00e9tait en train de s&rsquo;occuper d&rsquo;autres \u00e9l\u00e8ves handicap\u00e9s.<\/em><\/p>\n<p><em>J&rsquo;ai d\u00e9cid\u00e9 d&rsquo;\u00eatre la premi\u00e8re \u00e0 les aimer et \u00e0 les aider avec leur ordinateur. Ils \u00e9taient vraiment contents. Maintenant, je leur dis \u00ab\u00a0bonjour\u00a0\u00bb tous les jours, je les complimente sur leurs v\u00eatements ou je fais tout pour leur faire un grand sourire.<\/em><\/p>\n<p><em>J&rsquo;ai aussi donn\u00e9 l&rsquo;exemple aux autres enfants. Un gar\u00e7on de ma classe les aide maintenant et leur dit \u00ab\u00a0bonjour\u00a0\u00bb. Deux filles de ma classe jouent avec eux \u00e0 la r\u00e9cr\u00e9ation. J&rsquo;ai l&rsquo;impression d&rsquo;avoir vraiment \u00e9gay\u00e9 leur vie \u00e0 l&rsquo;\u00e9cole.<\/em><\/p>\n<p><em>&#8211; C. R.<\/em><\/p>\n<p>(Lire d&rsquo;autres histoires comme celle-ci dans <a style=\"font-family: inherit; font-size: inherit; font-style: inherit; font-variant-ligatures: inherit; font-variant-caps: inherit; font-weight: inherit;\" href=\"https:\/\/livingcitymagazine.com\/\" target=\"_blank\" rel=\"noopener noreferrer\">Living City Magazine<\/a>)<\/p>\n<\/div>\n<\/div>\n<p>[\/vc_column_text]<div class=\"grve-empty-space grve-height-1x\" style=\"\"><\/div><style type=\"text\/css\">.grve-title-gradient.grve-title-69e9d4a0af68b > span,.grve-title-gradient.grve-title-69e9d4a0af68b .grve-clipping-content > span {color: #3f90b9;background-image: -moz-linear-gradient(-45deg, #3f90b9 0%, #3f90b9 100%);background-image: -webkit-linear-gradient(-45deg, #3f90b9 0%, #3f90b9 100%);background-image: linear-gradient(135deg, #3f90b9 0%, #3f90b9 100%);}<\/style><h3 class=\"grve-element grve-title grve-align-left grve-h3 grve-title-gradient grve-title-69e9d4a0af68b\" style=\"\"><span>Ressources<span class=\"grve-title-line grve-bg-primary-1\" style=\"width: 50px;height: 2px;\"><\/span><\/span><\/h3>[vc_column_text]<\/p>\n<ul>\n<li><a href=\"https:\/\/livingcitymagazine.com\/cubeoflove\" target=\"_blank\" rel=\"noopener noreferrer\">The Cube of Love: an educational tool for children (and adults)<\/a><\/li>\n<li><a href=\"https:\/\/www.newcitypress.com\/the-art-of-loving.html\" target=\"_blank\" rel=\"noopener noreferrer\">Book: The Art of Loving<\/a><\/li>\n<li><a href=\"http:\/\/www.social-one.org\/en\/\" target=\"_blank\" rel=\"noopener noreferrer\">Social ONE: Social Sciences in dialogue<\/a><\/li>\n<\/ul>\n<p>[\/vc_column_text][\/vc_column][vc_column width=\u00a0\u00bb1\/3&Prime;][vc_widget_sidebar sidebar_id=\u00a0\u00bbmovedo_grve_sidebar_5eb8a3b20c582&Prime;][\/vc_column][\/vc_row]<\/p>\n<\/div>","protected":false},"excerpt":{"rendered":"<p>[vc_row][vc_column width=\u00a0\u00bb2\/3&Prime;][vc_column_text]La spiritualit\u00e9 des Focolari d\u00e9finit sept domaines de la vie, chacun \u00e9tant une fa\u00e7on d&rsquo;exprimer l&rsquo;amour. Rien n&rsquo;est plus ou moins important, plus ou moins sacr\u00e9. \u00ab\u00a0L&rsquo;amour est lumi\u00e8re\u00a0\u00bb, explique Chiara Lubich. Lorsque la lumi\u00e8re claire traverse un prisme, ou m\u00eame une goutte d&rsquo;eau, elle se r\u00e9fracte dans les sept couleurs de l&rsquo;arc-en-ciel : [&hellip;]<\/p>\n","protected":false},"author":2,"featured_media":2665,"parent":2795,"menu_order":0,"comment_status":"closed","ping_status":"closed","template":"","meta":{"footnotes":""},"class_list":["post-2813","page","type-page","status-publish","has-post-thumbnail","hentry"],"yoast_head":"<!-- This site is optimized with the Yoast SEO plugin v27.4 - https:\/\/yoast.com\/product\/yoast-seo-wordpress\/ -->\n<title>Rayonnement et t\u00e9moignage - Focolare in the US and Canada<\/title>\n<meta name=\"description\" content=\"Vivre la spiritualit\u00e9 du Mouvement des Focolari finit g\u00e9n\u00e9ralement par \u00eatre partag\u00e9e avec d&#039;autres.\" \/>\n<meta name=\"robots\" content=\"index, follow, max-snippet:-1, max-image-preview:large, max-video-preview:-1\" \/>\n<link rel=\"canonical\" href=\"https:\/\/www.focolare.us\/fr\/life-in-color\/orange\/\" \/>\n<meta property=\"og:locale\" content=\"fr_FR\" \/>\n<meta property=\"og:type\" content=\"article\" \/>\n<meta property=\"og:title\" content=\"Rayonnement et t\u00e9moignage - Focolare in the US and Canada\" \/>\n<meta property=\"og:description\" content=\"Vivre la spiritualit\u00e9 du Mouvement des Focolari finit g\u00e9n\u00e9ralement par \u00eatre partag\u00e9e avec d&#039;autres.\" \/>\n<meta property=\"og:url\" content=\"https:\/\/www.focolare.us\/fr\/life-in-color\/orange\/\" \/>\n<meta property=\"og:site_name\" content=\"Focolare in the US and Canada\" \/>\n<meta property=\"article:modified_time\" content=\"2021-09-17T22:07:32+00:00\" \/>\n<meta property=\"og:image\" content=\"https:\/\/www.focolare.us\/wp-content\/uploads\/2019\/10\/Red.png\" \/>\n\t<meta property=\"og:image:width\" content=\"1400\" \/>\n\t<meta property=\"og:image:height\" content=\"425\" \/>\n\t<meta property=\"og:image:type\" content=\"image\/png\" \/>\n<meta name=\"twitter:card\" content=\"summary_large_image\" \/>\n<meta name=\"twitter:label1\" content=\"Dur\u00e9e de lecture estim\u00e9e\" \/>\n\t<meta name=\"twitter:data1\" content=\"2 minutes\" \/>\n<script type=\"application\/ld+json\" class=\"yoast-schema-graph\">{\"@context\":\"https:\\\/\\\/schema.org\",\"@graph\":[{\"@type\":\"WebPage\",\"@id\":\"https:\\\/\\\/www.focolare.us\\\/fr\\\/life-in-color\\\/orange\\\/\",\"url\":\"https:\\\/\\\/www.focolare.us\\\/fr\\\/life-in-color\\\/orange\\\/\",\"name\":\"Rayonnement et t\u00e9moignage - Focolare in the US and Canada\",\"isPartOf\":{\"@id\":\"https:\\\/\\\/www.focolare.us\\\/fr\\\/#website\"},\"primaryImageOfPage\":{\"@id\":\"https:\\\/\\\/www.focolare.us\\\/fr\\\/life-in-color\\\/orange\\\/#primaryimage\"},\"image\":{\"@id\":\"https:\\\/\\\/www.focolare.us\\\/fr\\\/life-in-color\\\/orange\\\/#primaryimage\"},\"thumbnailUrl\":\"https:\\\/\\\/www.focolare.us\\\/wp-content\\\/uploads\\\/2019\\\/10\\\/Red.png\",\"datePublished\":\"2020-05-11T01:44:38+00:00\",\"dateModified\":\"2021-09-17T22:07:32+00:00\",\"description\":\"Vivre la spiritualit\u00e9 du Mouvement des Focolari finit g\u00e9n\u00e9ralement par \u00eatre partag\u00e9e avec d'autres.\",\"breadcrumb\":{\"@id\":\"https:\\\/\\\/www.focolare.us\\\/fr\\\/life-in-color\\\/orange\\\/#breadcrumb\"},\"inLanguage\":\"fr-FR\",\"potentialAction\":[{\"@type\":\"ReadAction\",\"target\":[\"https:\\\/\\\/www.focolare.us\\\/fr\\\/life-in-color\\\/orange\\\/\"]}]},{\"@type\":\"ImageObject\",\"inLanguage\":\"fr-FR\",\"@id\":\"https:\\\/\\\/www.focolare.us\\\/fr\\\/life-in-color\\\/orange\\\/#primaryimage\",\"url\":\"https:\\\/\\\/www.focolare.us\\\/wp-content\\\/uploads\\\/2019\\\/10\\\/Red.png\",\"contentUrl\":\"https:\\\/\\\/www.focolare.us\\\/wp-content\\\/uploads\\\/2019\\\/10\\\/Red.png\",\"width\":1400,\"height\":425},{\"@type\":\"BreadcrumbList\",\"@id\":\"https:\\\/\\\/www.focolare.us\\\/fr\\\/life-in-color\\\/orange\\\/#breadcrumb\",\"itemListElement\":[{\"@type\":\"ListItem\",\"position\":1,\"name\":\"Home\",\"item\":\"https:\\\/\\\/www.focolare.us\\\/fr\\\/\"},{\"@type\":\"ListItem\",\"position\":2,\"name\":\"La vie en couleur\",\"item\":\"https:\\\/\\\/www.focolare.us\\\/fr\\\/life-in-color\\\/\"},{\"@type\":\"ListItem\",\"position\":3,\"name\":\"Orange\"}]},{\"@type\":\"WebSite\",\"@id\":\"https:\\\/\\\/www.focolare.us\\\/fr\\\/#website\",\"url\":\"https:\\\/\\\/www.focolare.us\\\/fr\\\/\",\"name\":\"Focolare in the US and Canada\",\"description\":\"Living for Unity in the US and Canada\",\"publisher\":{\"@id\":\"https:\\\/\\\/www.focolare.us\\\/fr\\\/#organization\"},\"potentialAction\":[{\"@type\":\"SearchAction\",\"target\":{\"@type\":\"EntryPoint\",\"urlTemplate\":\"https:\\\/\\\/www.focolare.us\\\/fr\\\/?s={search_term_string}\"},\"query-input\":{\"@type\":\"PropertyValueSpecification\",\"valueRequired\":true,\"valueName\":\"search_term_string\"}}],\"inLanguage\":\"fr-FR\"},{\"@type\":\"Organization\",\"@id\":\"https:\\\/\\\/www.focolare.us\\\/fr\\\/#organization\",\"name\":\"Focolare Movement\",\"url\":\"https:\\\/\\\/www.focolare.us\\\/fr\\\/\",\"logo\":{\"@type\":\"ImageObject\",\"inLanguage\":\"fr-FR\",\"@id\":\"https:\\\/\\\/www.focolare.us\\\/fr\\\/#\\\/schema\\\/logo\\\/image\\\/\",\"url\":\"https:\\\/\\\/www.focolare.us\\\/wp-content\\\/uploads\\\/2019\\\/08\\\/focolare_inglese_RGB.png\",\"contentUrl\":\"https:\\\/\\\/www.focolare.us\\\/wp-content\\\/uploads\\\/2019\\\/08\\\/focolare_inglese_RGB.png\",\"width\":200,\"height\":184,\"caption\":\"Focolare Movement\"},\"image\":{\"@id\":\"https:\\\/\\\/www.focolare.us\\\/fr\\\/#\\\/schema\\\/logo\\\/image\\\/\"},\"sameAs\":[\"https:\\\/\\\/en.wikipedia.org\\\/wiki\\\/Focolare_Movement\"]}]}<\/script>\n<!-- \/ Yoast SEO plugin. -->","yoast_head_json":{"title":"Rayonnement et t\u00e9moignage - Focolare in the US and Canada","description":"Vivre la spiritualit\u00e9 du Mouvement des Focolari finit g\u00e9n\u00e9ralement par \u00eatre partag\u00e9e avec d'autres.","robots":{"index":"index","follow":"follow","max-snippet":"max-snippet:-1","max-image-preview":"max-image-preview:large","max-video-preview":"max-video-preview:-1"},"canonical":"https:\/\/www.focolare.us\/fr\/life-in-color\/orange\/","og_locale":"fr_FR","og_type":"article","og_title":"Rayonnement et t\u00e9moignage - Focolare in the US and Canada","og_description":"Vivre la spiritualit\u00e9 du Mouvement des Focolari finit g\u00e9n\u00e9ralement par \u00eatre partag\u00e9e avec d'autres.","og_url":"https:\/\/www.focolare.us\/fr\/life-in-color\/orange\/","og_site_name":"Focolare in the US and Canada","article_modified_time":"2021-09-17T22:07:32+00:00","og_image":[{"width":1400,"height":425,"url":"https:\/\/www.focolare.us\/wp-content\/uploads\/2019\/10\/Red.png","type":"image\/png"}],"twitter_card":"summary_large_image","twitter_misc":{"Dur\u00e9e de lecture estim\u00e9e":"2 minutes"},"schema":{"@context":"https:\/\/schema.org","@graph":[{"@type":"WebPage","@id":"https:\/\/www.focolare.us\/fr\/life-in-color\/orange\/","url":"https:\/\/www.focolare.us\/fr\/life-in-color\/orange\/","name":"Rayonnement et t\u00e9moignage - Focolare in the US and Canada","isPartOf":{"@id":"https:\/\/www.focolare.us\/fr\/#website"},"primaryImageOfPage":{"@id":"https:\/\/www.focolare.us\/fr\/life-in-color\/orange\/#primaryimage"},"image":{"@id":"https:\/\/www.focolare.us\/fr\/life-in-color\/orange\/#primaryimage"},"thumbnailUrl":"https:\/\/www.focolare.us\/wp-content\/uploads\/2019\/10\/Red.png","datePublished":"2020-05-11T01:44:38+00:00","dateModified":"2021-09-17T22:07:32+00:00","description":"Vivre la spiritualit\u00e9 du Mouvement des Focolari finit g\u00e9n\u00e9ralement par \u00eatre partag\u00e9e avec d'autres.","breadcrumb":{"@id":"https:\/\/www.focolare.us\/fr\/life-in-color\/orange\/#breadcrumb"},"inLanguage":"fr-FR","potentialAction":[{"@type":"ReadAction","target":["https:\/\/www.focolare.us\/fr\/life-in-color\/orange\/"]}]},{"@type":"ImageObject","inLanguage":"fr-FR","@id":"https:\/\/www.focolare.us\/fr\/life-in-color\/orange\/#primaryimage","url":"https:\/\/www.focolare.us\/wp-content\/uploads\/2019\/10\/Red.png","contentUrl":"https:\/\/www.focolare.us\/wp-content\/uploads\/2019\/10\/Red.png","width":1400,"height":425},{"@type":"BreadcrumbList","@id":"https:\/\/www.focolare.us\/fr\/life-in-color\/orange\/#breadcrumb","itemListElement":[{"@type":"ListItem","position":1,"name":"Home","item":"https:\/\/www.focolare.us\/fr\/"},{"@type":"ListItem","position":2,"name":"La vie en couleur","item":"https:\/\/www.focolare.us\/fr\/life-in-color\/"},{"@type":"ListItem","position":3,"name":"Orange"}]},{"@type":"WebSite","@id":"https:\/\/www.focolare.us\/fr\/#website","url":"https:\/\/www.focolare.us\/fr\/","name":"Focolare in the US and Canada","description":"Living for Unity in the US and Canada","publisher":{"@id":"https:\/\/www.focolare.us\/fr\/#organization"},"potentialAction":[{"@type":"SearchAction","target":{"@type":"EntryPoint","urlTemplate":"https:\/\/www.focolare.us\/fr\/?s={search_term_string}"},"query-input":{"@type":"PropertyValueSpecification","valueRequired":true,"valueName":"search_term_string"}}],"inLanguage":"fr-FR"},{"@type":"Organization","@id":"https:\/\/www.focolare.us\/fr\/#organization","name":"Focolare Movement","url":"https:\/\/www.focolare.us\/fr\/","logo":{"@type":"ImageObject","inLanguage":"fr-FR","@id":"https:\/\/www.focolare.us\/fr\/#\/schema\/logo\/image\/","url":"https:\/\/www.focolare.us\/wp-content\/uploads\/2019\/08\/focolare_inglese_RGB.png","contentUrl":"https:\/\/www.focolare.us\/wp-content\/uploads\/2019\/08\/focolare_inglese_RGB.png","width":200,"height":184,"caption":"Focolare Movement"},"image":{"@id":"https:\/\/www.focolare.us\/fr\/#\/schema\/logo\/image\/"},"sameAs":["https:\/\/en.wikipedia.org\/wiki\/Focolare_Movement"]}]}},"_links":{"self":[{"href":"https:\/\/www.focolare.us\/fr\/wp-json\/wp\/v2\/pages\/2813","targetHints":{"allow":["GET"]}}],"collection":[{"href":"https:\/\/www.focolare.us\/fr\/wp-json\/wp\/v2\/pages"}],"about":[{"href":"https:\/\/www.focolare.us\/fr\/wp-json\/wp\/v2\/types\/page"}],"author":[{"embeddable":true,"href":"https:\/\/www.focolare.us\/fr\/wp-json\/wp\/v2\/users\/2"}],"replies":[{"embeddable":true,"href":"https:\/\/www.focolare.us\/fr\/wp-json\/wp\/v2\/comments?post=2813"}],"version-history":[{"count":3,"href":"https:\/\/www.focolare.us\/fr\/wp-json\/wp\/v2\/pages\/2813\/revisions"}],"predecessor-version":[{"id":2816,"href":"https:\/\/www.focolare.us\/fr\/wp-json\/wp\/v2\/pages\/2813\/revisions\/2816"}],"up":[{"embeddable":true,"href":"https:\/\/www.focolare.us\/fr\/wp-json\/wp\/v2\/pages\/2795"}],"wp:featuredmedia":[{"embeddable":true,"href":"https:\/\/www.focolare.us\/fr\/wp-json\/wp\/v2\/media\/2665"}],"wp:attachment":[{"href":"https:\/\/www.focolare.us\/fr\/wp-json\/wp\/v2\/media?parent=2813"}],"curies":[{"name":"wp","href":"https:\/\/api.w.org\/{rel}","templated":true}]}}