{"id":2809,"date":"2020-05-10T00:08:29","date_gmt":"2020-05-10T00:08:29","guid":{"rendered":"https:\/\/www.focolare.us\/life-in-color\/red\/"},"modified":"2021-09-23T01:24:47","modified_gmt":"2021-09-23T01:24:47","slug":"red","status":"publish","type":"page","link":"https:\/\/www.focolare.us\/fr\/life-in-color\/red\/","title":{"rendered":"Rouge"},"content":{"rendered":"<div class=\"wpb-content-wrapper\"><p>[vc_row][vc_column width=\u00a0\u00bb2\/3&Prime;][vc_column_text]<em>La spiritualit\u00e9 des Focolari d\u00e9finit sept domaines de la vie, chacun \u00e9tant une fa\u00e7on d&rsquo;exprimer l&rsquo;amour. Rien n&rsquo;est plus ou moins important, plus ou moins sacr\u00e9. \u00ab\u00a0L&rsquo;amour est lumi\u00e8re\u00a0\u00bb, explique Chiara Lubich. Lorsque la lumi\u00e8re claire traverse un prisme, ou m\u00eame une goutte d&rsquo;eau, elle se r\u00e9fracte dans les sept couleurs de l&rsquo;arc-en-ciel : rouge, orange, jaune, vert, bleu, indigo et violet. Et tout comme cette lumi\u00e8re se divise en diff\u00e9rentes couleurs, l&rsquo;amour a lui aussi une mani\u00e8re de s&rsquo;exprimer en autant de fa\u00e7ons.<\/em>[\/vc_column_text]<div class=\"grve-empty-space grve-height-1x\" style=\"\"><\/div><style type=\"text\/css\">.grve-title-gradient.grve-title-69e9d4797d3fe > span,.grve-title-gradient.grve-title-69e9d4797d3fe .grve-clipping-content > span {color: #3f90b9;background-image: -moz-linear-gradient(-45deg, #3f90b9 0%, #3f90b9 100%);background-image: -webkit-linear-gradient(-45deg, #3f90b9 0%, #3f90b9 100%);background-image: linear-gradient(135deg, #3f90b9 0%, #3f90b9 100%);}<\/style><h3 class=\"grve-element grve-title grve-align-left grve-h3 grve-title-gradient grve-title-69e9d4797d3fe\" style=\"\"><span>L&rsquo;amour g\u00e9n\u00e8re la communion.<span class=\"grve-title-line grve-bg-primary-1\" style=\"width: 50px;height: 2px;\"><\/span><\/span><\/h3>[vc_column_text]Demandez \u00e0 n&rsquo;importe quel enfant du Mouvement des Focolari ce qu&rsquo;est le rouge et il vous r\u00e9pondra qu&rsquo;il s&rsquo;agit du partage. Dans la spiritualit\u00e9 du mouvement, l&rsquo;amour consiste \u00e0 donner de soi, ce qui nous am\u00e8ne naturellement \u00e0 \u00eatre g\u00e9n\u00e9reux de notre temps, de nos talents et, bien s\u00fbr, de nos biens. Mais cela nous am\u00e8ne aussi \u00e0 nous d\u00e9tacher de ces biens et m\u00eame \u00e0 partager avec les autres les besoins que nous avons.<\/p>\n<p>Et lorsque nous partageons, nous nous rapprochons et devenons un. Nous faisons l&rsquo;exp\u00e9rience de l&rsquo;unit\u00e9.<\/p>\n<p>Lorsque l&rsquo;amour se r\u00e9fracte comme la lumi\u00e8re en \u00a0\u00bb rouge \u00ab\u00a0, il brille sur ces aspects de la vie :<\/p>\n<ul>\n<li>Notre travail<\/li>\n<li>Nos finances<\/li>\n<li>L&rsquo;\u00e9conomie<\/li>\n<li>Les affaires<\/li>\n<\/ul>\n<p>Il existe plus de 900 entreprises dans le monde qui appliquent les principes de la spiritualit\u00e9 du mouvement. Leurs activit\u00e9s de partage des b\u00e9n\u00e9fices d\u00e9veloppent une \u00e9conomie renouvel\u00e9e appel\u00e9e \u00e9conomie de communion.[\/vc_column_text]<div class=\"grve-empty-space grve-height-1x\" style=\"\"><\/div><style type=\"text\/css\">.grve-title-gradient.grve-title-69e9d4797d452 > span,.grve-title-gradient.grve-title-69e9d4797d452 .grve-clipping-content > span {color: #3f90b9;background-image: -moz-linear-gradient(-45deg, #3f90b9 0%, #3f90b9 100%);background-image: -webkit-linear-gradient(-45deg, #3f90b9 0%, #3f90b9 100%);background-image: linear-gradient(135deg, #3f90b9 0%, #3f90b9 100%);}<\/style><h3 class=\"grve-element grve-title grve-align-left grve-h3 grve-title-gradient grve-title-69e9d4797d452\" style=\"\"><span>Ce que cela signifie pour moi<span class=\"grve-title-line grve-bg-primary-1\" style=\"width: 50px;height: 2px;\"><\/span><\/span><\/h3>[vc_column_text]Un ami m&rsquo;a donn\u00e9 des tomates, et j&rsquo;ai projet\u00e9 \u00e0 en faire des conserves pour l&rsquo;hiver. Le lendemain, un ami est pass\u00e9 et, sachant qu&rsquo;il \u00e9tait en difficult\u00e9, nous lui avons donn\u00e9 ces tomates.<\/p>\n<p>Quelques jours plus tard, ma belle-m\u00e8re m&rsquo;a envoy\u00e9 un panier plein de tomates m\u00fbres. J&rsquo;ai de nouveau pens\u00e9 \u00e0 en faire des conserves, mais je n&rsquo;ai tout simplement pas trouv\u00e9 le temps de le faire. Ce soir-l\u00e0, mon p\u00e8re est arriv\u00e9 et je savais qu&rsquo;il aimait les tomates, alors je les lui ai donn\u00e9es. Une fois de plus, l&rsquo;id\u00e9e de les faire en conserve a \u00e9t\u00e9 mise de c\u00f4t\u00e9.<\/p>\n<p>Deux jours plus tard, ma s\u0153ur et son mari nous ont pr\u00e9sent\u00e9 deux bo\u00eetes remplies \u00e0 ras bord de tomates. \u00c0 ce moment-l\u00e0, j&rsquo;ai pens\u00e9 : c&rsquo;est le centuple dont parle l&rsquo;\u00c9vangile, et peut-\u00eatre que maintenant je devrais vraiment faire quelque chose pour en faire des conserves.<\/p>\n<p>&#8211; T. Y.<\/p>\n<p>(Lire d&rsquo;autres histoires comme celle-ci dans <a href=\"https:\/\/livingcitymagazine.com\/\" target=\"_blank\" rel=\"noopener noreferrer\">Living City Magazine<\/a>)[\/vc_column_text]<div class=\"grve-empty-space grve-height-1x\" style=\"\"><\/div><style type=\"text\/css\">.grve-title-gradient.grve-title-69e9d4797d478 > span,.grve-title-gradient.grve-title-69e9d4797d478 .grve-clipping-content > span {color: #3f90b9;background-image: -moz-linear-gradient(-45deg, #3f90b9 0%, #3f90b9 100%);background-image: -webkit-linear-gradient(-45deg, #3f90b9 0%, #3f90b9 100%);background-image: linear-gradient(135deg, #3f90b9 0%, #3f90b9 100%);}<\/style><h3 class=\"grve-element grve-title grve-align-left grve-h3 grve-title-gradient grve-title-69e9d4797d478\" style=\"\"><span>Ressources<span class=\"grve-title-line grve-bg-primary-1\" style=\"width: 30%;height: 2px;\"><\/span><\/span><\/h3>[vc_column_text]<\/p>\n<ul>\n<li><a href=\"https:\/\/eocnoam.org\/\" target=\"_blank\" rel=\"noopener noreferrer\">The Economy of Communion in North America<\/a><\/li>\n<li><a href=\"https:\/\/www.edc-online.org\/en\" target=\"_blank\" rel=\"noopener noreferrer\">The Economy of Communion International<\/a><\/li>\n<\/ul>\n<p>[\/vc_column_text][\/vc_column][vc_column width=\u00a0\u00bb1\/3&Prime;][vc_widget_sidebar sidebar_id=\u00a0\u00bbmovedo_grve_sidebar_5eb8a3b20c582&Prime;][\/vc_column][\/vc_row]<\/p>\n<\/div>","protected":false},"excerpt":{"rendered":"<p>[vc_row][vc_column width=\u00a0\u00bb2\/3&Prime;][vc_column_text]La spiritualit\u00e9 des Focolari d\u00e9finit sept domaines de la vie, chacun \u00e9tant une fa\u00e7on d&rsquo;exprimer l&rsquo;amour. Rien n&rsquo;est plus ou moins important, plus ou moins sacr\u00e9. \u00ab\u00a0L&rsquo;amour est lumi\u00e8re\u00a0\u00bb, explique Chiara Lubich. Lorsque la lumi\u00e8re claire traverse un prisme, ou m\u00eame une goutte d&rsquo;eau, elle se r\u00e9fracte dans les sept couleurs de l&rsquo;arc-en-ciel : [&hellip;]<\/p>\n","protected":false},"author":2,"featured_media":2664,"parent":2795,"menu_order":0,"comment_status":"closed","ping_status":"closed","template":"","meta":{"footnotes":""},"class_list":["post-2809","page","type-page","status-publish","has-post-thumbnail","hentry"],"yoast_head":"<!-- This site is optimized with the Yoast SEO plugin v27.4 - https:\/\/yoast.com\/product\/yoast-seo-wordpress\/ -->\n<title>Travail et partage - Focolare in the US and Canada<\/title>\n<meta name=\"description\" content=\". Dans la spiritualit\u00e9 du mouvement, l&#039;amour consiste \u00e0 donner de soi, ce qui nous am\u00e8ne naturellement \u00e0 \u00eatre g\u00e9n\u00e9reux de notre temps, de nos talents et, bien s\u00fbr, de nos biens.\" \/>\n<meta name=\"robots\" content=\"index, follow, max-snippet:-1, max-image-preview:large, max-video-preview:-1\" \/>\n<link rel=\"canonical\" href=\"https:\/\/www.focolare.us\/fr\/life-in-color\/red\/\" \/>\n<meta property=\"og:locale\" content=\"fr_FR\" \/>\n<meta property=\"og:type\" content=\"article\" \/>\n<meta property=\"og:title\" content=\"Travail et partage - Focolare in the US and Canada\" \/>\n<meta property=\"og:description\" content=\". Dans la spiritualit\u00e9 du mouvement, l&#039;amour consiste \u00e0 donner de soi, ce qui nous am\u00e8ne naturellement \u00e0 \u00eatre g\u00e9n\u00e9reux de notre temps, de nos talents et, bien s\u00fbr, de nos biens.\" \/>\n<meta property=\"og:url\" content=\"https:\/\/www.focolare.us\/fr\/life-in-color\/red\/\" \/>\n<meta property=\"og:site_name\" content=\"Focolare in the US and Canada\" \/>\n<meta property=\"article:modified_time\" content=\"2021-09-23T01:24:47+00:00\" \/>\n<meta property=\"og:image\" content=\"https:\/\/www.focolare.us\/wp-content\/uploads\/2019\/10\/Purple-Brush-Paint-General-Linkedin-Banner.png\" \/>\n\t<meta property=\"og:image:width\" content=\"1400\" \/>\n\t<meta property=\"og:image:height\" content=\"425\" \/>\n\t<meta property=\"og:image:type\" content=\"image\/png\" \/>\n<meta name=\"twitter:card\" content=\"summary_large_image\" \/>\n<meta name=\"twitter:label1\" content=\"Dur\u00e9e de lecture estim\u00e9e\" \/>\n\t<meta name=\"twitter:data1\" content=\"2 minutes\" \/>\n<script type=\"application\/ld+json\" class=\"yoast-schema-graph\">{\"@context\":\"https:\\\/\\\/schema.org\",\"@graph\":[{\"@type\":\"WebPage\",\"@id\":\"https:\\\/\\\/www.focolare.us\\\/fr\\\/life-in-color\\\/red\\\/\",\"url\":\"https:\\\/\\\/www.focolare.us\\\/fr\\\/life-in-color\\\/red\\\/\",\"name\":\"Travail et partage - Focolare in the US and Canada\",\"isPartOf\":{\"@id\":\"https:\\\/\\\/www.focolare.us\\\/fr\\\/#website\"},\"primaryImageOfPage\":{\"@id\":\"https:\\\/\\\/www.focolare.us\\\/fr\\\/life-in-color\\\/red\\\/#primaryimage\"},\"image\":{\"@id\":\"https:\\\/\\\/www.focolare.us\\\/fr\\\/life-in-color\\\/red\\\/#primaryimage\"},\"thumbnailUrl\":\"https:\\\/\\\/www.focolare.us\\\/wp-content\\\/uploads\\\/2019\\\/10\\\/Purple-Brush-Paint-General-Linkedin-Banner.png\",\"datePublished\":\"2020-05-10T00:08:29+00:00\",\"dateModified\":\"2021-09-23T01:24:47+00:00\",\"description\":\". Dans la spiritualit\u00e9 du mouvement, l'amour consiste \u00e0 donner de soi, ce qui nous am\u00e8ne naturellement \u00e0 \u00eatre g\u00e9n\u00e9reux de notre temps, de nos talents et, bien s\u00fbr, de nos biens.\",\"breadcrumb\":{\"@id\":\"https:\\\/\\\/www.focolare.us\\\/fr\\\/life-in-color\\\/red\\\/#breadcrumb\"},\"inLanguage\":\"fr-FR\",\"potentialAction\":[{\"@type\":\"ReadAction\",\"target\":[\"https:\\\/\\\/www.focolare.us\\\/fr\\\/life-in-color\\\/red\\\/\"]}]},{\"@type\":\"ImageObject\",\"inLanguage\":\"fr-FR\",\"@id\":\"https:\\\/\\\/www.focolare.us\\\/fr\\\/life-in-color\\\/red\\\/#primaryimage\",\"url\":\"https:\\\/\\\/www.focolare.us\\\/wp-content\\\/uploads\\\/2019\\\/10\\\/Purple-Brush-Paint-General-Linkedin-Banner.png\",\"contentUrl\":\"https:\\\/\\\/www.focolare.us\\\/wp-content\\\/uploads\\\/2019\\\/10\\\/Purple-Brush-Paint-General-Linkedin-Banner.png\",\"width\":1400,\"height\":425},{\"@type\":\"BreadcrumbList\",\"@id\":\"https:\\\/\\\/www.focolare.us\\\/fr\\\/life-in-color\\\/red\\\/#breadcrumb\",\"itemListElement\":[{\"@type\":\"ListItem\",\"position\":1,\"name\":\"Home\",\"item\":\"https:\\\/\\\/www.focolare.us\\\/fr\\\/\"},{\"@type\":\"ListItem\",\"position\":2,\"name\":\"La vie en couleur\",\"item\":\"https:\\\/\\\/www.focolare.us\\\/fr\\\/life-in-color\\\/\"},{\"@type\":\"ListItem\",\"position\":3,\"name\":\"Rouge\"}]},{\"@type\":\"WebSite\",\"@id\":\"https:\\\/\\\/www.focolare.us\\\/fr\\\/#website\",\"url\":\"https:\\\/\\\/www.focolare.us\\\/fr\\\/\",\"name\":\"Focolare in the US and Canada\",\"description\":\"Living for Unity in the US and Canada\",\"publisher\":{\"@id\":\"https:\\\/\\\/www.focolare.us\\\/fr\\\/#organization\"},\"potentialAction\":[{\"@type\":\"SearchAction\",\"target\":{\"@type\":\"EntryPoint\",\"urlTemplate\":\"https:\\\/\\\/www.focolare.us\\\/fr\\\/?s={search_term_string}\"},\"query-input\":{\"@type\":\"PropertyValueSpecification\",\"valueRequired\":true,\"valueName\":\"search_term_string\"}}],\"inLanguage\":\"fr-FR\"},{\"@type\":\"Organization\",\"@id\":\"https:\\\/\\\/www.focolare.us\\\/fr\\\/#organization\",\"name\":\"Focolare Movement\",\"url\":\"https:\\\/\\\/www.focolare.us\\\/fr\\\/\",\"logo\":{\"@type\":\"ImageObject\",\"inLanguage\":\"fr-FR\",\"@id\":\"https:\\\/\\\/www.focolare.us\\\/fr\\\/#\\\/schema\\\/logo\\\/image\\\/\",\"url\":\"https:\\\/\\\/www.focolare.us\\\/wp-content\\\/uploads\\\/2019\\\/08\\\/focolare_inglese_RGB.png\",\"contentUrl\":\"https:\\\/\\\/www.focolare.us\\\/wp-content\\\/uploads\\\/2019\\\/08\\\/focolare_inglese_RGB.png\",\"width\":200,\"height\":184,\"caption\":\"Focolare Movement\"},\"image\":{\"@id\":\"https:\\\/\\\/www.focolare.us\\\/fr\\\/#\\\/schema\\\/logo\\\/image\\\/\"},\"sameAs\":[\"https:\\\/\\\/en.wikipedia.org\\\/wiki\\\/Focolare_Movement\"]}]}<\/script>\n<!-- \/ Yoast SEO plugin. -->","yoast_head_json":{"title":"Travail et partage - Focolare in the US and Canada","description":". Dans la spiritualit\u00e9 du mouvement, l'amour consiste \u00e0 donner de soi, ce qui nous am\u00e8ne naturellement \u00e0 \u00eatre g\u00e9n\u00e9reux de notre temps, de nos talents et, bien s\u00fbr, de nos biens.","robots":{"index":"index","follow":"follow","max-snippet":"max-snippet:-1","max-image-preview":"max-image-preview:large","max-video-preview":"max-video-preview:-1"},"canonical":"https:\/\/www.focolare.us\/fr\/life-in-color\/red\/","og_locale":"fr_FR","og_type":"article","og_title":"Travail et partage - Focolare in the US and Canada","og_description":". Dans la spiritualit\u00e9 du mouvement, l'amour consiste \u00e0 donner de soi, ce qui nous am\u00e8ne naturellement \u00e0 \u00eatre g\u00e9n\u00e9reux de notre temps, de nos talents et, bien s\u00fbr, de nos biens.","og_url":"https:\/\/www.focolare.us\/fr\/life-in-color\/red\/","og_site_name":"Focolare in the US and Canada","article_modified_time":"2021-09-23T01:24:47+00:00","og_image":[{"width":1400,"height":425,"url":"https:\/\/www.focolare.us\/wp-content\/uploads\/2019\/10\/Purple-Brush-Paint-General-Linkedin-Banner.png","type":"image\/png"}],"twitter_card":"summary_large_image","twitter_misc":{"Dur\u00e9e de lecture estim\u00e9e":"2 minutes"},"schema":{"@context":"https:\/\/schema.org","@graph":[{"@type":"WebPage","@id":"https:\/\/www.focolare.us\/fr\/life-in-color\/red\/","url":"https:\/\/www.focolare.us\/fr\/life-in-color\/red\/","name":"Travail et partage - Focolare in the US and Canada","isPartOf":{"@id":"https:\/\/www.focolare.us\/fr\/#website"},"primaryImageOfPage":{"@id":"https:\/\/www.focolare.us\/fr\/life-in-color\/red\/#primaryimage"},"image":{"@id":"https:\/\/www.focolare.us\/fr\/life-in-color\/red\/#primaryimage"},"thumbnailUrl":"https:\/\/www.focolare.us\/wp-content\/uploads\/2019\/10\/Purple-Brush-Paint-General-Linkedin-Banner.png","datePublished":"2020-05-10T00:08:29+00:00","dateModified":"2021-09-23T01:24:47+00:00","description":". Dans la spiritualit\u00e9 du mouvement, l'amour consiste \u00e0 donner de soi, ce qui nous am\u00e8ne naturellement \u00e0 \u00eatre g\u00e9n\u00e9reux de notre temps, de nos talents et, bien s\u00fbr, de nos biens.","breadcrumb":{"@id":"https:\/\/www.focolare.us\/fr\/life-in-color\/red\/#breadcrumb"},"inLanguage":"fr-FR","potentialAction":[{"@type":"ReadAction","target":["https:\/\/www.focolare.us\/fr\/life-in-color\/red\/"]}]},{"@type":"ImageObject","inLanguage":"fr-FR","@id":"https:\/\/www.focolare.us\/fr\/life-in-color\/red\/#primaryimage","url":"https:\/\/www.focolare.us\/wp-content\/uploads\/2019\/10\/Purple-Brush-Paint-General-Linkedin-Banner.png","contentUrl":"https:\/\/www.focolare.us\/wp-content\/uploads\/2019\/10\/Purple-Brush-Paint-General-Linkedin-Banner.png","width":1400,"height":425},{"@type":"BreadcrumbList","@id":"https:\/\/www.focolare.us\/fr\/life-in-color\/red\/#breadcrumb","itemListElement":[{"@type":"ListItem","position":1,"name":"Home","item":"https:\/\/www.focolare.us\/fr\/"},{"@type":"ListItem","position":2,"name":"La vie en couleur","item":"https:\/\/www.focolare.us\/fr\/life-in-color\/"},{"@type":"ListItem","position":3,"name":"Rouge"}]},{"@type":"WebSite","@id":"https:\/\/www.focolare.us\/fr\/#website","url":"https:\/\/www.focolare.us\/fr\/","name":"Focolare in the US and Canada","description":"Living for Unity in the US and Canada","publisher":{"@id":"https:\/\/www.focolare.us\/fr\/#organization"},"potentialAction":[{"@type":"SearchAction","target":{"@type":"EntryPoint","urlTemplate":"https:\/\/www.focolare.us\/fr\/?s={search_term_string}"},"query-input":{"@type":"PropertyValueSpecification","valueRequired":true,"valueName":"search_term_string"}}],"inLanguage":"fr-FR"},{"@type":"Organization","@id":"https:\/\/www.focolare.us\/fr\/#organization","name":"Focolare Movement","url":"https:\/\/www.focolare.us\/fr\/","logo":{"@type":"ImageObject","inLanguage":"fr-FR","@id":"https:\/\/www.focolare.us\/fr\/#\/schema\/logo\/image\/","url":"https:\/\/www.focolare.us\/wp-content\/uploads\/2019\/08\/focolare_inglese_RGB.png","contentUrl":"https:\/\/www.focolare.us\/wp-content\/uploads\/2019\/08\/focolare_inglese_RGB.png","width":200,"height":184,"caption":"Focolare Movement"},"image":{"@id":"https:\/\/www.focolare.us\/fr\/#\/schema\/logo\/image\/"},"sameAs":["https:\/\/en.wikipedia.org\/wiki\/Focolare_Movement"]}]}},"_links":{"self":[{"href":"https:\/\/www.focolare.us\/fr\/wp-json\/wp\/v2\/pages\/2809","targetHints":{"allow":["GET"]}}],"collection":[{"href":"https:\/\/www.focolare.us\/fr\/wp-json\/wp\/v2\/pages"}],"about":[{"href":"https:\/\/www.focolare.us\/fr\/wp-json\/wp\/v2\/types\/page"}],"author":[{"embeddable":true,"href":"https:\/\/www.focolare.us\/fr\/wp-json\/wp\/v2\/users\/2"}],"replies":[{"embeddable":true,"href":"https:\/\/www.focolare.us\/fr\/wp-json\/wp\/v2\/comments?post=2809"}],"version-history":[{"count":3,"href":"https:\/\/www.focolare.us\/fr\/wp-json\/wp\/v2\/pages\/2809\/revisions"}],"predecessor-version":[{"id":2824,"href":"https:\/\/www.focolare.us\/fr\/wp-json\/wp\/v2\/pages\/2809\/revisions\/2824"}],"up":[{"embeddable":true,"href":"https:\/\/www.focolare.us\/fr\/wp-json\/wp\/v2\/pages\/2795"}],"wp:featuredmedia":[{"embeddable":true,"href":"https:\/\/www.focolare.us\/fr\/wp-json\/wp\/v2\/media\/2664"}],"wp:attachment":[{"href":"https:\/\/www.focolare.us\/fr\/wp-json\/wp\/v2\/media?parent=2809"}],"curies":[{"name":"wp","href":"https:\/\/api.w.org\/{rel}","templated":true}]}}