{"id":2795,"date":"2019-10-14T23:36:26","date_gmt":"2019-10-14T23:36:26","guid":{"rendered":"https:\/\/www.focolare.us\/life-in-color\/"},"modified":"2021-09-23T02:22:17","modified_gmt":"2021-09-23T02:22:17","slug":"life-in-color","status":"publish","type":"page","link":"https:\/\/www.focolare.us\/fr\/life-in-color\/","title":{"rendered":"La vie en couleur"},"content":{"rendered":"<div class=\"wpb-content-wrapper\"><p>[vc_row][vc_column width=\u00a0\u00bb1\/2&Prime;][vc_column_text]La spiritualit\u00e9 des Focolari d\u00e9finit sept domaines de la vie, chacun \u00e9tant une fa\u00e7on d&rsquo;exprimer l&rsquo;amour. Rien n&rsquo;est plus ou moins important, plus ou moins sacr\u00e9. Nous utilisons ces sept couleurs comme un outil pour tout comprendre et organiser, de chaque partie de notre routine quotidienne \u00e0 la mani\u00e8re dont nous structurons les activit\u00e9s du mouvement, par exemple.[\/vc_column_text][\/vc_column][vc_column width=\u00a0\u00bb1\/2&Prime;][vc_column_text]\u00a0\u00bbL&rsquo;amour est lumi\u00e8re\u00a0\u00bb, explique Chiara Lubich. Lorsque la lumi\u00e8re claire traverse un prisme, ou m\u00eame une goutte d&rsquo;eau, elle se r\u00e9fracte dans les sept couleurs de l&rsquo;arc-en-ciel : rouge, orange, jaune, vert, bleu, indigo et violet. Et tout comme cette lumi\u00e8re se divise en diff\u00e9rentes couleurs, l&rsquo;amour a lui aussi une mani\u00e8re de s&rsquo;exprimer en autant de fa\u00e7ons.[\/vc_column_text][\/vc_column][\/vc_row][vc_row desktop_visibility=\u00a0\u00bbhide\u00a0\u00bb tablet_visibility=\u00a0\u00bbhide\u00a0\u00bb tablet_sm_visibility=\u00a0\u00bbhide\u00a0\u00bb mobile_visibility=\u00a0\u00bbhide\u00a0\u00bb][vc_column width=\u00a0\u00bb1\/2&Prime;][vc_column_text]<span style=\"font-weight: 400;\">It&rsquo;s easy to get passionate about just one part of life, whether it&rsquo;s sports, the arts, or social justice. These are all good, but they can become everything in our lives and take over. We end up too specialized and life just revolves around that one thing. <\/span><span style=\"font-weight: 400;\">For all of life to be fulfilled, instead, we need love to flow into everything we do\u2014even the everyday stuff we&rsquo;re not usually so passionate about.<\/span>[\/vc_column_text][\/vc_column][vc_column width=\u00a0\u00bb1\/2&Prime;][vc_column_text]<span style=\"font-weight: 400;\">Chiara and her friends understood that a fulfilled life comes from discovering the unifying presence of God in every specific aspect of life. <\/span>\u00ab\u00a0Everything was to flow from love, be rooted in love,\u00a0\u00bb she explained. \u00ab\u00a0This would make human life attractive, fascinating&#8230; Our lives would not be dull and flat, since they would not be made up of bits that are disconnected.\u00a0\u00bb[\/vc_column_text][\/vc_column][\/vc_row][vc_row heading_color=\u00a0\u00bblight\u00a0\u00bb bg_type=\u00a0\u00bbimage\u00a0\u00bb bg_image=\u00a0\u00bb1040&Prime; bg_image_type=\u00a0\u00bbparallax\u00a0\u00bb parallax_threshold=\u00a0\u00bb0.8&Prime; color_overlay=\u00a0\u00bbdark\u00a0\u00bb opacity_overlay=\u00a0\u00bb30&Prime; padding_top_multiplier=\u00a0\u00bb2x\u00a0\u00bb padding_bottom_multiplier=\u00a0\u00bb2x\u00a0\u00bb font_color=\u00a0\u00bb#ffffff\u00a0\u00bb][vc_column text_align=\u00a0\u00bbcenter\u00a0\u00bb]<div class=\"grve-element grve-callout grve-btn-bottom\" style=\"\">  <div class=\"grve-callout-wrapper\"><h3 class=\"grve-callout-content grve-h3\">Travail et partage<\/h3>    <p class=\"\">L&rsquo;amour g\u00e9n\u00e8re la communion.<\/p>  <\/div>  <div class=\"grve-button-wrapper\"><a href=\"https:\/\/www.focolare.us\/fr\/life-in-color\/red\/\" title=\"Work and sharing\" class=\"grve-btn grve-btn-medium grve-round grve-bg-primary-1 grve-bg-hover-primary-2\"><span>En savoir plus<\/span><\/a>  <\/div><\/div>[\/vc_column][\/vc_row][vc_row heading_color=\u00a0\u00bblight\u00a0\u00bb bg_type=\u00a0\u00bbimage\u00a0\u00bb bg_image=\u00a0\u00bb1043&Prime; bg_image_type=\u00a0\u00bbparallax\u00a0\u00bb parallax_threshold=\u00a0\u00bb0.8&Prime; color_overlay=\u00a0\u00bbdark\u00a0\u00bb opacity_overlay=\u00a0\u00bb30&Prime; padding_top_multiplier=\u00a0\u00bb2x\u00a0\u00bb padding_bottom_multiplier=\u00a0\u00bb2x\u00a0\u00bb font_color=\u00a0\u00bb#ffffff\u00a0\u00bb][vc_column text_align=\u00a0\u00bbcenter\u00a0\u00bb]<div class=\"grve-element grve-callout grve-btn-bottom\" style=\"\">  <div class=\"grve-callout-wrapper\"><h3 class=\"grve-callout-content grve-h3\">Rayonnement et t\u00e9moignage<\/h3>    <p class=\"\">L&rsquo;amour rayonne.<\/p>  <\/div>  <div class=\"grve-button-wrapper\"><a href=\"https:\/\/www.focolare.us\/fr\/life-in-color\/orange\/\" title=\"Orange\" class=\"grve-btn grve-btn-medium grve-round grve-bg-primary-1 grve-bg-hover-primary-2\"><span>En savoir plus<\/span><\/a>  <\/div><\/div>[\/vc_column][\/vc_row][vc_row heading_color=\u00a0\u00bblight\u00a0\u00bb bg_type=\u00a0\u00bbimage\u00a0\u00bb bg_image=\u00a0\u00bb1044&Prime; bg_image_type=\u00a0\u00bbparallax\u00a0\u00bb parallax_threshold=\u00a0\u00bb0.8&Prime; color_overlay=\u00a0\u00bbdark\u00a0\u00bb opacity_overlay=\u00a0\u00bb30&Prime; padding_top_multiplier=\u00a0\u00bb2x\u00a0\u00bb padding_bottom_multiplier=\u00a0\u00bb2x\u00a0\u00bb font_color=\u00a0\u00bb#ffffff\u00a0\u00bb][vc_column text_align=\u00a0\u00bbcenter\u00a0\u00bb]<div class=\"grve-element grve-callout grve-btn-bottom\" style=\"\">  <div class=\"grve-callout-wrapper\"><h3 class=\"grve-callout-content grve-h3\">Spiritualit\u00e9 et pri\u00e8re<\/h3>    <p class=\"\">L&rsquo;amour \u00e9l\u00e8ve.<\/p>  <\/div>  <div class=\"grve-button-wrapper\"><a href=\"https:\/\/www.focolare.us\/fr\/life-in-color\/yellow\/\" title=\"Yellow\" class=\"grve-btn grve-btn-medium grve-round grve-bg-primary-1 grve-bg-hover-primary-2\"><span>En savoir plus<\/span><\/a>  <\/div><\/div>[\/vc_column][\/vc_row][vc_row heading_color=\u00a0\u00bblight\u00a0\u00bb bg_type=\u00a0\u00bbimage\u00a0\u00bb bg_image=\u00a0\u00bb1045&Prime; bg_image_type=\u00a0\u00bbparallax\u00a0\u00bb parallax_threshold=\u00a0\u00bb0.8&Prime; color_overlay=\u00a0\u00bbdark\u00a0\u00bb opacity_overlay=\u00a0\u00bb30&Prime; padding_top_multiplier=\u00a0\u00bb2x\u00a0\u00bb padding_bottom_multiplier=\u00a0\u00bb2x\u00a0\u00bb font_color=\u00a0\u00bb#ffffff\u00a0\u00bb][vc_column text_align=\u00a0\u00bbcenter\u00a0\u00bb]<div class=\"grve-element grve-callout grve-btn-bottom\" style=\"\">  <div class=\"grve-callout-wrapper\"><h3 class=\"grve-callout-content grve-h3\">Nature et sant\u00e9<\/h3>    <p class=\"\">L&rsquo;amour nourrit.<\/p>  <\/div>  <div class=\"grve-button-wrapper\"><a href=\"https:\/\/www.focolare.us\/fr\/life-in-color\/green\/\" title=\"Green\" class=\"grve-btn grve-btn-medium grve-round grve-bg-primary-1 grve-bg-hover-primary-2\"><span>En savoir plus<\/span><\/a>  <\/div><\/div>[\/vc_column][\/vc_row][vc_row heading_color=\u00a0\u00bblight\u00a0\u00bb bg_type=\u00a0\u00bbimage\u00a0\u00bb bg_image=\u00a0\u00bb1046&Prime; bg_image_type=\u00a0\u00bbparallax\u00a0\u00bb parallax_threshold=\u00a0\u00bb0.8&Prime; color_overlay=\u00a0\u00bbdark\u00a0\u00bb opacity_overlay=\u00a0\u00bb30&Prime; padding_top_multiplier=\u00a0\u00bb2x\u00a0\u00bb padding_bottom_multiplier=\u00a0\u00bb2x\u00a0\u00bb font_color=\u00a0\u00bb#ffffff\u00a0\u00bb][vc_column text_align=\u00a0\u00bbcenter\u00a0\u00bb]<div class=\"grve-element grve-callout grve-btn-bottom\" style=\"\">  <div class=\"grve-callout-wrapper\"><h3 class=\"grve-callout-content grve-h3\">Beaut\u00e9 et harmonie<\/h3>    <p class=\"\">L&rsquo;amour cr\u00e9e.<\/p>  <\/div>  <div class=\"grve-button-wrapper\"><a href=\"https:\/\/www.focolare.us\/fr\/life-in-color\/blue\/\" title=\"Blue\" class=\"grve-btn grve-btn-medium grve-round grve-bg-primary-1 grve-bg-hover-primary-2\"><span>En savoir plus<\/span><\/a>  <\/div><\/div>[\/vc_column][\/vc_row][vc_row heading_color=\u00a0\u00bblight\u00a0\u00bb bg_type=\u00a0\u00bbimage\u00a0\u00bb bg_image=\u00a0\u00bb1047&Prime; bg_image_type=\u00a0\u00bbparallax\u00a0\u00bb parallax_threshold=\u00a0\u00bb0.8&Prime; color_overlay=\u00a0\u00bbdark\u00a0\u00bb opacity_overlay=\u00a0\u00bb30&Prime; padding_top_multiplier=\u00a0\u00bb2x\u00a0\u00bb padding_bottom_multiplier=\u00a0\u00bb2x\u00a0\u00bb font_color=\u00a0\u00bb#ffffff\u00a0\u00bb][vc_column text_align=\u00a0\u00bbcenter\u00a0\u00bb]<div class=\"grve-element grve-callout grve-btn-bottom\" style=\"\">  <div class=\"grve-callout-wrapper\"><h3 class=\"grve-callout-content grve-h3\">Sagesse et \u00e9tude<\/h3>    <p class=\"\">L&rsquo;amour engendre la sagesse.<\/p>  <\/div>  <div class=\"grve-button-wrapper\"><a href=\"https:\/\/www.focolare.us\/fr\/life-in-color\/indigo\/\" title=\"Indigo\" class=\"grve-btn grve-btn-medium grve-round grve-bg-primary-1 grve-bg-hover-primary-2\"><span>En savoir plus<\/span><\/a>  <\/div><\/div>[\/vc_column][\/vc_row][vc_row heading_color=\u00a0\u00bblight\u00a0\u00bb bg_type=\u00a0\u00bbimage\u00a0\u00bb bg_image=\u00a0\u00bb1048&Prime; bg_image_type=\u00a0\u00bbparallax\u00a0\u00bb parallax_threshold=\u00a0\u00bb0.8&Prime; color_overlay=\u00a0\u00bbdark\u00a0\u00bb opacity_overlay=\u00a0\u00bb30&Prime; padding_top_multiplier=\u00a0\u00bb2x\u00a0\u00bb padding_bottom_multiplier=\u00a0\u00bb2x\u00a0\u00bb font_color=\u00a0\u00bb#ffffff\u00a0\u00bb][vc_column text_align=\u00a0\u00bbcenter\u00a0\u00bb]<div class=\"grve-element grve-callout grve-btn-bottom\" style=\"\">  <div class=\"grve-callout-wrapper\"><h3 class=\"grve-callout-content grve-h3\">Communication et m\u00e9dias<\/h3>    <p class=\"\">L&rsquo;amour unit.<\/p>  <\/div>  <div class=\"grve-button-wrapper\"><a href=\"https:\/\/www.focolare.us\/fr\/life-in-color\/violet\/\" title=\"Violet\" class=\"grve-btn grve-btn-medium grve-round grve-bg-primary-1 grve-bg-hover-primary-2\"><span>En savoir plus<\/span><\/a>  <\/div><\/div>[\/vc_column][\/vc_row]<\/p>\n<\/div>","protected":false},"excerpt":{"rendered":"<p>[vc_row][vc_column width=\u00a0\u00bb1\/2&Prime;][vc_column_text]La spiritualit\u00e9 des Focolari d\u00e9finit sept domaines de la vie, chacun \u00e9tant une fa\u00e7on d&rsquo;exprimer l&rsquo;amour. Rien n&rsquo;est plus ou moins important, plus ou moins sacr\u00e9. Nous utilisons ces sept couleurs comme un outil pour tout comprendre et organiser, de chaque partie de notre routine quotidienne \u00e0 la mani\u00e8re dont nous structurons les activit\u00e9s [&hellip;]<\/p>\n","protected":false},"author":2,"featured_media":2659,"parent":0,"menu_order":0,"comment_status":"closed","ping_status":"closed","template":"","meta":{"footnotes":""},"class_list":["post-2795","page","type-page","status-publish","has-post-thumbnail","hentry"],"yoast_head":"<!-- This site is optimized with the Yoast SEO plugin v27.5 - https:\/\/yoast.com\/product\/yoast-seo-wordpress\/ -->\n<title>La vie en couleur - Focolare in the US and Canada<\/title>\n<meta name=\"description\" content=\"La spiritualit\u00e9 du Mouvement des Focolari \u00e0 travers tous les aspects de la vie.\" \/>\n<meta name=\"robots\" content=\"index, follow, max-snippet:-1, max-image-preview:large, max-video-preview:-1\" \/>\n<link rel=\"canonical\" href=\"https:\/\/www.focolare.us\/fr\/life-in-color\/\" \/>\n<meta property=\"og:locale\" content=\"fr_FR\" \/>\n<meta property=\"og:type\" content=\"article\" \/>\n<meta property=\"og:title\" content=\"La vie en couleur - Focolare in the US and Canada\" \/>\n<meta property=\"og:description\" content=\"La spiritualit\u00e9 du Mouvement des Focolari \u00e0 travers tous les aspects de la vie.\" \/>\n<meta property=\"og:url\" content=\"https:\/\/www.focolare.us\/fr\/life-in-color\/\" \/>\n<meta property=\"og:site_name\" content=\"Focolare in the US and Canada\" \/>\n<meta property=\"article:modified_time\" content=\"2021-09-23T02:22:17+00:00\" \/>\n<meta property=\"og:image\" content=\"https:\/\/www.focolare.us\/wp-content\/uploads\/2019\/10\/pexels-photo-1148496.jpeg\" \/>\n\t<meta property=\"og:image:width\" content=\"1880\" \/>\n\t<meta property=\"og:image:height\" content=\"1253\" \/>\n\t<meta property=\"og:image:type\" content=\"image\/jpeg\" \/>\n<meta name=\"twitter:card\" content=\"summary_large_image\" \/>\n<meta name=\"twitter:label1\" content=\"Dur\u00e9e de lecture estim\u00e9e\" \/>\n\t<meta name=\"twitter:data1\" content=\"2 minutes\" \/>\n<script type=\"application\/ld+json\" class=\"yoast-schema-graph\">{\"@context\":\"https:\\\/\\\/schema.org\",\"@graph\":[{\"@type\":\"WebPage\",\"@id\":\"https:\\\/\\\/www.focolare.us\\\/fr\\\/life-in-color\\\/\",\"url\":\"https:\\\/\\\/www.focolare.us\\\/fr\\\/life-in-color\\\/\",\"name\":\"La vie en couleur - Focolare in the US and Canada\",\"isPartOf\":{\"@id\":\"https:\\\/\\\/www.focolare.us\\\/fr\\\/#website\"},\"primaryImageOfPage\":{\"@id\":\"https:\\\/\\\/www.focolare.us\\\/fr\\\/life-in-color\\\/#primaryimage\"},\"image\":{\"@id\":\"https:\\\/\\\/www.focolare.us\\\/fr\\\/life-in-color\\\/#primaryimage\"},\"thumbnailUrl\":\"https:\\\/\\\/www.focolare.us\\\/wp-content\\\/uploads\\\/2019\\\/10\\\/pexels-photo-1148496.jpeg\",\"datePublished\":\"2019-10-14T23:36:26+00:00\",\"dateModified\":\"2021-09-23T02:22:17+00:00\",\"description\":\"La spiritualit\u00e9 du Mouvement des Focolari \u00e0 travers tous les aspects de la vie.\",\"breadcrumb\":{\"@id\":\"https:\\\/\\\/www.focolare.us\\\/fr\\\/life-in-color\\\/#breadcrumb\"},\"inLanguage\":\"fr-FR\",\"potentialAction\":[{\"@type\":\"ReadAction\",\"target\":[\"https:\\\/\\\/www.focolare.us\\\/fr\\\/life-in-color\\\/\"]}]},{\"@type\":\"ImageObject\",\"inLanguage\":\"fr-FR\",\"@id\":\"https:\\\/\\\/www.focolare.us\\\/fr\\\/life-in-color\\\/#primaryimage\",\"url\":\"https:\\\/\\\/www.focolare.us\\\/wp-content\\\/uploads\\\/2019\\\/10\\\/pexels-photo-1148496.jpeg\",\"contentUrl\":\"https:\\\/\\\/www.focolare.us\\\/wp-content\\\/uploads\\\/2019\\\/10\\\/pexels-photo-1148496.jpeg\",\"width\":1880,\"height\":1253},{\"@type\":\"BreadcrumbList\",\"@id\":\"https:\\\/\\\/www.focolare.us\\\/fr\\\/life-in-color\\\/#breadcrumb\",\"itemListElement\":[{\"@type\":\"ListItem\",\"position\":1,\"name\":\"Home\",\"item\":\"https:\\\/\\\/www.focolare.us\\\/fr\\\/\"},{\"@type\":\"ListItem\",\"position\":2,\"name\":\"La vie en couleur\"}]},{\"@type\":\"WebSite\",\"@id\":\"https:\\\/\\\/www.focolare.us\\\/fr\\\/#website\",\"url\":\"https:\\\/\\\/www.focolare.us\\\/fr\\\/\",\"name\":\"Focolare in the US and Canada\",\"description\":\"Living for Unity in the US and Canada\",\"publisher\":{\"@id\":\"https:\\\/\\\/www.focolare.us\\\/fr\\\/#organization\"},\"potentialAction\":[{\"@type\":\"SearchAction\",\"target\":{\"@type\":\"EntryPoint\",\"urlTemplate\":\"https:\\\/\\\/www.focolare.us\\\/fr\\\/?s={search_term_string}\"},\"query-input\":{\"@type\":\"PropertyValueSpecification\",\"valueRequired\":true,\"valueName\":\"search_term_string\"}}],\"inLanguage\":\"fr-FR\"},{\"@type\":\"Organization\",\"@id\":\"https:\\\/\\\/www.focolare.us\\\/fr\\\/#organization\",\"name\":\"Focolare Movement\",\"url\":\"https:\\\/\\\/www.focolare.us\\\/fr\\\/\",\"logo\":{\"@type\":\"ImageObject\",\"inLanguage\":\"fr-FR\",\"@id\":\"https:\\\/\\\/www.focolare.us\\\/fr\\\/#\\\/schema\\\/logo\\\/image\\\/\",\"url\":\"https:\\\/\\\/www.focolare.us\\\/wp-content\\\/uploads\\\/2019\\\/08\\\/focolare_inglese_RGB.png\",\"contentUrl\":\"https:\\\/\\\/www.focolare.us\\\/wp-content\\\/uploads\\\/2019\\\/08\\\/focolare_inglese_RGB.png\",\"width\":200,\"height\":184,\"caption\":\"Focolare Movement\"},\"image\":{\"@id\":\"https:\\\/\\\/www.focolare.us\\\/fr\\\/#\\\/schema\\\/logo\\\/image\\\/\"},\"sameAs\":[\"https:\\\/\\\/en.wikipedia.org\\\/wiki\\\/Focolare_Movement\"]}]}<\/script>\n<!-- \/ Yoast SEO plugin. -->","yoast_head_json":{"title":"La vie en couleur - Focolare in the US and Canada","description":"La spiritualit\u00e9 du Mouvement des Focolari \u00e0 travers tous les aspects de la vie.","robots":{"index":"index","follow":"follow","max-snippet":"max-snippet:-1","max-image-preview":"max-image-preview:large","max-video-preview":"max-video-preview:-1"},"canonical":"https:\/\/www.focolare.us\/fr\/life-in-color\/","og_locale":"fr_FR","og_type":"article","og_title":"La vie en couleur - Focolare in the US and Canada","og_description":"La spiritualit\u00e9 du Mouvement des Focolari \u00e0 travers tous les aspects de la vie.","og_url":"https:\/\/www.focolare.us\/fr\/life-in-color\/","og_site_name":"Focolare in the US and Canada","article_modified_time":"2021-09-23T02:22:17+00:00","og_image":[{"width":1880,"height":1253,"url":"https:\/\/www.focolare.us\/wp-content\/uploads\/2019\/10\/pexels-photo-1148496.jpeg","type":"image\/jpeg"}],"twitter_card":"summary_large_image","twitter_misc":{"Dur\u00e9e de lecture estim\u00e9e":"2 minutes"},"schema":{"@context":"https:\/\/schema.org","@graph":[{"@type":"WebPage","@id":"https:\/\/www.focolare.us\/fr\/life-in-color\/","url":"https:\/\/www.focolare.us\/fr\/life-in-color\/","name":"La vie en couleur - Focolare in the US and Canada","isPartOf":{"@id":"https:\/\/www.focolare.us\/fr\/#website"},"primaryImageOfPage":{"@id":"https:\/\/www.focolare.us\/fr\/life-in-color\/#primaryimage"},"image":{"@id":"https:\/\/www.focolare.us\/fr\/life-in-color\/#primaryimage"},"thumbnailUrl":"https:\/\/www.focolare.us\/wp-content\/uploads\/2019\/10\/pexels-photo-1148496.jpeg","datePublished":"2019-10-14T23:36:26+00:00","dateModified":"2021-09-23T02:22:17+00:00","description":"La spiritualit\u00e9 du Mouvement des Focolari \u00e0 travers tous les aspects de la vie.","breadcrumb":{"@id":"https:\/\/www.focolare.us\/fr\/life-in-color\/#breadcrumb"},"inLanguage":"fr-FR","potentialAction":[{"@type":"ReadAction","target":["https:\/\/www.focolare.us\/fr\/life-in-color\/"]}]},{"@type":"ImageObject","inLanguage":"fr-FR","@id":"https:\/\/www.focolare.us\/fr\/life-in-color\/#primaryimage","url":"https:\/\/www.focolare.us\/wp-content\/uploads\/2019\/10\/pexels-photo-1148496.jpeg","contentUrl":"https:\/\/www.focolare.us\/wp-content\/uploads\/2019\/10\/pexels-photo-1148496.jpeg","width":1880,"height":1253},{"@type":"BreadcrumbList","@id":"https:\/\/www.focolare.us\/fr\/life-in-color\/#breadcrumb","itemListElement":[{"@type":"ListItem","position":1,"name":"Home","item":"https:\/\/www.focolare.us\/fr\/"},{"@type":"ListItem","position":2,"name":"La vie en couleur"}]},{"@type":"WebSite","@id":"https:\/\/www.focolare.us\/fr\/#website","url":"https:\/\/www.focolare.us\/fr\/","name":"Focolare in the US and Canada","description":"Living for Unity in the US and Canada","publisher":{"@id":"https:\/\/www.focolare.us\/fr\/#organization"},"potentialAction":[{"@type":"SearchAction","target":{"@type":"EntryPoint","urlTemplate":"https:\/\/www.focolare.us\/fr\/?s={search_term_string}"},"query-input":{"@type":"PropertyValueSpecification","valueRequired":true,"valueName":"search_term_string"}}],"inLanguage":"fr-FR"},{"@type":"Organization","@id":"https:\/\/www.focolare.us\/fr\/#organization","name":"Focolare Movement","url":"https:\/\/www.focolare.us\/fr\/","logo":{"@type":"ImageObject","inLanguage":"fr-FR","@id":"https:\/\/www.focolare.us\/fr\/#\/schema\/logo\/image\/","url":"https:\/\/www.focolare.us\/wp-content\/uploads\/2019\/08\/focolare_inglese_RGB.png","contentUrl":"https:\/\/www.focolare.us\/wp-content\/uploads\/2019\/08\/focolare_inglese_RGB.png","width":200,"height":184,"caption":"Focolare Movement"},"image":{"@id":"https:\/\/www.focolare.us\/fr\/#\/schema\/logo\/image\/"},"sameAs":["https:\/\/en.wikipedia.org\/wiki\/Focolare_Movement"]}]}},"_links":{"self":[{"href":"https:\/\/www.focolare.us\/fr\/wp-json\/wp\/v2\/pages\/2795","targetHints":{"allow":["GET"]}}],"collection":[{"href":"https:\/\/www.focolare.us\/fr\/wp-json\/wp\/v2\/pages"}],"about":[{"href":"https:\/\/www.focolare.us\/fr\/wp-json\/wp\/v2\/types\/page"}],"author":[{"embeddable":true,"href":"https:\/\/www.focolare.us\/fr\/wp-json\/wp\/v2\/users\/2"}],"replies":[{"embeddable":true,"href":"https:\/\/www.focolare.us\/fr\/wp-json\/wp\/v2\/comments?post=2795"}],"version-history":[{"count":3,"href":"https:\/\/www.focolare.us\/fr\/wp-json\/wp\/v2\/pages\/2795\/revisions"}],"predecessor-version":[{"id":2832,"href":"https:\/\/www.focolare.us\/fr\/wp-json\/wp\/v2\/pages\/2795\/revisions\/2832"}],"wp:featuredmedia":[{"embeddable":true,"href":"https:\/\/www.focolare.us\/fr\/wp-json\/wp\/v2\/media\/2659"}],"wp:attachment":[{"href":"https:\/\/www.focolare.us\/fr\/wp-json\/wp\/v2\/media?parent=2795"}],"curies":[{"name":"wp","href":"https:\/\/api.w.org\/{rel}","templated":true}]}}