{"id":2792,"date":"2019-10-14T23:32:20","date_gmt":"2019-10-14T23:32:20","guid":{"rendered":"https:\/\/www.focolare.us\/focolare-lifestyle\/"},"modified":"2021-09-24T02:47:56","modified_gmt":"2021-09-24T02:47:56","slug":"focolare-lifestyle","status":"publish","type":"page","link":"https:\/\/www.focolare.us\/fr\/focolare-lifestyle\/","title":{"rendered":"Le style de vie des Focolari"},"content":{"rendered":"<div class=\"wpb-content-wrapper\"><p>[vc_row][vc_column width=\u00a0\u00bb1\/2&Prime;]<style type=\"text\/css\">.grve-title-gradient.grve-title-69f0fb18033e8 > span,.grve-title-gradient.grve-title-69f0fb18033e8 .grve-clipping-content > span {color: #3f90b9;background-image: -moz-linear-gradient(-45deg, #3f90b9 0%, #3f90b9 100%);background-image: -webkit-linear-gradient(-45deg, #3f90b9 0%, #3f90b9 100%);background-image: linear-gradient(135deg, #3f90b9 0%, #3f90b9 100%);}<\/style><h2 class=\"grve-element grve-title grve-align-left grve-h3 grve-title-gradient grve-title-69f0fb18033e8\" style=\"\"><span><br>\r\nLe Mouvement des Focolari construit des relations<br>\r\n<span class=\"grve-title-line grve-bg-primary-1\" style=\"width: 50px;height: 2px;\"><\/span><\/span><\/h2>[vc_column_text]<\/p>\r\n<p>La spiritualit\u00e9 du mouvement met l&rsquo;accent sur les relations, et ceux qui la vivent l&rsquo;expriment par l&rsquo;amour du prochain et de toute l&rsquo;humanit\u00e9. La construction de relations d&rsquo;amour et d&rsquo;unit\u00e9 constitue le c\u0153ur, l&rsquo;\u00e2me et l&rsquo;\u00e9nergie motrice de chaque communaut\u00e9, projet ou activit\u00e9 du mouvement. Lorsque Jean-Paul II a visit\u00e9 le si\u00e8ge du Mouvement des Focolari \u00e0 Rome en 1984, il a fait remarquer que l&rsquo;amour \u00e9tait \u00ab\u00a0l&rsquo;\u00e9tincelle inspiratrice\u00a0\u00bb de tout ce qui se faisait sous la banni\u00e8re \u00ab\u00a0Focolari\u00a0\u00bb.<\/p>\r\n<p>[\/vc_column_text][\/vc_column][vc_column vertical_content_position=\u00a0\u00bbmiddle\u00a0\u00bb width=\u00a0\u00bb1\/2&Prime; mobile_width=\u00a0\u00bbhide\u00a0\u00bb text_align=\u00a0\u00bbcenter\u00a0\u00bb]<div class=\"grve-element grve-image grve-animated-item grve-duration-normal grve-fade-in-up grve-align-center\" style=\"\" data-delay=\"200\">  <div class=\"grve-image-wrapper\"><img loading=\"lazy\" decoding=\"async\" width=\"1024\" height=\"683\" src=\"https:\/\/www.focolare.us\/wp-content\/uploads\/2020\/10\/EVFN-20170310-165345-1-1024x683.jpg\" class=\"attachment-large size-large\" alt=\"\" srcset=\"https:\/\/www.focolare.us\/wp-content\/uploads\/2020\/10\/EVFN-20170310-165345-1-1024x683.jpg 1024w, https:\/\/www.focolare.us\/wp-content\/uploads\/2020\/10\/EVFN-20170310-165345-1-300x200.jpg 300w, https:\/\/www.focolare.us\/wp-content\/uploads\/2020\/10\/EVFN-20170310-165345-1-768x512.jpg 768w, https:\/\/www.focolare.us\/wp-content\/uploads\/2020\/10\/EVFN-20170310-165345-1-1536x1024.jpg 1536w, https:\/\/www.focolare.us\/wp-content\/uploads\/2020\/10\/EVFN-20170310-165345-1-1920x1280.jpg 1920w\" sizes=\"auto, (max-width: 1024px) 100vw, 1024px\" \/>   <\/div><\/div>[\/vc_column][\/vc_row][vc_row equal_column_height=\u00a0\u00bbequal-column\u00a0\u00bb][vc_column vertical_content_position=\u00a0\u00bbmiddle\u00a0\u00bb width=\u00a0\u00bb1\/2&Prime; mobile_width=\u00a0\u00bbhide\u00a0\u00bb]<div class=\"grve-element grve-image grve-animated-item grve-duration-normal grve-fade-in-up grve-align-center\" style=\"\" data-delay=\"200\">  <div class=\"grve-image-wrapper\"><img loading=\"lazy\" decoding=\"async\" width=\"1024\" height=\"684\" src=\"https:\/\/www.focolare.us\/wp-content\/uploads\/2019\/10\/WoL-1024x684.jpg\" class=\"attachment-large size-large\" alt=\"\" srcset=\"https:\/\/www.focolare.us\/wp-content\/uploads\/2019\/10\/WoL-1024x684.jpg 1024w, https:\/\/www.focolare.us\/wp-content\/uploads\/2019\/10\/WoL-300x200.jpg 300w, https:\/\/www.focolare.us\/wp-content\/uploads\/2019\/10\/WoL-768x513.jpg 768w, https:\/\/www.focolare.us\/wp-content\/uploads\/2019\/10\/WoL.jpg 1200w\" sizes=\"auto, (max-width: 1024px) 100vw, 1024px\" \/>   <\/div><\/div>[\/vc_column][vc_column width=\u00a0\u00bb1\/2&Prime;]<style type=\"text\/css\">.grve-title-gradient.grve-title-69f0fb1803cbe > span,.grve-title-gradient.grve-title-69f0fb1803cbe .grve-clipping-content > span {color: #3f90b9;background-image: -moz-linear-gradient(-45deg, #3f90b9 0%, #3f90b9 100%);background-image: -webkit-linear-gradient(-45deg, #3f90b9 0%, #3f90b9 100%);background-image: linear-gradient(135deg, #3f90b9 0%, #3f90b9 100%);}<\/style><h2 class=\"grve-element grve-title grve-align-left grve-h3 grve-title-gradient grve-title-69f0fb1803cbe\" style=\"\"><span><br>\r\nLe Mouvement des Focolari est une spiritualit\u00e9 communautaire<br>\r\n<span class=\"grve-title-line grve-bg-primary-1\" style=\"width: 50px;height: 2px;\"><\/span><\/span><\/h2>[vc_column_text]<!-- \/wp:post-content --><\/p>\r\n<p>Nous allons \u00e0 Dieu ensemble, ce qui signifie que nous cherchons \u00e0 nous donner au point que la personne que nous aimons commence \u00e0 nous rendre la pareille. Dans la spiritualit\u00e9 de l&rsquo;unit\u00e9, l&rsquo;amour du prochain n&rsquo;est pas seulement une cons\u00e9quence de l&rsquo;amour de Dieu, mais le chemin indispensable pour aimer Dieu. L&rsquo;amour de Dieu conduit in\u00e9vitablement \u00e0 l&rsquo;amour du prochain, et l&rsquo;amour du prochain conduit \u00e0 son tour \u00e0 l&rsquo;union avec Dieu.<\/p>\r\n<p>Le nouveau commandement de J\u00e9sus, \u00ab\u00a0Comme je vous ai aim\u00e9s, vous aussi, aimez-vous les uns les autres\u00a0\u00bb (Jn 13, 34-35), nous invite \u00e0 cr\u00e9er des relations qui d\u00e9passent notre ego personnel et \u00e0 instaurer une culture de croissance mutuelle. \u00ab\u00a0Une spiritualit\u00e9 de l&rsquo;unit\u00e9 nous invite \u00e0 mettre l&rsquo;amour mutuel et constant avant toutes les activit\u00e9s de l&rsquo;\u00e9glise afin de les rendre vraiment chr\u00e9tiennes et fructueuses\u00a0\u00bb (tir\u00e9 de \u00ab\u00a0Appel\u00e9s \u00e0 \u00eatre Communaut\u00e9\u00a0\u00bb).<\/p>\r\n<p>[\/vc_column_text][\/vc_column][\/vc_row][vc_row][vc_column width=\u00a0\u00bb1\/2&Prime;]<style type=\"text\/css\">.grve-title-gradient.grve-title-69f0fb1803ce9 > span,.grve-title-gradient.grve-title-69f0fb1803ce9 .grve-clipping-content > span {color: #3f90b9;background-image: -moz-linear-gradient(-45deg, #3f90b9 0%, #3f90b9 100%);background-image: -webkit-linear-gradient(-45deg, #3f90b9 0%, #3f90b9 100%);background-image: linear-gradient(135deg, #3f90b9 0%, #3f90b9 100%);}<\/style><h2 class=\"grve-element grve-title grve-align-left grve-h3 grve-title-gradient grve-title-69f0fb1803ce9\" style=\"\"><span><br>\r\nLa spiritualit\u00e9 du Mouvement des Focolari est pour le monde d&rsquo;aujourd&rsquo;hui<br>\r\n<span class=\"grve-title-line grve-bg-primary-1\" style=\"width: 50px;height: 2px;\"><\/span><\/span><\/h2>[vc_column_text]<!-- \/wp:paragraph --><\/p>\r\n<p>Le Mouvement des Focolari consiste donc \u00e0 \u00e9tablir des relations de don avec tous ceux que nous rencontrons dans la vie quotidienne. Le prochain n\u2019est pas un obstacle, mais une occasion de nous rapprocher de Dieu. C&rsquo;est pourquoi la spiritualit\u00e9 de l&rsquo;unit\u00e9 ouvre \u00e0 tous, en toute circonstance et en toute situation, un chemin vers une union profonde avec Dieu.<\/p>\r\n<p>\u00ab\u00a0C&rsquo;est la grande attraction des temps modernes, p\u00e9n\u00e9trer jusqu&rsquo;\u00e0 la plus haute contemplation en se m\u00ealant \u00e0 tout le monde, une personne aux c\u00f4t\u00e9s d\u2019autres\u00a0\u00bb, \u00e9crivait Chiara Lubich.<\/p>\r\n<p>[\/vc_column_text][\/vc_column][vc_column width=\u00a0\u00bb1\/2&Prime;]<div class=\"grve-element grve-video\" style=\"\"><iframe loading=\"lazy\" title=\"Vantage Point - Focolare\" width=\"1080\" height=\"608\" src=\"https:\/\/www.youtube.com\/embed\/mzAA30Ue4PA?feature=oembed\" frameborder=\"0\" allow=\"accelerometer; autoplay; encrypted-media; gyroscope; picture-in-picture\" allowfullscreen><\/iframe><\/div>[\/vc_column][\/vc_row][vc_row padding_bottom_multiplier=\u00a0\u00bb3x\u00a0\u00bb columns_gap=\u00a0\u00bb40&Prime;][vc_column width=\u00a0\u00bb1\/2&Prime; shadow=\u00a0\u00bbsmall\u00a0\u00bb css=\u00a0\u00bb.vc_custom_1605061005153{background-color: #d0e4f4 !important;border-radius: 20px !important;}\u00a0\u00bb]<div class=\"grve-empty-space grve-height-1x\" style=\"\"><\/div><div class=\"grve-element grve-single-icon grve-align-center grve-medium\" style=\"margin-bottom: 30px;\">  <div class=\"grve-wrapper-icon grve-no-shape\" style=\"\"><i class=\"fas fa-hand-holding-heart grve-text-primary-2\"><\/i><\/div><\/div>[vc_column_text]<\/p>\r\n<p style=\"text-align: center;\"><strong>Colorez votre vie d&rsquo;amour.<\/strong><br \/>\r\nLa spiritualit\u00e9 du Mouvement des Focolari \u00e0 travers tous les aspects de votre vie quotidienne.<\/p>\r\n<p>[\/vc_column_text]<div class=\"grve-empty-space grve-height-1x\" style=\"\"><\/div><div class=\"grve-element grve-align-center\"><a href=\"https:\/\/www.focolare.us\/fr\/life-in-color\/\" title=\"Life in color\" class=\"grve-btn grve-btn-large grve-round grve-bg-primary-2 grve-bg-hover-primary-1\"><span>La vie en couleur<\/span><\/a><\/div><div class=\"grve-empty-space grve-height-1x\" style=\"\"><\/div>[\/vc_column][vc_column width=\u00a0\u00bb1\/2&Prime; shadow=\u00a0\u00bbsmall\u00a0\u00bb css=\u00a0\u00bb.vc_custom_1605061014691{background-color: #d0e4f4 !important;border-radius: 20px !important;}\u00a0\u00bb]<div class=\"grve-empty-space grve-height-1x\" style=\"\"><\/div><div class=\"grve-element grve-single-icon grve-align-center grve-medium\" style=\"margin-bottom: 30px;\">  <div class=\"grve-wrapper-icon grve-no-shape\" style=\"\"><i class=\"fas fa-book grve-text-primary-2\"><\/i><\/div><\/div>[vc_column_text]<\/p>\r\n<p style=\"text-align: center;\"><strong>Ne vous contentez pas de lire la Bible. Vivez-la.<\/strong><br \/>\r\nLaissez-vous inspirer par notre commentaire mensuel d&rsquo;un verset de la Bible.<\/p>\r\n<p>[\/vc_column_text]<div class=\"grve-empty-space grve-height-1x\" style=\"\"><\/div><div class=\"grve-element grve-align-center\"><a href=\"https:\/\/www.focolare.us\/fr\/word-of-life\/\" title=\"Word of Life\" class=\"grve-btn grve-btn-large grve-round grve-bg-primary-2 grve-bg-hover-primary-1\"><span>Parole de vie<\/span><\/a><\/div><div class=\"grve-empty-space grve-height-1x\" style=\"\"><\/div>[\/vc_column][\/vc_row][vc_row bg_type=\u00a0\u00bbcolor\u00a0\u00bb padding_bottom_multiplier=\u00a0\u00bb\u00a0\u00bb bg_color=\u00a0\u00bb#d0e4f4&Prime; margin_bottom=\u00a0\u00bb0&Prime;][vc_column width=\u00a0\u00bb2\/3&Prime;]<style type=\"text\/css\">.grve-title-gradient.grve-title-69f0fb1805ba8 > span,.grve-title-gradient.grve-title-69f0fb1805ba8 .grve-clipping-content > span {color: #3f90b9;background-image: -moz-linear-gradient(-45deg, #3f90b9 0%, #3f90b9 100%);background-image: -webkit-linear-gradient(-45deg, #3f90b9 0%, #3f90b9 100%);background-image: linear-gradient(135deg, #3f90b9 0%, #3f90b9 100%);}<\/style><h2 class=\"grve-element grve-title grve-align-left grve-h3 grve-title-gradient grve-title-69f0fb1805ba8\" style=\"\"><span><br>\r\nResources<br>\r\n<span class=\"grve-title-line grve-bg-primary-1\" style=\"width: 50px;height: 2px;\"><\/span><\/span><\/h2>[vc_column_text]<!-- \/wp:paragraph --><\/p>\r\n<ul>\r\n<li><a href=\"https:\/\/docs.lib.purdue.edu\/cgi\/viewcontent.cgi?article=1020&amp;context=claritas\" target=\"_blank\" rel=\"noopener noreferrer\">Article: \u00ab\u00a0Spirituality and Trinitarian Theology in the Thought and Life of Chiara Lubich\u00a0\u00bb<\/a><\/li>\r\n<li><a href=\"https:\/\/livingcitymagazine.com\/product\/called-be-community-guide-living-spirituality-communion\" target=\"_blank\" rel=\"noopener noreferrer\">Manual: \u00ab\u00a0Called to be community &#8211; A guide to living a spirituality of communion\u00a0\u00bb<\/a><\/li>\r\n<li><a href=\"https:\/\/www.newcitypress.com\/catalog\/product\/view\/id\/258\/s\/a-new-way\/category\/158\/\" target=\"_blank\" rel=\"noopener noreferrer\">Book: \u00ab\u00a0A New Way: the Spirituality of Unity\u00a0\u00bb<\/a><\/li>\r\n<li><a href=\"https:\/\/ncp.newcitypress.com\/maytheyallbeone\" target=\"_blank\" rel=\"noopener noreferrer\">Free Audiobook \u00ab\u00a0May They All Be One: Origins and Life of the Focolare Movement\u00a0\u00bb<\/a><\/li>\r\n<\/ul>\r\n<p><!-- \/wp:paragraph -->[\/vc_column_text]<div class=\"grve-empty-space grve-height-1x\" style=\"\"><\/div>[\/vc_column][vc_column width=\u00a0\u00bb1\/3&Prime;][\/vc_column][\/vc_row]<\/p>\r\n<!-- \/wp:freeform --><\/div>","protected":false},"excerpt":{"rendered":"<p>[vc_row][vc_column width=\u00a0\u00bb1\/2&Prime;][vc_column_text] La spiritualit\u00e9 du mouvement met l&rsquo;accent sur les relations, et ceux qui la vivent l&rsquo;expriment par l&rsquo;amour du prochain et de toute l&rsquo;humanit\u00e9. La construction de relations d&rsquo;amour et d&rsquo;unit\u00e9 constitue le c\u0153ur, l&rsquo;\u00e2me et l&rsquo;\u00e9nergie motrice de chaque communaut\u00e9, projet ou activit\u00e9 du mouvement. Lorsque Jean-Paul II a visit\u00e9 le si\u00e8ge du [&hellip;]<\/p>\n","protected":false},"author":2,"featured_media":2657,"parent":0,"menu_order":0,"comment_status":"closed","ping_status":"closed","template":"","meta":{"footnotes":""},"class_list":["post-2792","page","type-page","status-publish","has-post-thumbnail","hentry"],"yoast_head":"<!-- This site is optimized with the Yoast SEO plugin v27.5 - https:\/\/yoast.com\/product\/yoast-seo-wordpress\/ -->\n<title>Le style de vie des Focolari - Focolare in the US and Canada<\/title>\n<meta name=\"description\" content=\"La spiritualit\u00e9 du mouvement met l&#039;accent sur les relations, et ceux qui la vivent l&#039;expriment par l&#039;amour du prochain et de toute l&#039;humanit\u00e9.\" \/>\n<meta name=\"robots\" content=\"index, follow, max-snippet:-1, max-image-preview:large, max-video-preview:-1\" \/>\n<link rel=\"canonical\" href=\"https:\/\/www.focolare.us\/fr\/focolare-lifestyle\/\" \/>\n<meta property=\"og:locale\" content=\"fr_FR\" \/>\n<meta property=\"og:type\" content=\"article\" \/>\n<meta property=\"og:title\" content=\"Le style de vie des Focolari - Focolare in the US and Canada\" \/>\n<meta property=\"og:description\" content=\"La spiritualit\u00e9 du mouvement met l&#039;accent sur les relations, et ceux qui la vivent l&#039;expriment par l&#039;amour du prochain et de toute l&#039;humanit\u00e9.\" \/>\n<meta property=\"og:url\" content=\"https:\/\/www.focolare.us\/fr\/focolare-lifestyle\/\" \/>\n<meta property=\"og:site_name\" content=\"Focolare in the US and Canada\" \/>\n<meta property=\"article:modified_time\" content=\"2021-09-24T02:47:56+00:00\" \/>\n<meta property=\"og:image\" content=\"https:\/\/www.focolare.us\/wp-content\/uploads\/2019\/10\/pexels-photo-343469.jpeg\" \/>\n\t<meta property=\"og:image:width\" content=\"1880\" \/>\n\t<meta property=\"og:image:height\" content=\"1257\" \/>\n\t<meta property=\"og:image:type\" content=\"image\/jpeg\" \/>\n<meta name=\"twitter:card\" content=\"summary_large_image\" \/>\n<meta name=\"twitter:label1\" content=\"Dur\u00e9e de lecture estim\u00e9e\" \/>\n\t<meta name=\"twitter:data1\" content=\"3 minutes\" \/>\n<script type=\"application\/ld+json\" class=\"yoast-schema-graph\">{\"@context\":\"https:\\\/\\\/schema.org\",\"@graph\":[{\"@type\":\"WebPage\",\"@id\":\"https:\\\/\\\/www.focolare.us\\\/fr\\\/focolare-lifestyle\\\/\",\"url\":\"https:\\\/\\\/www.focolare.us\\\/fr\\\/focolare-lifestyle\\\/\",\"name\":\"Le style de vie des Focolari - Focolare in the US and Canada\",\"isPartOf\":{\"@id\":\"https:\\\/\\\/www.focolare.us\\\/fr\\\/#website\"},\"primaryImageOfPage\":{\"@id\":\"https:\\\/\\\/www.focolare.us\\\/fr\\\/focolare-lifestyle\\\/#primaryimage\"},\"image\":{\"@id\":\"https:\\\/\\\/www.focolare.us\\\/fr\\\/focolare-lifestyle\\\/#primaryimage\"},\"thumbnailUrl\":\"https:\\\/\\\/www.focolare.us\\\/wp-content\\\/uploads\\\/2019\\\/10\\\/pexels-photo-343469.jpeg\",\"datePublished\":\"2019-10-14T23:32:20+00:00\",\"dateModified\":\"2021-09-24T02:47:56+00:00\",\"description\":\"La spiritualit\u00e9 du mouvement met l'accent sur les relations, et ceux qui la vivent l'expriment par l'amour du prochain et de toute l'humanit\u00e9.\",\"breadcrumb\":{\"@id\":\"https:\\\/\\\/www.focolare.us\\\/fr\\\/focolare-lifestyle\\\/#breadcrumb\"},\"inLanguage\":\"fr-FR\",\"potentialAction\":[{\"@type\":\"ReadAction\",\"target\":[\"https:\\\/\\\/www.focolare.us\\\/fr\\\/focolare-lifestyle\\\/\"]}]},{\"@type\":\"ImageObject\",\"inLanguage\":\"fr-FR\",\"@id\":\"https:\\\/\\\/www.focolare.us\\\/fr\\\/focolare-lifestyle\\\/#primaryimage\",\"url\":\"https:\\\/\\\/www.focolare.us\\\/wp-content\\\/uploads\\\/2019\\\/10\\\/pexels-photo-343469.jpeg\",\"contentUrl\":\"https:\\\/\\\/www.focolare.us\\\/wp-content\\\/uploads\\\/2019\\\/10\\\/pexels-photo-343469.jpeg\",\"width\":1880,\"height\":1257},{\"@type\":\"BreadcrumbList\",\"@id\":\"https:\\\/\\\/www.focolare.us\\\/fr\\\/focolare-lifestyle\\\/#breadcrumb\",\"itemListElement\":[{\"@type\":\"ListItem\",\"position\":1,\"name\":\"Home\",\"item\":\"https:\\\/\\\/www.focolare.us\\\/fr\\\/\"},{\"@type\":\"ListItem\",\"position\":2,\"name\":\"Le style de vie des Focolari\"}]},{\"@type\":\"WebSite\",\"@id\":\"https:\\\/\\\/www.focolare.us\\\/fr\\\/#website\",\"url\":\"https:\\\/\\\/www.focolare.us\\\/fr\\\/\",\"name\":\"Focolare in the US and Canada\",\"description\":\"Living for Unity in the US and Canada\",\"publisher\":{\"@id\":\"https:\\\/\\\/www.focolare.us\\\/fr\\\/#organization\"},\"potentialAction\":[{\"@type\":\"SearchAction\",\"target\":{\"@type\":\"EntryPoint\",\"urlTemplate\":\"https:\\\/\\\/www.focolare.us\\\/fr\\\/?s={search_term_string}\"},\"query-input\":{\"@type\":\"PropertyValueSpecification\",\"valueRequired\":true,\"valueName\":\"search_term_string\"}}],\"inLanguage\":\"fr-FR\"},{\"@type\":\"Organization\",\"@id\":\"https:\\\/\\\/www.focolare.us\\\/fr\\\/#organization\",\"name\":\"Focolare Movement\",\"url\":\"https:\\\/\\\/www.focolare.us\\\/fr\\\/\",\"logo\":{\"@type\":\"ImageObject\",\"inLanguage\":\"fr-FR\",\"@id\":\"https:\\\/\\\/www.focolare.us\\\/fr\\\/#\\\/schema\\\/logo\\\/image\\\/\",\"url\":\"https:\\\/\\\/www.focolare.us\\\/wp-content\\\/uploads\\\/2019\\\/08\\\/focolare_inglese_RGB.png\",\"contentUrl\":\"https:\\\/\\\/www.focolare.us\\\/wp-content\\\/uploads\\\/2019\\\/08\\\/focolare_inglese_RGB.png\",\"width\":200,\"height\":184,\"caption\":\"Focolare Movement\"},\"image\":{\"@id\":\"https:\\\/\\\/www.focolare.us\\\/fr\\\/#\\\/schema\\\/logo\\\/image\\\/\"},\"sameAs\":[\"https:\\\/\\\/en.wikipedia.org\\\/wiki\\\/Focolare_Movement\"]}]}<\/script>\n<!-- \/ Yoast SEO plugin. -->","yoast_head_json":{"title":"Le style de vie des Focolari - Focolare in the US and Canada","description":"La spiritualit\u00e9 du mouvement met l'accent sur les relations, et ceux qui la vivent l'expriment par l'amour du prochain et de toute l'humanit\u00e9.","robots":{"index":"index","follow":"follow","max-snippet":"max-snippet:-1","max-image-preview":"max-image-preview:large","max-video-preview":"max-video-preview:-1"},"canonical":"https:\/\/www.focolare.us\/fr\/focolare-lifestyle\/","og_locale":"fr_FR","og_type":"article","og_title":"Le style de vie des Focolari - Focolare in the US and Canada","og_description":"La spiritualit\u00e9 du mouvement met l'accent sur les relations, et ceux qui la vivent l'expriment par l'amour du prochain et de toute l'humanit\u00e9.","og_url":"https:\/\/www.focolare.us\/fr\/focolare-lifestyle\/","og_site_name":"Focolare in the US and Canada","article_modified_time":"2021-09-24T02:47:56+00:00","og_image":[{"width":1880,"height":1257,"url":"https:\/\/www.focolare.us\/wp-content\/uploads\/2019\/10\/pexels-photo-343469.jpeg","type":"image\/jpeg"}],"twitter_card":"summary_large_image","twitter_misc":{"Dur\u00e9e de lecture estim\u00e9e":"3 minutes"},"schema":{"@context":"https:\/\/schema.org","@graph":[{"@type":"WebPage","@id":"https:\/\/www.focolare.us\/fr\/focolare-lifestyle\/","url":"https:\/\/www.focolare.us\/fr\/focolare-lifestyle\/","name":"Le style de vie des Focolari - Focolare in the US and Canada","isPartOf":{"@id":"https:\/\/www.focolare.us\/fr\/#website"},"primaryImageOfPage":{"@id":"https:\/\/www.focolare.us\/fr\/focolare-lifestyle\/#primaryimage"},"image":{"@id":"https:\/\/www.focolare.us\/fr\/focolare-lifestyle\/#primaryimage"},"thumbnailUrl":"https:\/\/www.focolare.us\/wp-content\/uploads\/2019\/10\/pexels-photo-343469.jpeg","datePublished":"2019-10-14T23:32:20+00:00","dateModified":"2021-09-24T02:47:56+00:00","description":"La spiritualit\u00e9 du mouvement met l'accent sur les relations, et ceux qui la vivent l'expriment par l'amour du prochain et de toute l'humanit\u00e9.","breadcrumb":{"@id":"https:\/\/www.focolare.us\/fr\/focolare-lifestyle\/#breadcrumb"},"inLanguage":"fr-FR","potentialAction":[{"@type":"ReadAction","target":["https:\/\/www.focolare.us\/fr\/focolare-lifestyle\/"]}]},{"@type":"ImageObject","inLanguage":"fr-FR","@id":"https:\/\/www.focolare.us\/fr\/focolare-lifestyle\/#primaryimage","url":"https:\/\/www.focolare.us\/wp-content\/uploads\/2019\/10\/pexels-photo-343469.jpeg","contentUrl":"https:\/\/www.focolare.us\/wp-content\/uploads\/2019\/10\/pexels-photo-343469.jpeg","width":1880,"height":1257},{"@type":"BreadcrumbList","@id":"https:\/\/www.focolare.us\/fr\/focolare-lifestyle\/#breadcrumb","itemListElement":[{"@type":"ListItem","position":1,"name":"Home","item":"https:\/\/www.focolare.us\/fr\/"},{"@type":"ListItem","position":2,"name":"Le style de vie des Focolari"}]},{"@type":"WebSite","@id":"https:\/\/www.focolare.us\/fr\/#website","url":"https:\/\/www.focolare.us\/fr\/","name":"Focolare in the US and Canada","description":"Living for Unity in the US and Canada","publisher":{"@id":"https:\/\/www.focolare.us\/fr\/#organization"},"potentialAction":[{"@type":"SearchAction","target":{"@type":"EntryPoint","urlTemplate":"https:\/\/www.focolare.us\/fr\/?s={search_term_string}"},"query-input":{"@type":"PropertyValueSpecification","valueRequired":true,"valueName":"search_term_string"}}],"inLanguage":"fr-FR"},{"@type":"Organization","@id":"https:\/\/www.focolare.us\/fr\/#organization","name":"Focolare Movement","url":"https:\/\/www.focolare.us\/fr\/","logo":{"@type":"ImageObject","inLanguage":"fr-FR","@id":"https:\/\/www.focolare.us\/fr\/#\/schema\/logo\/image\/","url":"https:\/\/www.focolare.us\/wp-content\/uploads\/2019\/08\/focolare_inglese_RGB.png","contentUrl":"https:\/\/www.focolare.us\/wp-content\/uploads\/2019\/08\/focolare_inglese_RGB.png","width":200,"height":184,"caption":"Focolare Movement"},"image":{"@id":"https:\/\/www.focolare.us\/fr\/#\/schema\/logo\/image\/"},"sameAs":["https:\/\/en.wikipedia.org\/wiki\/Focolare_Movement"]}]}},"_links":{"self":[{"href":"https:\/\/www.focolare.us\/fr\/wp-json\/wp\/v2\/pages\/2792","targetHints":{"allow":["GET"]}}],"collection":[{"href":"https:\/\/www.focolare.us\/fr\/wp-json\/wp\/v2\/pages"}],"about":[{"href":"https:\/\/www.focolare.us\/fr\/wp-json\/wp\/v2\/types\/page"}],"author":[{"embeddable":true,"href":"https:\/\/www.focolare.us\/fr\/wp-json\/wp\/v2\/users\/2"}],"replies":[{"embeddable":true,"href":"https:\/\/www.focolare.us\/fr\/wp-json\/wp\/v2\/comments?post=2792"}],"version-history":[{"count":3,"href":"https:\/\/www.focolare.us\/fr\/wp-json\/wp\/v2\/pages\/2792\/revisions"}],"predecessor-version":[{"id":2844,"href":"https:\/\/www.focolare.us\/fr\/wp-json\/wp\/v2\/pages\/2792\/revisions\/2844"}],"wp:featuredmedia":[{"embeddable":true,"href":"https:\/\/www.focolare.us\/fr\/wp-json\/wp\/v2\/media\/2657"}],"wp:attachment":[{"href":"https:\/\/www.focolare.us\/fr\/wp-json\/wp\/v2\/media?parent=2792"}],"curies":[{"name":"wp","href":"https:\/\/api.w.org\/{rel}","templated":true}]}}