{"id":2789,"date":"2019-08-08T03:32:11","date_gmt":"2019-08-08T03:32:11","guid":{"rendered":"https:\/\/www.focolare.us\/word-of-life\/"},"modified":"2021-09-17T20:56:37","modified_gmt":"2021-09-17T20:56:37","slug":"word-of-life","status":"publish","type":"page","link":"https:\/\/www.focolare.us\/fr\/word-of-life\/","title":{"rendered":"Parole de vie"},"content":{"rendered":"<div class=\"wpb-content-wrapper\"><p>[vc_row][vc_column width=\u00a0\u00bb2\/3&Prime;][vc_column_text]Que nous dit l&rsquo;\u00c9vangile lorsque nous sommes contrari\u00e9s, lorsque nous avons affaire \u00e0 une personne difficile, lorsque nous sommes fatigu\u00e9s ou lorsque nous rencontrons quelqu&rsquo;un pour la premi\u00e8re fois ? Le Mouvement des Focolari met l&rsquo;accent sur le fait de vivre l&rsquo;\u00c9vangile dans toutes les situations de la vie. Les paroles de l&rsquo;\u00c9criture peuvent devenir un \u00ab\u00a0manuel d&rsquo;instruction\u00a0\u00bb pour la vie, ou simplement des \u00ab\u00a0paroles de vie\u00a0\u00bb.<\/p>\n<p>La parole de vie du Mouvement des Focolari est une phrase choisie chaque mois et partag\u00e9e dans le monde entier, que nous sommes tous invit\u00e9s \u00e0 vivre. Le commentaire qui l&rsquo;accompagne est traduit dans quelque 90 langues et dialectes diff\u00e9rents, touchant des millions de personnes dans le monde entier par le biais de la presse \u00e9crite, de la radio, de la t\u00e9l\u00e9vision et d&rsquo;autres m\u00e9dias. Il existe \u00e9galement des versions sp\u00e9cifiques aux enfants et aux adolescents.[\/vc_column_text]<div class=\"grve-empty-space grve-height-1x\" style=\"\"><\/div><div class=\"grve-element grve-image grve-align-center\" style=\"margin-bottom: 2px;\">  <div class=\"grve-image-wrapper\"><img loading=\"lazy\" decoding=\"async\" width=\"1200\" height=\"801\" src=\"https:\/\/www.focolare.us\/wp-content\/uploads\/2019\/10\/WoL.jpg\" class=\"attachment-full size-full\" alt=\"\" srcset=\"https:\/\/www.focolare.us\/wp-content\/uploads\/2019\/10\/WoL.jpg 1200w, https:\/\/www.focolare.us\/wp-content\/uploads\/2019\/10\/WoL-300x200.jpg 300w, https:\/\/www.focolare.us\/wp-content\/uploads\/2019\/10\/WoL-768x513.jpg 768w, https:\/\/www.focolare.us\/wp-content\/uploads\/2019\/10\/WoL-1024x684.jpg 1024w\" sizes=\"auto, (max-width: 1200px) 100vw, 1200px\" \/>   <\/div><\/div><div class=\"grve-empty-space grve-height-1x\" style=\"\"><\/div>[vc_column_text]Chiara Lubich explique comment est n\u00e9e la Parole de Vie. \u00ab\u00a0La Seconde Guerre mondiale faisait encore rage. Chaque fois que la sir\u00e8ne de raid a\u00e9rien retentissait, la seule chose que mes amies et moi emportions dans l&rsquo;abri \u00e9tait un petit livre : l&rsquo;\u00c9vangile.<\/p>\n<p>\u00ab\u00a0Nous l&rsquo;ouvrions et, au fur et \u00e0 mesure que nous lisions, les mots s&rsquo;illuminaient comme s&rsquo;il y avait une bougie sous eux, m\u00eame si nous les connaissions d\u00e9j\u00e0 tr\u00e8s bien. Mais maintenant, ils enflammaient nos c\u0153urs et nous poussaient \u00e0 les mettre en pratique imm\u00e9diatement. Nous \u00e9tions attir\u00e9es par tous ces textes et nous essayions de les vivre les uns apr\u00e8s les autres.<\/p>\n<p>\u00a0\u00bb Nous lisions par exemple : &lsquo;Aime ton prochain comme toi-m\u00eame&rsquo; (Mt 19, 19). Notre prochain. O\u00f9 \u00e9tait notre prochain ? L\u00e0, \u00e0 c\u00f4t\u00e9 de nous, dans toutes les personnes qui avaient \u00e9t\u00e9 touch\u00e9es par la guerre, bless\u00e9es, sans v\u00eatements, sans maison, affam\u00e9es et assoiff\u00e9es. Nous nous sommes imm\u00e9diatement consacr\u00e9es \u00e0 elles de multiples fa\u00e7ons\u00a0\u00bb.<\/p>\n<p>Chiara et ses amies proches ont commenc\u00e9 \u00e0 vivre une phrase de l&rsquo;\u00c9vangile \u00e0 la fois. Puis elles ont partag\u00e9 leurs exp\u00e9riences, s&rsquo;entraidant et se rapprochant les unes des autres en cours de route.<\/p>\n<p>Cette exp\u00e9rience leur a fait prendre conscience que non seulement nous pouvons \u00e9tudier la parole de Dieu, en discuter, la m\u00e9moriser et prier \u00e0 son sujet, mais surtout que nous pouvons la vivre et partager nos exp\u00e9riences. Ce partage peut \u00eatre un barom\u00e8tre de la qualit\u00e9 de notre vie. Nous apprenons \u00e9galement les uns des autres sur les nombreuses mani\u00e8res diff\u00e9rentes dont la Parole de Vie peut \u00eatre v\u00e9cue chaque jour.[\/vc_column_text][vc_column_text][\/vc_column_text][\/vc_column][vc_column width=\u00a0\u00bb1\/3&Prime; text_align=\u00a0\u00bbcenter\u00a0\u00bb][vc_widget_sidebar sidebar_id=\u00a0\u00bbmovedo_grve_sidebar_5ecaa88b4f46e\u00a0\u00bb][\/vc_column][\/vc_row]<\/p>\n<\/div>","protected":false},"excerpt":{"rendered":"<p>[vc_row][vc_column width=\u00a0\u00bb2\/3&Prime;][vc_column_text]Que nous dit l&rsquo;\u00c9vangile lorsque nous sommes contrari\u00e9s, lorsque nous avons affaire \u00e0 une personne difficile, lorsque nous sommes fatigu\u00e9s ou lorsque nous rencontrons quelqu&rsquo;un pour la premi\u00e8re fois ? Le Mouvement des Focolari met l&rsquo;accent sur le fait de vivre l&rsquo;\u00c9vangile dans toutes les situations de la vie. Les paroles de l&rsquo;\u00c9criture peuvent [&hellip;]<\/p>\n","protected":false},"author":2,"featured_media":2593,"parent":0,"menu_order":0,"comment_status":"closed","ping_status":"closed","template":"","meta":{"footnotes":""},"class_list":["post-2789","page","type-page","status-publish","has-post-thumbnail","hentry"],"yoast_head":"<!-- This site is optimized with the Yoast SEO plugin v27.4 - https:\/\/yoast.com\/product\/yoast-seo-wordpress\/ -->\n<title>Parole de vie - Focolare in the US and Canada<\/title>\n<meta name=\"description\" content=\"La parole de vie du Mouvement des Focolari est une phrase choisie chaque mois et partag\u00e9e dans le monde entier, que nous sommes tous invit\u00e9s \u00e0 vivre.\" \/>\n<meta name=\"robots\" content=\"index, follow, max-snippet:-1, max-image-preview:large, max-video-preview:-1\" \/>\n<link rel=\"canonical\" href=\"https:\/\/www.focolare.us\/fr\/word-of-life\/\" \/>\n<meta property=\"og:locale\" content=\"fr_FR\" \/>\n<meta property=\"og:type\" content=\"article\" \/>\n<meta property=\"og:title\" content=\"Parole de vie - Focolare in the US and Canada\" \/>\n<meta property=\"og:description\" content=\"La parole de vie du Mouvement des Focolari est une phrase choisie chaque mois et partag\u00e9e dans le monde entier, que nous sommes tous invit\u00e9s \u00e0 vivre.\" \/>\n<meta property=\"og:url\" content=\"https:\/\/www.focolare.us\/fr\/word-of-life\/\" \/>\n<meta property=\"og:site_name\" content=\"Focolare in the US and Canada\" \/>\n<meta property=\"article:modified_time\" content=\"2021-09-17T20:56:37+00:00\" \/>\n<meta property=\"og:image\" content=\"https:\/\/www.focolare.us\/wp-content\/uploads\/2019\/08\/City-Lights.jpg\" \/>\n\t<meta property=\"og:image:width\" content=\"2736\" \/>\n\t<meta property=\"og:image:height\" content=\"1629\" \/>\n\t<meta property=\"og:image:type\" content=\"image\/jpeg\" \/>\n<meta name=\"twitter:card\" content=\"summary_large_image\" \/>\n<meta name=\"twitter:label1\" content=\"Dur\u00e9e de lecture estim\u00e9e\" \/>\n\t<meta name=\"twitter:data1\" content=\"2 minutes\" \/>\n<script type=\"application\/ld+json\" class=\"yoast-schema-graph\">{\"@context\":\"https:\\\/\\\/schema.org\",\"@graph\":[{\"@type\":\"WebPage\",\"@id\":\"https:\\\/\\\/www.focolare.us\\\/fr\\\/word-of-life\\\/\",\"url\":\"https:\\\/\\\/www.focolare.us\\\/fr\\\/word-of-life\\\/\",\"name\":\"Parole de vie - Focolare in the US and Canada\",\"isPartOf\":{\"@id\":\"https:\\\/\\\/www.focolare.us\\\/fr\\\/#website\"},\"primaryImageOfPage\":{\"@id\":\"https:\\\/\\\/www.focolare.us\\\/fr\\\/word-of-life\\\/#primaryimage\"},\"image\":{\"@id\":\"https:\\\/\\\/www.focolare.us\\\/fr\\\/word-of-life\\\/#primaryimage\"},\"thumbnailUrl\":\"https:\\\/\\\/www.focolare.us\\\/wp-content\\\/uploads\\\/2019\\\/08\\\/City-Lights.jpg\",\"datePublished\":\"2019-08-08T03:32:11+00:00\",\"dateModified\":\"2021-09-17T20:56:37+00:00\",\"description\":\"La parole de vie du Mouvement des Focolari est une phrase choisie chaque mois et partag\u00e9e dans le monde entier, que nous sommes tous invit\u00e9s \u00e0 vivre.\",\"breadcrumb\":{\"@id\":\"https:\\\/\\\/www.focolare.us\\\/fr\\\/word-of-life\\\/#breadcrumb\"},\"inLanguage\":\"fr-FR\",\"potentialAction\":[{\"@type\":\"ReadAction\",\"target\":[\"https:\\\/\\\/www.focolare.us\\\/fr\\\/word-of-life\\\/\"]}]},{\"@type\":\"ImageObject\",\"inLanguage\":\"fr-FR\",\"@id\":\"https:\\\/\\\/www.focolare.us\\\/fr\\\/word-of-life\\\/#primaryimage\",\"url\":\"https:\\\/\\\/www.focolare.us\\\/wp-content\\\/uploads\\\/2019\\\/08\\\/City-Lights.jpg\",\"contentUrl\":\"https:\\\/\\\/www.focolare.us\\\/wp-content\\\/uploads\\\/2019\\\/08\\\/City-Lights.jpg\",\"width\":2736,\"height\":1629},{\"@type\":\"BreadcrumbList\",\"@id\":\"https:\\\/\\\/www.focolare.us\\\/fr\\\/word-of-life\\\/#breadcrumb\",\"itemListElement\":[{\"@type\":\"ListItem\",\"position\":1,\"name\":\"Home\",\"item\":\"https:\\\/\\\/www.focolare.us\\\/fr\\\/\"},{\"@type\":\"ListItem\",\"position\":2,\"name\":\"Parole de vie\"}]},{\"@type\":\"WebSite\",\"@id\":\"https:\\\/\\\/www.focolare.us\\\/fr\\\/#website\",\"url\":\"https:\\\/\\\/www.focolare.us\\\/fr\\\/\",\"name\":\"Focolare in the US and Canada\",\"description\":\"Living for Unity in the US and Canada\",\"publisher\":{\"@id\":\"https:\\\/\\\/www.focolare.us\\\/fr\\\/#organization\"},\"potentialAction\":[{\"@type\":\"SearchAction\",\"target\":{\"@type\":\"EntryPoint\",\"urlTemplate\":\"https:\\\/\\\/www.focolare.us\\\/fr\\\/?s={search_term_string}\"},\"query-input\":{\"@type\":\"PropertyValueSpecification\",\"valueRequired\":true,\"valueName\":\"search_term_string\"}}],\"inLanguage\":\"fr-FR\"},{\"@type\":\"Organization\",\"@id\":\"https:\\\/\\\/www.focolare.us\\\/fr\\\/#organization\",\"name\":\"Focolare Movement\",\"url\":\"https:\\\/\\\/www.focolare.us\\\/fr\\\/\",\"logo\":{\"@type\":\"ImageObject\",\"inLanguage\":\"fr-FR\",\"@id\":\"https:\\\/\\\/www.focolare.us\\\/fr\\\/#\\\/schema\\\/logo\\\/image\\\/\",\"url\":\"https:\\\/\\\/www.focolare.us\\\/wp-content\\\/uploads\\\/2019\\\/08\\\/focolare_inglese_RGB.png\",\"contentUrl\":\"https:\\\/\\\/www.focolare.us\\\/wp-content\\\/uploads\\\/2019\\\/08\\\/focolare_inglese_RGB.png\",\"width\":200,\"height\":184,\"caption\":\"Focolare Movement\"},\"image\":{\"@id\":\"https:\\\/\\\/www.focolare.us\\\/fr\\\/#\\\/schema\\\/logo\\\/image\\\/\"},\"sameAs\":[\"https:\\\/\\\/en.wikipedia.org\\\/wiki\\\/Focolare_Movement\"]}]}<\/script>\n<!-- \/ Yoast SEO plugin. -->","yoast_head_json":{"title":"Parole de vie - Focolare in the US and Canada","description":"La parole de vie du Mouvement des Focolari est une phrase choisie chaque mois et partag\u00e9e dans le monde entier, que nous sommes tous invit\u00e9s \u00e0 vivre.","robots":{"index":"index","follow":"follow","max-snippet":"max-snippet:-1","max-image-preview":"max-image-preview:large","max-video-preview":"max-video-preview:-1"},"canonical":"https:\/\/www.focolare.us\/fr\/word-of-life\/","og_locale":"fr_FR","og_type":"article","og_title":"Parole de vie - Focolare in the US and Canada","og_description":"La parole de vie du Mouvement des Focolari est une phrase choisie chaque mois et partag\u00e9e dans le monde entier, que nous sommes tous invit\u00e9s \u00e0 vivre.","og_url":"https:\/\/www.focolare.us\/fr\/word-of-life\/","og_site_name":"Focolare in the US and Canada","article_modified_time":"2021-09-17T20:56:37+00:00","og_image":[{"width":2736,"height":1629,"url":"https:\/\/www.focolare.us\/wp-content\/uploads\/2019\/08\/City-Lights.jpg","type":"image\/jpeg"}],"twitter_card":"summary_large_image","twitter_misc":{"Dur\u00e9e de lecture estim\u00e9e":"2 minutes"},"schema":{"@context":"https:\/\/schema.org","@graph":[{"@type":"WebPage","@id":"https:\/\/www.focolare.us\/fr\/word-of-life\/","url":"https:\/\/www.focolare.us\/fr\/word-of-life\/","name":"Parole de vie - Focolare in the US and Canada","isPartOf":{"@id":"https:\/\/www.focolare.us\/fr\/#website"},"primaryImageOfPage":{"@id":"https:\/\/www.focolare.us\/fr\/word-of-life\/#primaryimage"},"image":{"@id":"https:\/\/www.focolare.us\/fr\/word-of-life\/#primaryimage"},"thumbnailUrl":"https:\/\/www.focolare.us\/wp-content\/uploads\/2019\/08\/City-Lights.jpg","datePublished":"2019-08-08T03:32:11+00:00","dateModified":"2021-09-17T20:56:37+00:00","description":"La parole de vie du Mouvement des Focolari est une phrase choisie chaque mois et partag\u00e9e dans le monde entier, que nous sommes tous invit\u00e9s \u00e0 vivre.","breadcrumb":{"@id":"https:\/\/www.focolare.us\/fr\/word-of-life\/#breadcrumb"},"inLanguage":"fr-FR","potentialAction":[{"@type":"ReadAction","target":["https:\/\/www.focolare.us\/fr\/word-of-life\/"]}]},{"@type":"ImageObject","inLanguage":"fr-FR","@id":"https:\/\/www.focolare.us\/fr\/word-of-life\/#primaryimage","url":"https:\/\/www.focolare.us\/wp-content\/uploads\/2019\/08\/City-Lights.jpg","contentUrl":"https:\/\/www.focolare.us\/wp-content\/uploads\/2019\/08\/City-Lights.jpg","width":2736,"height":1629},{"@type":"BreadcrumbList","@id":"https:\/\/www.focolare.us\/fr\/word-of-life\/#breadcrumb","itemListElement":[{"@type":"ListItem","position":1,"name":"Home","item":"https:\/\/www.focolare.us\/fr\/"},{"@type":"ListItem","position":2,"name":"Parole de vie"}]},{"@type":"WebSite","@id":"https:\/\/www.focolare.us\/fr\/#website","url":"https:\/\/www.focolare.us\/fr\/","name":"Focolare in the US and Canada","description":"Living for Unity in the US and Canada","publisher":{"@id":"https:\/\/www.focolare.us\/fr\/#organization"},"potentialAction":[{"@type":"SearchAction","target":{"@type":"EntryPoint","urlTemplate":"https:\/\/www.focolare.us\/fr\/?s={search_term_string}"},"query-input":{"@type":"PropertyValueSpecification","valueRequired":true,"valueName":"search_term_string"}}],"inLanguage":"fr-FR"},{"@type":"Organization","@id":"https:\/\/www.focolare.us\/fr\/#organization","name":"Focolare Movement","url":"https:\/\/www.focolare.us\/fr\/","logo":{"@type":"ImageObject","inLanguage":"fr-FR","@id":"https:\/\/www.focolare.us\/fr\/#\/schema\/logo\/image\/","url":"https:\/\/www.focolare.us\/wp-content\/uploads\/2019\/08\/focolare_inglese_RGB.png","contentUrl":"https:\/\/www.focolare.us\/wp-content\/uploads\/2019\/08\/focolare_inglese_RGB.png","width":200,"height":184,"caption":"Focolare Movement"},"image":{"@id":"https:\/\/www.focolare.us\/fr\/#\/schema\/logo\/image\/"},"sameAs":["https:\/\/en.wikipedia.org\/wiki\/Focolare_Movement"]}]}},"_links":{"self":[{"href":"https:\/\/www.focolare.us\/fr\/wp-json\/wp\/v2\/pages\/2789","targetHints":{"allow":["GET"]}}],"collection":[{"href":"https:\/\/www.focolare.us\/fr\/wp-json\/wp\/v2\/pages"}],"about":[{"href":"https:\/\/www.focolare.us\/fr\/wp-json\/wp\/v2\/types\/page"}],"author":[{"embeddable":true,"href":"https:\/\/www.focolare.us\/fr\/wp-json\/wp\/v2\/users\/2"}],"replies":[{"embeddable":true,"href":"https:\/\/www.focolare.us\/fr\/wp-json\/wp\/v2\/comments?post=2789"}],"version-history":[{"count":2,"href":"https:\/\/www.focolare.us\/fr\/wp-json\/wp\/v2\/pages\/2789\/revisions"}],"predecessor-version":[{"id":2791,"href":"https:\/\/www.focolare.us\/fr\/wp-json\/wp\/v2\/pages\/2789\/revisions\/2791"}],"wp:featuredmedia":[{"embeddable":true,"href":"https:\/\/www.focolare.us\/fr\/wp-json\/wp\/v2\/media\/2593"}],"wp:attachment":[{"href":"https:\/\/www.focolare.us\/fr\/wp-json\/wp\/v2\/media?parent=2789"}],"curies":[{"name":"wp","href":"https:\/\/api.w.org\/{rel}","templated":true}]}}