{"id":2786,"date":"2019-08-08T03:32:36","date_gmt":"2019-08-08T03:32:36","guid":{"rendered":"https:\/\/www.focolare.us\/mariapolis\/"},"modified":"2021-09-17T19:14:14","modified_gmt":"2021-09-17T19:14:14","slug":"mariapolis","status":"publish","type":"page","link":"https:\/\/www.focolare.us\/fr\/mariapolis\/","title":{"rendered":"Mariapolis"},"content":{"rendered":"<div class=\"wpb-content-wrapper\"><p>[vc_row disable_element=\u00a0\u00bbyes\u00a0\u00bb][vc_column][vc_custom_heading text=\u00a0\u00bbThis year the Summer Mariapolis gatherings are online.<br \/>\nYou can choose among three dates.\u00a0\u00bb font_container=\u00a0\u00bbtag:h3|text_align:center\u00a0\u00bb google_fonts=\u00a0\u00bbfont_family:Lora%3Aregular%2Citalic%2C700%2C700italic|font_style:400%20regular%3A400%3Anormal\u00a0\u00bb css=\u00a0\u00bb.vc_custom_1619578669177{margin-bottom: 30px !important;}\u00a0\u00bb][\/vc_column][vc_column width=\u00a0\u00bb1\/3&Prime; text_align=\u00a0\u00bbcenter\u00a0\u00bb shadow=\u00a0\u00bbsmall\u00a0\u00bb css=\u00a0\u00bb.vc_custom_1619578306894{background-color: #d0e4f4 !important;border-radius: 20px !important;}\u00a0\u00bb]<div class=\"grve-empty-space grve-height-1x\" style=\"\"><\/div><div class=\"grve-element grve-single-icon grve-align-center grve-large\" style=\"margin-bottom: 30px;\">  <div class=\"grve-wrapper-icon grve-no-shape\" style=\"\"><i class=\"far fa-calendar-check grve-text-primary-2\"><\/i><\/div><\/div>[vc_custom_heading text=\u00a0\u00bbJuly 10\/11&Prime; font_container=\u00a0\u00bbtag:h2|font_size:30|text_align:center\u00a0\u00bb google_fonts=\u00a0\u00bbfont_family:Roboto%3A100%2C100italic%2C300%2C300italic%2Cregular%2Citalic%2C500%2C500italic%2C700%2C700italic%2C900%2C900italic|font_style:300%20light%20regular%3A300%3Anormal\u00a0\u00bb]<div class=\"grve-element grve-align-center\"><a href=\"https:\/\/www.focolare.us\/event\/mariapolis-west-coast\/\" title=\"West Coast Mariapolis 2021 \u2013 Horizons of Hope for a New World\" class=\"grve-btn grve-btn-medium grve-round grve-bg-primary-2 grve-bg-hover-primary-1\"><span>Learn more<\/span><\/a><\/div><div class=\"grve-empty-space grve-height-1x\" style=\"\"><\/div>[\/vc_column][vc_column width=\u00a0\u00bb1\/3&Prime; text_align=\u00a0\u00bbcenter\u00a0\u00bb shadow=\u00a0\u00bbsmall\u00a0\u00bb css=\u00a0\u00bb.vc_custom_1619578313205{background-color: #d0e4f4 !important;border-radius: 20px !important;}\u00a0\u00bb]<div class=\"grve-empty-space grve-height-1x\" style=\"\"><\/div><div class=\"grve-element grve-single-icon grve-align-center grve-large\" style=\"margin-bottom: 30px;\">  <div class=\"grve-wrapper-icon grve-no-shape\" style=\"\"><i class=\"far fa-calendar-check grve-text-primary-2\"><\/i><\/div><\/div>[vc_custom_heading text=\u00a0\u00bbAugust 7\/8&Prime; font_container=\u00a0\u00bbtag:h2|font_size:30|text_align:center\u00a0\u00bb google_fonts=\u00a0\u00bbfont_family:Roboto%3A100%2C100italic%2C300%2C300italic%2Cregular%2Citalic%2C500%2C500italic%2C700%2C700italic%2C900%2C900italic|font_style:300%20light%20regular%3A300%3Anormal\u00a0\u00bb]<div class=\"grve-element grve-align-center\"><a href=\"https:\/\/www.focolare.us\/event\/east-coast-midwest-south-mariapolis-2021\/\" title=\"East Coast, Midwest, South Mariapolis 2021 \u2013 Horizons of Hope for a New World\" class=\"grve-btn grve-btn-medium grve-round grve-bg-primary-2 grve-bg-hover-primary-1\"><span>Learn more<\/span><\/a><\/div><div class=\"grve-empty-space grve-height-1x\" style=\"\"><\/div>[\/vc_column][vc_column width=\u00a0\u00bb1\/3&Prime; text_align=\u00a0\u00bbcenter\u00a0\u00bb shadow=\u00a0\u00bbsmall\u00a0\u00bb css=\u00a0\u00bb.vc_custom_1619578318901{background-color: #d0e4f4 !important;border-radius: 20px !important;}\u00a0\u00bb]<div class=\"grve-empty-space grve-height-1x\" style=\"\"><\/div><div class=\"grve-element grve-single-icon grve-align-center grve-large\" style=\"margin-bottom: 30px;\">  <div class=\"grve-wrapper-icon grve-no-shape\" style=\"\"><i class=\"far fa-calendar-check grve-text-primary-2\"><\/i><\/div><\/div>[vc_custom_heading text=\u00a0\u00bbAugust 28\/29&Prime; font_container=\u00a0\u00bbtag:h2|font_size:30|text_align:center\u00a0\u00bb google_fonts=\u00a0\u00bbfont_family:Roboto%3A100%2C100italic%2C300%2C300italic%2Cregular%2Citalic%2C500%2C500italic%2C700%2C700italic%2C900%2C900italic|font_style:300%20light%20regular%3A300%3Anormal\u00a0\u00bb]<div class=\"grve-element grve-align-center\"><a href=\"https:\/\/www.focolare.us\/event\/north-central-us-and-central-east-canada-mariapolis\/\" title=\"North Central US and Central East Canada Mariapolis\" class=\"grve-btn grve-btn-medium grve-round grve-bg-primary-2 grve-bg-hover-primary-1\"><span>Learn more<\/span><\/a><\/div><div class=\"grve-empty-space grve-height-1x\" style=\"\"><\/div>[\/vc_column][\/vc_row][vc_row][vc_column width=\u00a0\u00bb1\/2&Prime;]<style type=\"text\/css\">.grve-title-gradient.grve-title-69f0fac6c0b0f > span,.grve-title-gradient.grve-title-69f0fac6c0b0f .grve-clipping-content > span {color: #3f90b9;background-image: -moz-linear-gradient(-45deg, #3f90b9 0%, #3f90b9 100%);background-image: -webkit-linear-gradient(-45deg, #3f90b9 0%, #3f90b9 100%);background-image: linear-gradient(135deg, #3f90b9 0%, #3f90b9 100%);}<\/style><h4 class=\"grve-element grve-title grve-align-left grve-h3 grve-title-gradient grve-title-69f0fac6c0b0f\" style=\"\"><span>Qu&rsquo;est-ce qu&rsquo;une Mariapolis ?<span class=\"grve-title-line grve-bg-primary-1\" style=\"width: 50px;height: 2px;\"><\/span><\/span><\/h4>[vc_column_text]La Mariapolis est le rassemblement annuel d&rsquo;\u00e9t\u00e9 du Mouvement des Focolari. C&rsquo;est un lieu o\u00f9 l&rsquo;on vit ensemble la spiritualit\u00e9 du mouvement, un lieu o\u00f9 l&rsquo;on fait l&rsquo;exp\u00e9rience de l&rsquo;unit\u00e9 (et pas seulement d&rsquo;en parler). C&rsquo;est un peu comme une conf\u00e9rence, mais pour les familles et les personnes de tous \u00e2ges, y compris celles qui ont une grande exp\u00e9rience de la spiritualit\u00e9 du Mouvement des Focolari et celles qui viennent \u00e0 peine d&rsquo;en entendre parler.<\/p>\n<p>Mariapolis signifie \u00ab\u00a0ville de Marie\u00a0\u00bb, et elle dure g\u00e9n\u00e9ralement trois jours ou plus pendant l&rsquo;\u00e9t\u00e9. Des dizaines d&rsquo;\u00e9v\u00e9nements sont organis\u00e9s chaque ann\u00e9e dans le monde, parfois sur des campus universitaires, dans des centres de conf\u00e9rence ou des terrains de camping. Selon les pays, le nombre de participants peut aller de quelques centaines \u00e0 un millier de personnes ou plus.[\/vc_column_text][\/vc_column][vc_column vertical_content_position=\u00a0\u00bbmiddle\u00a0\u00bb width=\u00a0\u00bb1\/2&Prime;]<div class=\"grve-element grve-image grve-animated-item grve-duration-normal grve-fade-in-right grve-align-center\" style=\"margin-bottom: 1px;\" data-delay=\"200\">  <div class=\"grve-image-wrapper\"><img loading=\"lazy\" decoding=\"async\" width=\"560\" height=\"420\" src=\"https:\/\/www.focolare.us\/wp-content\/uploads\/2019\/08\/Mariapolis-Games-560x420.jpg\" class=\"attachment-movedo-grve-small-rect-horizontal size-movedo-grve-small-rect-horizontal\" alt=\"\" srcset=\"https:\/\/www.focolare.us\/wp-content\/uploads\/2019\/08\/Mariapolis-Games-560x420.jpg 560w, https:\/\/www.focolare.us\/wp-content\/uploads\/2019\/08\/Mariapolis-Games-900x675.jpg 900w\" sizes=\"auto, (max-width: 560px) 100vw, 560px\" \/>   <\/div><\/div>[\/vc_column][\/vc_row][vc_row][vc_column vertical_content_position=\u00a0\u00bbmiddle\u00a0\u00bb width=\u00a0\u00bb1\/2&Prime;]<div class=\"grve-element grve-image grve-align-center\" style=\"\">  <div class=\"grve-image-wrapper\"><img loading=\"lazy\" decoding=\"async\" width=\"560\" height=\"420\" src=\"https:\/\/www.focolare.us\/wp-content\/uploads\/2020\/06\/055-560x420.jpg\" class=\"attachment-movedo-grve-small-rect-horizontal size-movedo-grve-small-rect-horizontal\" alt=\"\" srcset=\"https:\/\/www.focolare.us\/wp-content\/uploads\/2020\/06\/055-560x420.jpg 560w, https:\/\/www.focolare.us\/wp-content\/uploads\/2020\/06\/055-900x675.jpg 900w\" sizes=\"auto, (max-width: 560px) 100vw, 560px\" \/>   <\/div><\/div>[\/vc_column][vc_column width=\u00a0\u00bb1\/2&Prime;]<style type=\"text\/css\">.grve-title-gradient.grve-title-69f0fac6c2058 > span,.grve-title-gradient.grve-title-69f0fac6c2058 .grve-clipping-content > span {color: #3f90b9;background-image: -moz-linear-gradient(-45deg, #3f90b9 0%, #3f90b9 100%);background-image: -webkit-linear-gradient(-45deg, #3f90b9 0%, #3f90b9 100%);background-image: linear-gradient(135deg, #3f90b9 0%, #3f90b9 100%);}<\/style><h4 class=\"grve-element grve-title grve-align-left grve-h3 grve-title-gradient grve-title-69f0fac6c2058\" style=\"\"><span>Les d\u00e9buts de la Mariapolis<span class=\"grve-title-line grve-bg-primary-1\" style=\"width: 50px;height: 2px;\"><\/span><\/span><\/h4>[vc_column_text]Les premi\u00e8res Mariapolis \u00e9taient des vacances. Dans les ann\u00e9es \u201850, les personnes se rendaient au pied des Alpes, dans le nord de l&rsquo;Italie, et apr\u00e8s une s\u00e9ance de spiritualit\u00e9 le matin, elles profitaient des montagnes. Le soir, elles se r\u00e9unissaient et faisaient des sketches et chantaient les unes pour les autres. Tr\u00e8s t\u00f4t, les Mariapolis ont rassembl\u00e9 des personnes d&rsquo;\u00e2ges, de professions et de milieux sociaux tr\u00e8s divers.<\/p>\n<p>Leur id\u00e9e \u00e9tait de vivre une exp\u00e9rience communautaire dans un esprit de fraternit\u00e9, \u00e9clair\u00e9e par les valeurs universelles de l&rsquo;\u00c9vangile. Le but d&rsquo;une Mariapolis est de devenir un petit morceau de soci\u00e9t\u00e9 renouvel\u00e9 par un amour r\u00e9ciproque. Elle vise \u00e0 montrer ce que pourrait \u00eatre la vie quotidienne si nos relations \u00e9taient fond\u00e9es sur le don de soi.[\/vc_column_text][\/vc_column][\/vc_row][vc_row padding_bottom_multiplier=\u00a0\u00bb2x\u00a0\u00bb][vc_column width=\u00a0\u00bb1\/2&Prime;]<style type=\"text\/css\">.grve-title-gradient.grve-title-69f0fac6c208a > span,.grve-title-gradient.grve-title-69f0fac6c208a .grve-clipping-content > span {color: #3f90b9;background-image: -moz-linear-gradient(-45deg, #3f90b9 0%, #3f90b9 100%);background-image: -webkit-linear-gradient(-45deg, #3f90b9 0%, #3f90b9 100%);background-image: linear-gradient(135deg, #3f90b9 0%, #3f90b9 100%);}<\/style><h4 class=\"grve-element grve-title grve-align-left grve-h3 grve-title-gradient grve-title-69f0fac6c208a\" style=\"\"><span>Ce qu\u2019est une Mariapolis<span class=\"grve-title-line grve-bg-primary-1\" style=\"width: 50px;height: 2px;\"><\/span><\/span><\/h4>[vc_column_text]En vivant ensemble, en mangeant ensemble, en discutant, en partageant des exp\u00e9riences de vie et en participant \u00e0 des ateliers, les personnes qui viennent \u00e0 une Mariapolis peuvent faire l&rsquo;exp\u00e9rience de la spiritualit\u00e9 du Mouvement des Focolari. Il est \u00e0 esp\u00e9rer qu&rsquo;elles pourront \u00e9galement constater l&rsquo;unit\u00e9 que le Mouvement des Focolari esp\u00e8re apporter dans notre monde, que ce soit dans nos foyers ou dans la soci\u00e9t\u00e9 en g\u00e9n\u00e9ral.<\/p>\n<p>La Mariapolis ne consiste pas seulement \u00e0 \u00e9couter les personnes parler de choses spirituelles. Il y a beaucoup d&rsquo;opportunit\u00e9s pour apporter une aide concr\u00e8te, prendre le temps de conversations plus profondes et pour s&rsquo;amuser ! Les enfants adorent \u00e7a ! Ils ont des activit\u00e9s sp\u00e9ciales tout en participant \u00e9galement \u00e0 l&rsquo;ensemble de l&rsquo;\u00e9v\u00e9nement avec tout le monde. La pr\u00e9sence de jeunes \u00e0 la Mariapolis enrichit certainement l&rsquo;exp\u00e9rience, notamment parce qu&rsquo;ils partagent leurs talents consid\u00e9rables et leur enthousiasme pour la construction d&rsquo;un monde plus uni.<\/p>\n<p>C&rsquo;est Chiara Lubich qui a le mieux r\u00e9sum\u00e9 la vie \u00e0 la Mariapolis : \u00ab\u00a0Une journ\u00e9e pass\u00e9e ainsi vaut toute une vie. \u00c0 la fin de la journ\u00e9e, nous ne nous reconna\u00eetrons plus. Une joie que nous n&rsquo;avons jamais ressentie auparavant nous envahira. Une nouvelle puissance nous envahira. Dieu sera avec nous, car il est avec ceux qui aiment.\u00a0\u00bb[\/vc_column_text][\/vc_column][vc_column width=\u00a0\u00bb1\/2\u00a0\u00bb]<div class=\"grve-element grve-image grve-animated-item grve-duration-normal grve-fade-in-right grve-align-center\" style=\"\" data-delay=\"200\">  <div class=\"grve-image-wrapper\"><img loading=\"lazy\" decoding=\"async\" width=\"560\" height=\"560\" src=\"https:\/\/www.focolare.us\/wp-content\/uploads\/2019\/08\/background-pic-homepage-560x560.png\" class=\"attachment-movedo-grve-small-square size-movedo-grve-small-square\" alt=\"\" srcset=\"https:\/\/www.focolare.us\/wp-content\/uploads\/2019\/08\/background-pic-homepage-560x560.png 560w, https:\/\/www.focolare.us\/wp-content\/uploads\/2019\/08\/background-pic-homepage-150x150.png 150w, https:\/\/www.focolare.us\/wp-content\/uploads\/2019\/08\/background-pic-homepage-900x900.png 900w\" sizes=\"auto, (max-width: 560px) 100vw, 560px\" \/>   <\/div><\/div>[\/vc_column][\/vc_row]<\/p>\n<\/div>","protected":false},"excerpt":{"rendered":"<p>[vc_row disable_element=\u00a0\u00bbyes\u00a0\u00bb][vc_column][vc_custom_heading text=\u00a0\u00bbThis year the Summer Mariapolis gatherings are online. You can choose among three dates.\u00a0\u00bb font_container=\u00a0\u00bbtag:h3|text_align:center\u00a0\u00bb google_fonts=\u00a0\u00bbfont_family:Lora%3Aregular%2Citalic%2C700%2C700italic|font_style:400%20regular%3A400%3Anormal\u00a0\u00bb css=\u00a0\u00bb.vc_custom_1619578669177{margin-bottom: 30px !important;}\u00a0\u00bb][\/vc_column][vc_column width=\u00a0\u00bb1\/3&Prime; text_align=\u00a0\u00bbcenter\u00a0\u00bb shadow=\u00a0\u00bbsmall\u00a0\u00bb css=\u00a0\u00bb.vc_custom_1619578306894{background-color: #d0e4f4 !important;border-radius: 20px !important;}\u00a0\u00bb][vc_custom_heading text=\u00a0\u00bbJuly 10\/11&Prime; font_container=\u00a0\u00bbtag:h2|font_size:30|text_align:center\u00a0\u00bb google_fonts=\u00a0\u00bbfont_family:Roboto%3A100%2C100italic%2C300%2C300italic%2Cregular%2Citalic%2C500%2C500italic%2C700%2C700italic%2C900%2C900italic|font_style:300%20light%20regular%3A300%3Anormal\u00a0\u00bb][\/vc_column][vc_column width=\u00a0\u00bb1\/3&Prime; text_align=\u00a0\u00bbcenter\u00a0\u00bb shadow=\u00a0\u00bbsmall\u00a0\u00bb css=\u00a0\u00bb.vc_custom_1619578313205{background-color: #d0e4f4 !important;border-radius: 20px !important;}\u00a0\u00bb][vc_custom_heading text=\u00a0\u00bbAugust 7\/8&Prime; font_container=\u00a0\u00bbtag:h2|font_size:30|text_align:center\u00a0\u00bb google_fonts=\u00a0\u00bbfont_family:Roboto%3A100%2C100italic%2C300%2C300italic%2Cregular%2Citalic%2C500%2C500italic%2C700%2C700italic%2C900%2C900italic|font_style:300%20light%20regular%3A300%3Anormal\u00a0\u00bb][\/vc_column][vc_column width=\u00a0\u00bb1\/3&Prime; text_align=\u00a0\u00bbcenter\u00a0\u00bb shadow=\u00a0\u00bbsmall\u00a0\u00bb css=\u00a0\u00bb.vc_custom_1619578318901{background-color: #d0e4f4 !important;border-radius: 20px !important;}\u00a0\u00bb][vc_custom_heading text=\u00a0\u00bbAugust 28\/29&Prime; [&hellip;]<\/p>\n","protected":false},"author":2,"featured_media":2618,"parent":0,"menu_order":0,"comment_status":"closed","ping_status":"closed","template":"","meta":{"footnotes":""},"class_list":["post-2786","page","type-page","status-publish","has-post-thumbnail","hentry"],"yoast_head":"<!-- This site is optimized with the Yoast SEO plugin v27.5 - https:\/\/yoast.com\/product\/yoast-seo-wordpress\/ -->\n<title>Mariapolis - Focolare in the US and Canada<\/title>\n<meta name=\"description\" content=\"La Mariapolis est le rassemblement annuel d&#039;\u00e9t\u00e9 du Mouvement des Focolari. C&#039;est un lieu o\u00f9 l&#039;on vit ensemble la spiritualit\u00e9 du mouvement, un lieu o\u00f9 l&#039;on fait l&#039;exp\u00e9rience de l&#039;unit\u00e9\" \/>\n<meta name=\"robots\" content=\"index, follow, max-snippet:-1, max-image-preview:large, max-video-preview:-1\" \/>\n<link rel=\"canonical\" href=\"https:\/\/www.focolare.us\/fr\/mariapolis\/\" \/>\n<meta property=\"og:locale\" content=\"fr_FR\" \/>\n<meta property=\"og:type\" content=\"article\" \/>\n<meta property=\"og:title\" content=\"Mariapolis - Focolare in the US and Canada\" \/>\n<meta property=\"og:description\" content=\"La Mariapolis est le rassemblement annuel d&#039;\u00e9t\u00e9 du Mouvement des Focolari. C&#039;est un lieu o\u00f9 l&#039;on vit ensemble la spiritualit\u00e9 du mouvement, un lieu o\u00f9 l&#039;on fait l&#039;exp\u00e9rience de l&#039;unit\u00e9\" \/>\n<meta property=\"og:url\" content=\"https:\/\/www.focolare.us\/fr\/mariapolis\/\" \/>\n<meta property=\"og:site_name\" content=\"Focolare in the US and Canada\" \/>\n<meta property=\"article:modified_time\" content=\"2021-09-17T19:14:14+00:00\" \/>\n<meta property=\"og:image\" content=\"https:\/\/www.focolare.us\/wp-content\/uploads\/2019\/08\/Mariapolis_Luminosa-e1566778389217.jpg\" \/>\n\t<meta property=\"og:image:width\" content=\"4074\" \/>\n\t<meta property=\"og:image:height\" content=\"2625\" \/>\n\t<meta property=\"og:image:type\" content=\"image\/jpeg\" \/>\n<meta name=\"twitter:card\" content=\"summary_large_image\" \/>\n<meta name=\"twitter:label1\" content=\"Dur\u00e9e de lecture estim\u00e9e\" \/>\n\t<meta name=\"twitter:data1\" content=\"3 minutes\" \/>\n<script type=\"application\/ld+json\" class=\"yoast-schema-graph\">{\"@context\":\"https:\\\/\\\/schema.org\",\"@graph\":[{\"@type\":\"WebPage\",\"@id\":\"https:\\\/\\\/www.focolare.us\\\/fr\\\/mariapolis\\\/\",\"url\":\"https:\\\/\\\/www.focolare.us\\\/fr\\\/mariapolis\\\/\",\"name\":\"Mariapolis - Focolare in the US and Canada\",\"isPartOf\":{\"@id\":\"https:\\\/\\\/www.focolare.us\\\/fr\\\/#website\"},\"primaryImageOfPage\":{\"@id\":\"https:\\\/\\\/www.focolare.us\\\/fr\\\/mariapolis\\\/#primaryimage\"},\"image\":{\"@id\":\"https:\\\/\\\/www.focolare.us\\\/fr\\\/mariapolis\\\/#primaryimage\"},\"thumbnailUrl\":\"https:\\\/\\\/www.focolare.us\\\/wp-content\\\/uploads\\\/2019\\\/08\\\/Mariapolis_Luminosa-e1566778389217.jpg\",\"datePublished\":\"2019-08-08T03:32:36+00:00\",\"dateModified\":\"2021-09-17T19:14:14+00:00\",\"description\":\"La Mariapolis est le rassemblement annuel d'\u00e9t\u00e9 du Mouvement des Focolari. C'est un lieu o\u00f9 l'on vit ensemble la spiritualit\u00e9 du mouvement, un lieu o\u00f9 l'on fait l'exp\u00e9rience de l'unit\u00e9\",\"breadcrumb\":{\"@id\":\"https:\\\/\\\/www.focolare.us\\\/fr\\\/mariapolis\\\/#breadcrumb\"},\"inLanguage\":\"fr-FR\",\"potentialAction\":[{\"@type\":\"ReadAction\",\"target\":[\"https:\\\/\\\/www.focolare.us\\\/fr\\\/mariapolis\\\/\"]}]},{\"@type\":\"ImageObject\",\"inLanguage\":\"fr-FR\",\"@id\":\"https:\\\/\\\/www.focolare.us\\\/fr\\\/mariapolis\\\/#primaryimage\",\"url\":\"https:\\\/\\\/www.focolare.us\\\/wp-content\\\/uploads\\\/2019\\\/08\\\/Mariapolis_Luminosa-e1566778389217.jpg\",\"contentUrl\":\"https:\\\/\\\/www.focolare.us\\\/wp-content\\\/uploads\\\/2019\\\/08\\\/Mariapolis_Luminosa-e1566778389217.jpg\",\"width\":4074,\"height\":2625},{\"@type\":\"BreadcrumbList\",\"@id\":\"https:\\\/\\\/www.focolare.us\\\/fr\\\/mariapolis\\\/#breadcrumb\",\"itemListElement\":[{\"@type\":\"ListItem\",\"position\":1,\"name\":\"Home\",\"item\":\"https:\\\/\\\/www.focolare.us\\\/fr\\\/\"},{\"@type\":\"ListItem\",\"position\":2,\"name\":\"Mariapolis\"}]},{\"@type\":\"WebSite\",\"@id\":\"https:\\\/\\\/www.focolare.us\\\/fr\\\/#website\",\"url\":\"https:\\\/\\\/www.focolare.us\\\/fr\\\/\",\"name\":\"Focolare in the US and Canada\",\"description\":\"Living for Unity in the US and Canada\",\"publisher\":{\"@id\":\"https:\\\/\\\/www.focolare.us\\\/fr\\\/#organization\"},\"potentialAction\":[{\"@type\":\"SearchAction\",\"target\":{\"@type\":\"EntryPoint\",\"urlTemplate\":\"https:\\\/\\\/www.focolare.us\\\/fr\\\/?s={search_term_string}\"},\"query-input\":{\"@type\":\"PropertyValueSpecification\",\"valueRequired\":true,\"valueName\":\"search_term_string\"}}],\"inLanguage\":\"fr-FR\"},{\"@type\":\"Organization\",\"@id\":\"https:\\\/\\\/www.focolare.us\\\/fr\\\/#organization\",\"name\":\"Focolare Movement\",\"url\":\"https:\\\/\\\/www.focolare.us\\\/fr\\\/\",\"logo\":{\"@type\":\"ImageObject\",\"inLanguage\":\"fr-FR\",\"@id\":\"https:\\\/\\\/www.focolare.us\\\/fr\\\/#\\\/schema\\\/logo\\\/image\\\/\",\"url\":\"https:\\\/\\\/www.focolare.us\\\/wp-content\\\/uploads\\\/2019\\\/08\\\/focolare_inglese_RGB.png\",\"contentUrl\":\"https:\\\/\\\/www.focolare.us\\\/wp-content\\\/uploads\\\/2019\\\/08\\\/focolare_inglese_RGB.png\",\"width\":200,\"height\":184,\"caption\":\"Focolare Movement\"},\"image\":{\"@id\":\"https:\\\/\\\/www.focolare.us\\\/fr\\\/#\\\/schema\\\/logo\\\/image\\\/\"},\"sameAs\":[\"https:\\\/\\\/en.wikipedia.org\\\/wiki\\\/Focolare_Movement\"]}]}<\/script>\n<!-- \/ Yoast SEO plugin. -->","yoast_head_json":{"title":"Mariapolis - Focolare in the US and Canada","description":"La Mariapolis est le rassemblement annuel d'\u00e9t\u00e9 du Mouvement des Focolari. C'est un lieu o\u00f9 l'on vit ensemble la spiritualit\u00e9 du mouvement, un lieu o\u00f9 l'on fait l'exp\u00e9rience de l'unit\u00e9","robots":{"index":"index","follow":"follow","max-snippet":"max-snippet:-1","max-image-preview":"max-image-preview:large","max-video-preview":"max-video-preview:-1"},"canonical":"https:\/\/www.focolare.us\/fr\/mariapolis\/","og_locale":"fr_FR","og_type":"article","og_title":"Mariapolis - Focolare in the US and Canada","og_description":"La Mariapolis est le rassemblement annuel d'\u00e9t\u00e9 du Mouvement des Focolari. C'est un lieu o\u00f9 l'on vit ensemble la spiritualit\u00e9 du mouvement, un lieu o\u00f9 l'on fait l'exp\u00e9rience de l'unit\u00e9","og_url":"https:\/\/www.focolare.us\/fr\/mariapolis\/","og_site_name":"Focolare in the US and Canada","article_modified_time":"2021-09-17T19:14:14+00:00","og_image":[{"width":4074,"height":2625,"url":"https:\/\/www.focolare.us\/wp-content\/uploads\/2019\/08\/Mariapolis_Luminosa-e1566778389217.jpg","type":"image\/jpeg"}],"twitter_card":"summary_large_image","twitter_misc":{"Dur\u00e9e de lecture estim\u00e9e":"3 minutes"},"schema":{"@context":"https:\/\/schema.org","@graph":[{"@type":"WebPage","@id":"https:\/\/www.focolare.us\/fr\/mariapolis\/","url":"https:\/\/www.focolare.us\/fr\/mariapolis\/","name":"Mariapolis - Focolare in the US and Canada","isPartOf":{"@id":"https:\/\/www.focolare.us\/fr\/#website"},"primaryImageOfPage":{"@id":"https:\/\/www.focolare.us\/fr\/mariapolis\/#primaryimage"},"image":{"@id":"https:\/\/www.focolare.us\/fr\/mariapolis\/#primaryimage"},"thumbnailUrl":"https:\/\/www.focolare.us\/wp-content\/uploads\/2019\/08\/Mariapolis_Luminosa-e1566778389217.jpg","datePublished":"2019-08-08T03:32:36+00:00","dateModified":"2021-09-17T19:14:14+00:00","description":"La Mariapolis est le rassemblement annuel d'\u00e9t\u00e9 du Mouvement des Focolari. C'est un lieu o\u00f9 l'on vit ensemble la spiritualit\u00e9 du mouvement, un lieu o\u00f9 l'on fait l'exp\u00e9rience de l'unit\u00e9","breadcrumb":{"@id":"https:\/\/www.focolare.us\/fr\/mariapolis\/#breadcrumb"},"inLanguage":"fr-FR","potentialAction":[{"@type":"ReadAction","target":["https:\/\/www.focolare.us\/fr\/mariapolis\/"]}]},{"@type":"ImageObject","inLanguage":"fr-FR","@id":"https:\/\/www.focolare.us\/fr\/mariapolis\/#primaryimage","url":"https:\/\/www.focolare.us\/wp-content\/uploads\/2019\/08\/Mariapolis_Luminosa-e1566778389217.jpg","contentUrl":"https:\/\/www.focolare.us\/wp-content\/uploads\/2019\/08\/Mariapolis_Luminosa-e1566778389217.jpg","width":4074,"height":2625},{"@type":"BreadcrumbList","@id":"https:\/\/www.focolare.us\/fr\/mariapolis\/#breadcrumb","itemListElement":[{"@type":"ListItem","position":1,"name":"Home","item":"https:\/\/www.focolare.us\/fr\/"},{"@type":"ListItem","position":2,"name":"Mariapolis"}]},{"@type":"WebSite","@id":"https:\/\/www.focolare.us\/fr\/#website","url":"https:\/\/www.focolare.us\/fr\/","name":"Focolare in the US and Canada","description":"Living for Unity in the US and Canada","publisher":{"@id":"https:\/\/www.focolare.us\/fr\/#organization"},"potentialAction":[{"@type":"SearchAction","target":{"@type":"EntryPoint","urlTemplate":"https:\/\/www.focolare.us\/fr\/?s={search_term_string}"},"query-input":{"@type":"PropertyValueSpecification","valueRequired":true,"valueName":"search_term_string"}}],"inLanguage":"fr-FR"},{"@type":"Organization","@id":"https:\/\/www.focolare.us\/fr\/#organization","name":"Focolare Movement","url":"https:\/\/www.focolare.us\/fr\/","logo":{"@type":"ImageObject","inLanguage":"fr-FR","@id":"https:\/\/www.focolare.us\/fr\/#\/schema\/logo\/image\/","url":"https:\/\/www.focolare.us\/wp-content\/uploads\/2019\/08\/focolare_inglese_RGB.png","contentUrl":"https:\/\/www.focolare.us\/wp-content\/uploads\/2019\/08\/focolare_inglese_RGB.png","width":200,"height":184,"caption":"Focolare Movement"},"image":{"@id":"https:\/\/www.focolare.us\/fr\/#\/schema\/logo\/image\/"},"sameAs":["https:\/\/en.wikipedia.org\/wiki\/Focolare_Movement"]}]}},"_links":{"self":[{"href":"https:\/\/www.focolare.us\/fr\/wp-json\/wp\/v2\/pages\/2786","targetHints":{"allow":["GET"]}}],"collection":[{"href":"https:\/\/www.focolare.us\/fr\/wp-json\/wp\/v2\/pages"}],"about":[{"href":"https:\/\/www.focolare.us\/fr\/wp-json\/wp\/v2\/types\/page"}],"author":[{"embeddable":true,"href":"https:\/\/www.focolare.us\/fr\/wp-json\/wp\/v2\/users\/2"}],"replies":[{"embeddable":true,"href":"https:\/\/www.focolare.us\/fr\/wp-json\/wp\/v2\/comments?post=2786"}],"version-history":[{"count":2,"href":"https:\/\/www.focolare.us\/fr\/wp-json\/wp\/v2\/pages\/2786\/revisions"}],"predecessor-version":[{"id":2788,"href":"https:\/\/www.focolare.us\/fr\/wp-json\/wp\/v2\/pages\/2786\/revisions\/2788"}],"wp:featuredmedia":[{"embeddable":true,"href":"https:\/\/www.focolare.us\/fr\/wp-json\/wp\/v2\/media\/2618"}],"wp:attachment":[{"href":"https:\/\/www.focolare.us\/fr\/wp-json\/wp\/v2\/media?parent=2786"}],"curies":[{"name":"wp","href":"https:\/\/api.w.org\/{rel}","templated":true}]}}