{"id":2775,"date":"2019-08-08T03:31:13","date_gmt":"2019-08-08T03:31:13","guid":{"rendered":"https:\/\/www.focolare.us\/community\/"},"modified":"2021-09-17T19:01:09","modified_gmt":"2021-09-17T19:01:09","slug":"community","status":"publish","type":"page","link":"https:\/\/www.focolare.us\/fr\/community\/","title":{"rendered":"Communaut\u00e9"},"content":{"rendered":"<div class=\"wpb-content-wrapper\"><p>[vc_row][vc_column width=\u00a0\u00bb1\/2&Prime;][vc_column_text]La spiritualit\u00e9 des Focolari peut \u00eatre partag\u00e9e et v\u00e9cue par tout le monde, et nous consid\u00e9rons le mouvement comme une maison o\u00f9 chacun peut avoir sa place et \u00eatre accueilli.<\/p>\n<p>Il existe plusieurs groupes principaux au sein des Focolari, organis\u00e9s par \u00e2ge et par vocation. Chacun apporte une contribution sp\u00e9cifique \u00e0 la communaut\u00e9 \u00e9largie du mouvement. Cela dit, notre objectif premier est d&rsquo;\u00eatre une seule et m\u00eame famille.<\/p>\n<p>Cliquez sur les groupes ci-dessous pour faire connaissance avec chacun d&rsquo;eux.[\/vc_column_text]<div class=\"grve-empty-space grve-height-1x\" style=\"\"><\/div>[\/vc_column][vc_column width=\u00a0\u00bb1\/2&Prime;]<div class=\"grve-element grve-image grve-align-center\" style=\"\">  <div class=\"grve-image-wrapper\"><img loading=\"lazy\" decoding=\"async\" width=\"768\" height=\"376\" src=\"https:\/\/www.focolare.us\/wp-content\/uploads\/2019\/09\/vocations-768x376.jpg\" class=\"attachment-medium_large size-medium_large\" alt=\"\" srcset=\"https:\/\/www.focolare.us\/wp-content\/uploads\/2019\/09\/vocations-768x376.jpg 768w, https:\/\/www.focolare.us\/wp-content\/uploads\/2019\/09\/vocations-300x147.jpg 300w, https:\/\/www.focolare.us\/wp-content\/uploads\/2019\/09\/vocations-1024x502.jpg 1024w, https:\/\/www.focolare.us\/wp-content\/uploads\/2019\/09\/vocations.jpg 1025w\" sizes=\"auto, (max-width: 768px) 100vw, 768px\" \/>   <\/div><\/div>[\/vc_column][\/vc_row][vc_row bg_type=\u00a0\u00bbcolor\u00a0\u00bb bg_color=\u00a0\u00bb#d0e4f4&Prime;][vc_column][vc_tta_tour active_section=\u00a0\u00bb1&Prime;][vc_tta_section i_icon_fontawesome=\u00a0\u00bbfas fa-arrow-circle-right\u00a0\u00bb add_icon=\u00a0\u00bbtrue\u00a0\u00bb title=\u00a0\u00bbAdh\u00e9rents\u00a0\u00bb tab_id=\u00a0\u00bb1567914073241-b23a8480-91cb\u00a0\u00bb][vc_column_text animation=\u00a0\u00bbgrve-fade-in-left\u00a0\u00bb]Les adh\u00e9rents constituent le groupe le plus important qui partage la spiritualit\u00e9 du Mouvement des Focolari. Ils se nourrissent de ses id\u00e9es et vivent ses principes dans la vie quotidienne.<\/p>\n<p>Bien qu&rsquo;ils ne prennent pas d&rsquo;engagement formel, leur activit\u00e9 au sein de leur famille, de leur \u00e9glise, de leur \u00e9cole et de leur communaut\u00e9 fait avancer le renouveau individuel et social qui est au c\u0153ur de la mission du Mouvement des Focolari. Ils participent souvent aux Mariapolis, aux rencontres de Parole de Vie et \u00e0 d&rsquo;autres \u00e9v\u00e9nements du mouvement.<\/p>\n<p>Si le mouvement \u00e9tait un arbre, les adh\u00e9rents seraient les feuilles, un signe de fra\u00eecheur, de croissance et de vie.<\/p>\n<div class=\"phenom-reactions\">\n<div class=\"js-reaction-piles reaction-piles-container last\">\n<div class=\"reaction-piles reaction-piles-empty\"><\/div>\n<\/div>\n<\/div>\n<p>[\/vc_column_text][\/vc_tta_section][vc_tta_section i_icon_fontawesome=\u00a0\u00bbfas fa-arrow-circle-right\u00a0\u00bb add_icon=\u00a0\u00bbtrue\u00a0\u00bb title=\u00a0\u00bbFamilles\u00a0\u00bb tab_id=\u00a0\u00bb1602379438339-531ea4ab-7a00&Prime;][vc_column_text animation=\u00a0\u00bbgrve-fade-in-left\u00a0\u00bb]Le mouvement <em>Familles Nouvelles<\/em> relient entre elles les familles qui vivent la spiritualit\u00e9 du Mouvement des Focolari en faisant l&rsquo;exp\u00e9rience des d\u00e9fis et des joies quotidiennes du mariage et de l&rsquo;\u00e9ducation des enfants. \u00ab\u00a0Familles Nouvelles\u00a0\u00bb parraine des cours de formation gr\u00e2ce auxquels les couples renforcent leurs relations et les familles apprennent \u00e0 appliquer l&rsquo;\u00c9vangile \u00e0 leur vie quotidienne. Il offre \u00e9galement un soutien aux couples confront\u00e9s \u00e0 des d\u00e9fis particuliers dans leur mariage.<\/p>\n<p>Les couples et les familles voient leurs propres difficult\u00e9s comme un tremplin pour tendre la main \u00e0 d&rsquo;autres personnes ayant des probl\u00e8mes similaires. Igino Giordani, cofondateur du Mouvement des Focolari, \u00e9poux et p\u00e8re de quatre enfants, r\u00e9sume bien cette situation : \u00ab\u00a0La famille n&rsquo;est pas ferm\u00e9e sur elle-m\u00eame, mais se d\u00e9veloppe comme une cellule qui vit autant pour les autres que pour elle-m\u00eame. Une nouvelle soci\u00e9t\u00e9 na\u00eet des familles qui vivent l&rsquo;\u00c9vangile.\u00a0\u00bb<\/p>\n<p>\u00ab\u00a0Familles nouvelles\u00a0\u00bb \u0153uvre \u00e9galement pour que les familles du monde entier puissent vivre dignement et subvenir aux besoins de leurs enfants. Il soutient actuellement 100 projets de d\u00e9veloppement concernant 15 200 enfants dans 45 pays diff\u00e9rents.[\/vc_column_text][\/vc_tta_section][vc_tta_section i_icon_fontawesome=\u00a0\u00bbfas fa-arrow-circle-right\u00a0\u00bb add_icon=\u00a0\u00bbtrue\u00a0\u00bb title=\u00a0\u00bbFocolarini\u00a0\u00bb tab_id=\u00a0\u00bbfocolarini\u00a0\u00bb][vc_column_text animation=\u00a0\u00bbgrve-fade-in-left\u00a0\u00bb]Les focolarini sont au c\u0153ur de la communaut\u00e9 du Mouvement des Focolari. Leur vocation est la premi\u00e8re \u00e0 se manifester au cours des premi\u00e8res ann\u00e9es de vie de mouvement. Ils s&rsquo;engagent formellement \u00e0 partager leur vie dans une communaut\u00e9, et ils vivent les conseils \u00e9vang\u00e9liques &#8211; pauvret\u00e9, chastet\u00e9 et ob\u00e9issance &#8211; qui soutiennent leur vie d&rsquo;unit\u00e9.<\/p>\n<p>La plupart sont c\u00e9libataires et partagent un foyer avec d&rsquo;autres focolarini. Il y a aussi des focolarini mari\u00e9s qui vivent plut\u00f4t \u00e0 la maison avec leur famille, mais qui partagent la vie des focolarini \u00e0 vie commune.<\/p>\n<ul>\n<li>Les focolarini c\u00e9libataires ressentent un appel \u00e0 consacrer leur vie \u00e0 Dieu afin de construire une famille \u00ab\u00a0surnaturelle\u00a0\u00bb, o\u00f9 les personnes peuvent faire l&rsquo;exp\u00e9rience de la pr\u00e9sence de J\u00e9sus au milieu d&rsquo;eux.<\/li>\n<li>Les focolarini mari\u00e9s apportent \u00e0 la vie du focolare, une partie vitale et int\u00e9grale de l&rsquo;exp\u00e9rience humaine. Leur vocation respecte pleinement la saintet\u00e9 du mariage et l&rsquo;intimit\u00e9 de la vie familiale.<\/li>\n<\/ul>\n<p>Tous les focolarini partagent profond\u00e9ment le m\u00eame cheminement spirituel et contribuent \u00e0 construire et \u00e0 prendre soin de la communaut\u00e9 \u00e9largie du Mouvement des Focolari.[\/vc_column_text][\/vc_tta_section][vc_tta_section i_icon_fontawesome=\u00a0\u00bbfas fa-arrow-circle-right\u00a0\u00bb add_icon=\u00a0\u00bbtrue\u00a0\u00bb title=\u00a0\u00bbVolontaires de Dieu\u00a0\u00bb tab_id=\u00a0\u00bb1570071922401-1d9690d1-deee\u00a0\u00bb][vc_column_text animation=\u00a0\u00bbgrve-fade-in-left\u00a0\u00bb]Les volontaires de Dieu ne sont pas des b\u00e9n\u00e9voles comme les autres. Au sein du Mouvement des Focolari, les volontaires de Dieu sont ceux qui sont sp\u00e9cifiquement appel\u00e9s \u00e0 la saintet\u00e9 en tant que la\u00efcs, pr\u00e9cis\u00e9ment en s&rsquo;engageant directement dans la soci\u00e9t\u00e9. Ils viennent d&rsquo;horizons sociaux, culturels et professionnels tr\u00e8s divers, et s&rsquo;engagent \u00e0 vivre la spiritualit\u00e9 du mouvement dans leurs r\u00f4les au sein de leur foyer et de leur carri\u00e8re.<\/p>\n<p>En tant que la\u00efcs, ils sont appel\u00e9s \u00e0 construire le royaume de Dieu dans le monde, comme le levain dans la p\u00e2te. Ils cherchent \u00e0 atteindre la saintet\u00e9 en s&rsquo;immergeant dans les affaires du monde.<\/p>\n<p>Les volontaires se r\u00e9unissent r\u00e9guli\u00e8rement en petits groupes pour partager, se soutenir et s&rsquo;encourager mutuellement dans leur vie spirituelle au sein du Mouvement des Focolari.[\/vc_column_text][\/vc_tta_section][vc_tta_section i_icon_fontawesome=\u00a0\u00bbfas fa-arrow-circle-right\u00a0\u00bb add_icon=\u00a0\u00bbtrue\u00a0\u00bb title=\u00a0\u00bbJeunes adultes\u00a0\u00bb tab_id=\u00a0\u00bb1567914307463-485319dd-9f06&Prime;][vc_column_text animation=\u00a0\u00bbgrve-fade-in-left\u00a0\u00bb]Les jeunes adultes du mouvement sont appel\u00e9s \u00ab\u00a0Jeunes pour un monde uni\u00a0\u00bb. En \u00e9tudiant, en travaillant et en s&rsquo;impliquant dans des projets sociaux, ils construisent un monde plus fraternel et plus solidaire, \u00e0 partir de leurs relations quotidiennes. Ces jeunes adultes deviennent r\u00e9ellement des personnes \u00ab\u00a0mondiales\u00a0\u00bb. Gr\u00e2ce \u00e0 des conf\u00e9rences internationales et \u00e0 des programmes de formation, ils font l&rsquo;exp\u00e9rience directe de la spiritualit\u00e9 de l&rsquo;unit\u00e9 du Mouvement des Focolari, qui les aide \u00e0 surmonter les diff\u00e9rences ethniques, culturelles et linguistiques.<\/p>\n<p>Certains de ces jeunes adultes se sentent appel\u00e9s \u00e0 vivre la spiritualit\u00e9 du mouvement de mani\u00e8re plus profonde. Ils sont appel\u00e9s Gen 2, pour \u00ab\u00a0deuxi\u00e8me g\u00e9n\u00e9ration\u00a0\u00bb. La bienheureuse Chiara Luce Badano est un exemple de Gen 2 qui est devenue un mod\u00e8le de saintet\u00e9 pour de nombreux jeunes dans le monde entier. Comme d&rsquo;autres membres du mouvement, les Gen 2 se r\u00e9unissent r\u00e9guli\u00e8rement en petits groupes pour partager, se soutenir et s&rsquo;encourager mutuellement en vivant la spiritualit\u00e9 du mouvement dans leur vie quotidienne.<\/p>\n<p>Le <a href=\"http:\/\/ycna.focolare.us\/\" target=\"_blank\" rel=\"noopener noreferrer\">Youth Center for North America (YCNA)<\/a> coordonne des retraites, des conf\u00e9rences, des voyages et des projets sociaux pour les jeunes adultes du mouvement en Am\u00e9rique du Nord.<\/p>\n<p>Au niveau international, les jeunes adultes du Mouvement des Focolari sont parmi les promoteurs du <a href=\"http:\/\/www.unitedworldproject.org\/en\/\" target=\"_blank\" rel=\"noopener noreferrer\">United World Project.<\/a>[\/vc_column_text][\/vc_tta_section][vc_tta_section i_icon_fontawesome=\u00a0\u00bbfas fa-arrow-circle-right\u00a0\u00bb add_icon=\u00a0\u00bbtrue\u00a0\u00bb title=\u00a0\u00bbAdos\u00a0\u00bb tab_id=\u00a0\u00bb1567914319428-e7af73e0-ec00&Prime;][vc_column_text animation=\u00a0\u00bbgrve-fade-in-left\u00a0\u00bb]Avec l&rsquo;enthousiasme et l&rsquo;\u00e9nergie propres \u00e0 leur \u00e2ge, les adolescents du Mouvement des Focolari sont appel\u00e9s \u00ab\u00a0Teens for Unity\u00a0\u00bb (\u00ab\u00a0Ados pour l\u2019Unit\u00e9). (On les appelle parfois Gen 3, pour \u00ab\u00a0troisi\u00e8me g\u00e9n\u00e9ration\u00a0\u00bb).<\/p>\n<p>Ils vivent la spiritualit\u00e9 du mouvement \u00e0 la maison et dans leur environnement scolaire, o\u00f9 ils deviennent souvent des catalyseurs qui d\u00e9passent les contraintes des cliques et la dynamique n\u00e9gative de la pression des pairs afin de b\u00e2tir des relations saines.<\/p>\n<p>Ils inventent des projets, petits et grands, pour mettre de la couleur dans leurs villes, en apportant de la joie et une aide concr\u00e8te, surtout l\u00e0 o\u00f9 r\u00e8gnent la pauvret\u00e9, la solitude ou la marginalisation.<\/p>\n<p>Chaque ann\u00e9e, ils participent \u00e0 une course relais mondiale pour la paix appel\u00e9e <a href=\"http:\/\/www.teens4unity.org\/en\/cosa-facciamo\/run4unity\/\" target=\"_blank\" rel=\"noopener noreferrer\">Run4Unity<\/a>.[\/vc_column_text][\/vc_tta_section][vc_tta_section i_icon_fontawesome=\u00a0\u00bbfas fa-arrow-circle-right\u00a0\u00bb add_icon=\u00a0\u00bbtrue\u00a0\u00bb title=\u00a0\u00bbEnfants\u00a0\u00bb tab_id=\u00a0\u00bb1567914330116-80dd0ebc-1b44&Prime;][vc_column_text animation=\u00a0\u00bbgrve-fade-in-left\u00a0\u00bb]Les enfants du Mouvement des Focolari \u00e2g\u00e9s de 4 \u00e0 9 ans sont g\u00e9n\u00e9ralement appel\u00e9s Gen 4, ce qui signifie 4\u00e8me g\u00e9n\u00e9ration. Ils d\u00e9couvrent tr\u00e8s t\u00f4t l&rsquo;objectif du mouvement qui est d&rsquo;\u0153uvrer pour l&rsquo;unit\u00e9, et ils s&rsquo;y impliquent.<\/p>\n<p>Leurs chansons et leurs jeux les aident \u00e0 voir les liens entre le fait de donner g\u00e9n\u00e9reusement et de construire l&rsquo;unit\u00e9 dans le monde. Par exemple, les paroles d&rsquo;une de leurs chansons disent : \u00ab\u00a0Nous voulons aimer, aimer, aimer \/ Nous voulons remplir le monde d&rsquo;amour \/ Nous voulons aimer, aimer, aimer \/ Pour que le monde soit un.\u00a0\u00bb<\/p>\n<p>Ils utilisent des outils p\u00e9dagogiques, comme le D\u00e9 de l&rsquo;amour, pour apprendre et pratiquer une spiritualit\u00e9 de l&rsquo;unit\u00e9.[\/vc_column_text][\/vc_tta_section][vc_tta_section i_icon_fontawesome=\u00a0\u00bbfas fa-arrow-circle-right\u00a0\u00bb add_icon=\u00a0\u00bbtrue\u00a0\u00bb title=\u00a0\u00bbPr\u00eatres\u00a0\u00bb tab_id=\u00a0\u00bb1567914158840-916be238-d2f3&Prime;][vc_column_text animation=\u00a0\u00bbgrve-fade-in-left\u00a0\u00bb]Les pr\u00eatres dioc\u00e9sains vivent la spiritualit\u00e9 du Mouvement des Focolari de diverses mani\u00e8res, se soutenant souvent mutuellement dans leur minist\u00e8re sacerdotal. Si les engagements dioc\u00e9sains le permettent, certains vivent ensemble dans de petites communaut\u00e9s qui ressemblent \u00e0 des focolares, afin que J\u00e9sus pr\u00e9sent au milieu d&rsquo;eux puisse illuminer et soutenir chaque aspect de leur appel et de leur service \u00e0 l&rsquo;\u00c9glise. D&rsquo;autres vivent seuls, ou avec d&rsquo;autres pr\u00eatres qui ne sont pas li\u00e9s au focolare.<\/p>\n<p>Ils se r\u00e9unissent p\u00e9riodiquement avec d&rsquo;autres pr\u00eatres qui partagent le m\u00eame engagement \u00e0 vivre la spiritualit\u00e9. De m\u00eame, en accord avec les responsables de leurs s\u00e9minaires, les s\u00e9minaristes rencontrent occasionnellement d&rsquo;autres qui se pr\u00e9parent \u00e9galement \u00e0 devenir pr\u00eatres.[\/vc_column_text][\/vc_tta_section][vc_tta_section i_icon_fontawesome=\u00a0\u00bbfas fa-arrow-circle-right\u00a0\u00bb add_icon=\u00a0\u00bbtrue\u00a0\u00bb title=\u00a0\u00bbReligieuses et religieux\u00a0\u00bb tab_id=\u00a0\u00bb1567914269001-1578faab-0e8d\u00a0\u00bb][vc_column_text animation=\u00a0\u00bbgrve-fade-in-left\u00a0\u00bb]Les femmes et les hommes de diverses congr\u00e9gations peuvent embrasser la spiritualit\u00e9 du Mouvement des Focolari tout en maintenant leur engagement dans leur propre communaut\u00e9. Ceux qui le font se r\u00e9unissent en petits groupes, ou gardent le contact par des courriels et des conf\u00e9rences t\u00e9l\u00e9phoniques lorsque cela n&rsquo;est pas possible.<\/p>\n<p>En 1968, Chiara Lubich a r\u00e9fl\u00e9chi \u00e0 l&rsquo;effet de la spiritualit\u00e9 du mouvement sur les communaut\u00e9s religieuses : \u00ab\u00a0Leur rencontre avec le mouvement et la pratique de la spiritualit\u00e9 signifient souvent pour elles une red\u00e9couverte de leurs r\u00e8gles, et une appr\u00e9ciation et un amour plus conscients de leurs fondateurs. Certains ordres, en raison d&rsquo;une observance plus parfaite de leurs propres r\u00e8gles, ont connu un v\u00e9ritable renouveau, une augmentation des vocations et de nouveaux d\u00e9veloppements dans leur mission.\u00a0\u00bb[\/vc_column_text][\/vc_tta_section][\/vc_tta_tour][\/vc_column][\/vc_row][vc_row padding_bottom_multiplier=\u00a0\u00bb\u00a0\u00bb][vc_column]<div class=\"grve-element grve-box-icon grve-large grve-side-icon grve-align-left\" style=\"\"><a href=\"\/connect\/\" title=\"Connect\"><div class=\"grve-wrapper-icon grve-no-shape\" style=\"\"><i class=\"grve-text-primary-2 fas fa-question-circle\"><\/i><\/div><div class=\"grve-box-content\"><div class=\"grve-box-title-wrapper\"><h3 class=\"grve-box-title grve-h6\">Interested in joining us?<\/h3><\/div>  <p class=\"\">Contact us and we will put you in touch with the Focolare community closest to you.<\/p><\/div><\/a><\/div><div class=\"grve-empty-space grve-height-2x\" style=\"\"><\/div>[\/vc_column][\/vc_row]<\/p>\n<\/div>","protected":false},"excerpt":{"rendered":"<p>[vc_row][vc_column width=\u00a0\u00bb1\/2&Prime;][vc_column_text]La spiritualit\u00e9 des Focolari peut \u00eatre partag\u00e9e et v\u00e9cue par tout le monde, et nous consid\u00e9rons le mouvement comme une maison o\u00f9 chacun peut avoir sa place et \u00eatre accueilli. Il existe plusieurs groupes principaux au sein des Focolari, organis\u00e9s par \u00e2ge et par vocation. Chacun apporte une contribution sp\u00e9cifique \u00e0 la communaut\u00e9 \u00e9largie [&hellip;]<\/p>\n","protected":false},"author":2,"featured_media":2587,"parent":0,"menu_order":0,"comment_status":"closed","ping_status":"closed","template":"","meta":{"footnotes":""},"class_list":["post-2775","page","type-page","status-publish","has-post-thumbnail","hentry"],"yoast_head":"<!-- This site is optimized with the Yoast SEO plugin v27.5 - https:\/\/yoast.com\/product\/yoast-seo-wordpress\/ -->\n<title>Communaut\u00e9 - Focolare in the US and Canada<\/title>\n<meta name=\"description\" content=\"Focolare is a large, diverse, and global family. Learn about groups and vocations within the Focolare Movement.\" \/>\n<meta name=\"robots\" content=\"index, follow, max-snippet:-1, max-image-preview:large, max-video-preview:-1\" \/>\n<link rel=\"canonical\" href=\"https:\/\/www.focolare.us\/fr\/community\/\" \/>\n<meta property=\"og:locale\" content=\"fr_FR\" \/>\n<meta property=\"og:type\" content=\"article\" \/>\n<meta property=\"og:title\" content=\"Communaut\u00e9 - Focolare in the US and Canada\" \/>\n<meta property=\"og:description\" content=\"Focolare is a large, diverse, and global family. Learn about groups and vocations within the Focolare Movement.\" \/>\n<meta property=\"og:url\" content=\"https:\/\/www.focolare.us\/fr\/community\/\" \/>\n<meta property=\"og:site_name\" content=\"Focolare in the US and Canada\" \/>\n<meta property=\"article:modified_time\" content=\"2021-09-17T19:01:09+00:00\" \/>\n<meta property=\"og:image\" content=\"https:\/\/www.focolare.us\/wp-content\/uploads\/2019\/08\/27987041268_fd50bea8dc_o.jpg\" \/>\n\t<meta property=\"og:image:width\" content=\"2000\" \/>\n\t<meta property=\"og:image:height\" content=\"1330\" \/>\n\t<meta property=\"og:image:type\" content=\"image\/jpeg\" \/>\n<meta name=\"twitter:card\" content=\"summary_large_image\" \/>\n<meta name=\"twitter:label1\" content=\"Dur\u00e9e de lecture estim\u00e9e\" \/>\n\t<meta name=\"twitter:data1\" content=\"7 minutes\" \/>\n<script type=\"application\/ld+json\" class=\"yoast-schema-graph\">{\"@context\":\"https:\\\/\\\/schema.org\",\"@graph\":[{\"@type\":\"WebPage\",\"@id\":\"https:\\\/\\\/www.focolare.us\\\/fr\\\/community\\\/\",\"url\":\"https:\\\/\\\/www.focolare.us\\\/fr\\\/community\\\/\",\"name\":\"Communaut\u00e9 - Focolare in the US and Canada\",\"isPartOf\":{\"@id\":\"https:\\\/\\\/www.focolare.us\\\/fr\\\/#website\"},\"primaryImageOfPage\":{\"@id\":\"https:\\\/\\\/www.focolare.us\\\/fr\\\/community\\\/#primaryimage\"},\"image\":{\"@id\":\"https:\\\/\\\/www.focolare.us\\\/fr\\\/community\\\/#primaryimage\"},\"thumbnailUrl\":\"https:\\\/\\\/www.focolare.us\\\/wp-content\\\/uploads\\\/2019\\\/08\\\/27987041268_fd50bea8dc_o.jpg\",\"datePublished\":\"2019-08-08T03:31:13+00:00\",\"dateModified\":\"2021-09-17T19:01:09+00:00\",\"description\":\"Focolare is a large, diverse, and global family. Learn about groups and vocations within the Focolare Movement.\",\"breadcrumb\":{\"@id\":\"https:\\\/\\\/www.focolare.us\\\/fr\\\/community\\\/#breadcrumb\"},\"inLanguage\":\"fr-FR\",\"potentialAction\":[{\"@type\":\"ReadAction\",\"target\":[\"https:\\\/\\\/www.focolare.us\\\/fr\\\/community\\\/\"]}]},{\"@type\":\"ImageObject\",\"inLanguage\":\"fr-FR\",\"@id\":\"https:\\\/\\\/www.focolare.us\\\/fr\\\/community\\\/#primaryimage\",\"url\":\"https:\\\/\\\/www.focolare.us\\\/wp-content\\\/uploads\\\/2019\\\/08\\\/27987041268_fd50bea8dc_o.jpg\",\"contentUrl\":\"https:\\\/\\\/www.focolare.us\\\/wp-content\\\/uploads\\\/2019\\\/08\\\/27987041268_fd50bea8dc_o.jpg\",\"width\":2000,\"height\":1330},{\"@type\":\"BreadcrumbList\",\"@id\":\"https:\\\/\\\/www.focolare.us\\\/fr\\\/community\\\/#breadcrumb\",\"itemListElement\":[{\"@type\":\"ListItem\",\"position\":1,\"name\":\"Home\",\"item\":\"https:\\\/\\\/www.focolare.us\\\/fr\\\/\"},{\"@type\":\"ListItem\",\"position\":2,\"name\":\"Communaut\u00e9\"}]},{\"@type\":\"WebSite\",\"@id\":\"https:\\\/\\\/www.focolare.us\\\/fr\\\/#website\",\"url\":\"https:\\\/\\\/www.focolare.us\\\/fr\\\/\",\"name\":\"Focolare in the US and Canada\",\"description\":\"Living for Unity in the US and Canada\",\"publisher\":{\"@id\":\"https:\\\/\\\/www.focolare.us\\\/fr\\\/#organization\"},\"potentialAction\":[{\"@type\":\"SearchAction\",\"target\":{\"@type\":\"EntryPoint\",\"urlTemplate\":\"https:\\\/\\\/www.focolare.us\\\/fr\\\/?s={search_term_string}\"},\"query-input\":{\"@type\":\"PropertyValueSpecification\",\"valueRequired\":true,\"valueName\":\"search_term_string\"}}],\"inLanguage\":\"fr-FR\"},{\"@type\":\"Organization\",\"@id\":\"https:\\\/\\\/www.focolare.us\\\/fr\\\/#organization\",\"name\":\"Focolare Movement\",\"url\":\"https:\\\/\\\/www.focolare.us\\\/fr\\\/\",\"logo\":{\"@type\":\"ImageObject\",\"inLanguage\":\"fr-FR\",\"@id\":\"https:\\\/\\\/www.focolare.us\\\/fr\\\/#\\\/schema\\\/logo\\\/image\\\/\",\"url\":\"https:\\\/\\\/www.focolare.us\\\/wp-content\\\/uploads\\\/2019\\\/08\\\/focolare_inglese_RGB.png\",\"contentUrl\":\"https:\\\/\\\/www.focolare.us\\\/wp-content\\\/uploads\\\/2019\\\/08\\\/focolare_inglese_RGB.png\",\"width\":200,\"height\":184,\"caption\":\"Focolare Movement\"},\"image\":{\"@id\":\"https:\\\/\\\/www.focolare.us\\\/fr\\\/#\\\/schema\\\/logo\\\/image\\\/\"},\"sameAs\":[\"https:\\\/\\\/en.wikipedia.org\\\/wiki\\\/Focolare_Movement\"]}]}<\/script>\n<!-- \/ Yoast SEO plugin. -->","yoast_head_json":{"title":"Communaut\u00e9 - Focolare in the US and Canada","description":"Focolare is a large, diverse, and global family. Learn about groups and vocations within the Focolare Movement.","robots":{"index":"index","follow":"follow","max-snippet":"max-snippet:-1","max-image-preview":"max-image-preview:large","max-video-preview":"max-video-preview:-1"},"canonical":"https:\/\/www.focolare.us\/fr\/community\/","og_locale":"fr_FR","og_type":"article","og_title":"Communaut\u00e9 - Focolare in the US and Canada","og_description":"Focolare is a large, diverse, and global family. Learn about groups and vocations within the Focolare Movement.","og_url":"https:\/\/www.focolare.us\/fr\/community\/","og_site_name":"Focolare in the US and Canada","article_modified_time":"2021-09-17T19:01:09+00:00","og_image":[{"width":2000,"height":1330,"url":"https:\/\/www.focolare.us\/wp-content\/uploads\/2019\/08\/27987041268_fd50bea8dc_o.jpg","type":"image\/jpeg"}],"twitter_card":"summary_large_image","twitter_misc":{"Dur\u00e9e de lecture estim\u00e9e":"7 minutes"},"schema":{"@context":"https:\/\/schema.org","@graph":[{"@type":"WebPage","@id":"https:\/\/www.focolare.us\/fr\/community\/","url":"https:\/\/www.focolare.us\/fr\/community\/","name":"Communaut\u00e9 - Focolare in the US and Canada","isPartOf":{"@id":"https:\/\/www.focolare.us\/fr\/#website"},"primaryImageOfPage":{"@id":"https:\/\/www.focolare.us\/fr\/community\/#primaryimage"},"image":{"@id":"https:\/\/www.focolare.us\/fr\/community\/#primaryimage"},"thumbnailUrl":"https:\/\/www.focolare.us\/wp-content\/uploads\/2019\/08\/27987041268_fd50bea8dc_o.jpg","datePublished":"2019-08-08T03:31:13+00:00","dateModified":"2021-09-17T19:01:09+00:00","description":"Focolare is a large, diverse, and global family. Learn about groups and vocations within the Focolare Movement.","breadcrumb":{"@id":"https:\/\/www.focolare.us\/fr\/community\/#breadcrumb"},"inLanguage":"fr-FR","potentialAction":[{"@type":"ReadAction","target":["https:\/\/www.focolare.us\/fr\/community\/"]}]},{"@type":"ImageObject","inLanguage":"fr-FR","@id":"https:\/\/www.focolare.us\/fr\/community\/#primaryimage","url":"https:\/\/www.focolare.us\/wp-content\/uploads\/2019\/08\/27987041268_fd50bea8dc_o.jpg","contentUrl":"https:\/\/www.focolare.us\/wp-content\/uploads\/2019\/08\/27987041268_fd50bea8dc_o.jpg","width":2000,"height":1330},{"@type":"BreadcrumbList","@id":"https:\/\/www.focolare.us\/fr\/community\/#breadcrumb","itemListElement":[{"@type":"ListItem","position":1,"name":"Home","item":"https:\/\/www.focolare.us\/fr\/"},{"@type":"ListItem","position":2,"name":"Communaut\u00e9"}]},{"@type":"WebSite","@id":"https:\/\/www.focolare.us\/fr\/#website","url":"https:\/\/www.focolare.us\/fr\/","name":"Focolare in the US and Canada","description":"Living for Unity in the US and Canada","publisher":{"@id":"https:\/\/www.focolare.us\/fr\/#organization"},"potentialAction":[{"@type":"SearchAction","target":{"@type":"EntryPoint","urlTemplate":"https:\/\/www.focolare.us\/fr\/?s={search_term_string}"},"query-input":{"@type":"PropertyValueSpecification","valueRequired":true,"valueName":"search_term_string"}}],"inLanguage":"fr-FR"},{"@type":"Organization","@id":"https:\/\/www.focolare.us\/fr\/#organization","name":"Focolare Movement","url":"https:\/\/www.focolare.us\/fr\/","logo":{"@type":"ImageObject","inLanguage":"fr-FR","@id":"https:\/\/www.focolare.us\/fr\/#\/schema\/logo\/image\/","url":"https:\/\/www.focolare.us\/wp-content\/uploads\/2019\/08\/focolare_inglese_RGB.png","contentUrl":"https:\/\/www.focolare.us\/wp-content\/uploads\/2019\/08\/focolare_inglese_RGB.png","width":200,"height":184,"caption":"Focolare Movement"},"image":{"@id":"https:\/\/www.focolare.us\/fr\/#\/schema\/logo\/image\/"},"sameAs":["https:\/\/en.wikipedia.org\/wiki\/Focolare_Movement"]}]}},"_links":{"self":[{"href":"https:\/\/www.focolare.us\/fr\/wp-json\/wp\/v2\/pages\/2775","targetHints":{"allow":["GET"]}}],"collection":[{"href":"https:\/\/www.focolare.us\/fr\/wp-json\/wp\/v2\/pages"}],"about":[{"href":"https:\/\/www.focolare.us\/fr\/wp-json\/wp\/v2\/types\/page"}],"author":[{"embeddable":true,"href":"https:\/\/www.focolare.us\/fr\/wp-json\/wp\/v2\/users\/2"}],"replies":[{"embeddable":true,"href":"https:\/\/www.focolare.us\/fr\/wp-json\/wp\/v2\/comments?post=2775"}],"version-history":[{"count":2,"href":"https:\/\/www.focolare.us\/fr\/wp-json\/wp\/v2\/pages\/2775\/revisions"}],"predecessor-version":[{"id":2777,"href":"https:\/\/www.focolare.us\/fr\/wp-json\/wp\/v2\/pages\/2775\/revisions\/2777"}],"wp:featuredmedia":[{"embeddable":true,"href":"https:\/\/www.focolare.us\/fr\/wp-json\/wp\/v2\/media\/2587"}],"wp:attachment":[{"href":"https:\/\/www.focolare.us\/fr\/wp-json\/wp\/v2\/media?parent=2775"}],"curies":[{"name":"wp","href":"https:\/\/api.w.org\/{rel}","templated":true}]}}