{"id":2760,"date":"2019-08-08T03:30:29","date_gmt":"2019-08-08T03:30:29","guid":{"rendered":"https:\/\/www.focolare.us\/focolare-in-us-canada\/"},"modified":"2021-09-17T18:32:11","modified_gmt":"2021-09-17T18:32:11","slug":"focolare-in-us-canada","status":"publish","type":"page","link":"https:\/\/www.focolare.us\/fr\/focolare-in-us-canada\/","title":{"rendered":"Le Mouvement des Focolari aux \u00c9tats-Unis et au Canada"},"content":{"rendered":"<div class=\"wpb-content-wrapper\"><p>[vc_row][vc_column width=\u00a0\u00bb2\/3&Prime;][vc_column_text]<\/p>\r\n<p>Le Mouvement des Focolari est pr\u00e9sent en Am\u00e9rique du Nord depuis 1955. Le p\u00e8re Joe Scopa, un pr\u00eatre missionnaire scalabrinien, est retourn\u00e9 dans sa paroisse de Chicago apr\u00e8s avoir particip\u00e9 \u00e0 une Mariapolis en Italie.<\/p>\r\n<p>L\u00e0-bas, dans les Dolomites, il avait rencontr\u00e9 des centaines de la\u00efcs qui fondaient leur vie sur l&rsquo;\u00c9vangile. Pendant les ravages de la Seconde Guerre mondiale, ils avaient perdu tout ce qu&rsquo;ils avaient, mais ils avaient d\u00e9couvert ce qu&rsquo;aucune bombe ne pouvait d\u00e9truire : Dieu, qui est Amour.<\/p>\r\n<p>&nbsp;<\/p>\r\n<p>[\/vc_column_text]<style type=\"text\/css\">.grve-title-gradient.grve-title-69f0fb280f494 > span,.grve-title-gradient.grve-title-69f0fb280f494 .grve-clipping-content > span {color: #3f90b9;background-image: -moz-linear-gradient(-45deg, #3f90b9 0%, #3f90b9 100%);background-image: -webkit-linear-gradient(-45deg, #3f90b9 0%, #3f90b9 100%);background-image: linear-gradient(135deg, #3f90b9 0%, #3f90b9 100%);}<\/style><h3 class=\"grve-element grve-title grve-align-left grve-h3 grve-title-gradient grve-title-69f0fb280f494\" style=\"\"><span><br>\r\n1943 : la spiritualit\u00e9 de l&rsquo;abri anti-bombes<br>\r\n<span class=\"grve-title-line grve-bg-primary-1\" style=\"width: 50px;height: 2px;\"><\/span><\/span><\/h3>[vc_column_text]<\/p>\r\n<p>Pendant les raids a\u00e9riens incessants \u00e0 Trente, en Italie, un groupe de jeunes femmes se r\u00e9unissait autour de Chiara Lubich dans les abris, n&#8217;emportant avec elles que les \u00c9vangiles. Ce qu&rsquo;elles lisaient \u00e0 la lumi\u00e8re des bougies brillait comme de l&rsquo;int\u00e9rieur : \u00ab\u00a0Demandez et vous recevrez\u00a0\u00bb (Lc 11, 9) et \u00ab\u00a0Car l\u00e0 o\u00f9 deux ou trois sont r\u00e9unis en mon nom, je suis l\u00e0 au milieu d&rsquo;eux\u00a0\u00bb (Mt 18, 20).<\/p>\r\n<p>Mais le passage qui les a le plus inspir\u00e9es est la derni\u00e8re pri\u00e8re de J\u00e9sus : \u00a0\u00bb Que tous soient un, P\u00e8re, comme toi et moi sommes un \u00a0\u00bb (Jn 17, 21). Elles avaient l&rsquo;impression d&rsquo;\u00eatre n\u00e9es pour travailler \u00e0 l&rsquo;unit\u00e9 pour laquelle J\u00e9sus priait.<\/p>\r\n<p>Apr\u00e8s la guerre, Chiara et ses premi\u00e8res compagnes ont continu\u00e9 \u00e0 vivre intens\u00e9ment l&rsquo;\u00c9vangile, en se concentrant chaque mois sur une phrase, qu&rsquo;ils appelaient Parole de Vie. Elles ont partag\u00e9 leurs histoires, et leur groupe s&rsquo;est \u00e9largi. Leurs voisins appelaient leur petit appartement un \u00ab\u00a0focolare\u00a0\u00bb, ce qui signifie \u00ab\u00a0foyer\u00a0\u00bb en italien, un endroit o\u00f9 une famille se r\u00e9unit. C&rsquo;est l\u00e0 qu&rsquo;ils se sentaient chez eux.<\/p>\r\n<p>Le Mouvement des Focolari \u00e9tait actif dans toute l\u2019Italie, lorsque le p\u00e8re Scopa a appris son existence. \u00c0 la fin des ann\u00e9es \u201850, il s&rsquo;\u00e9tait r\u00e9pandu dans toute l&rsquo;Europe, y compris de l\u2019autre c\u00f4t\u00e9 du rideau de fer, g\u00e9n\u00e9ralement par le biais de relations personnelles. Lorsque le p\u00e8re Scopa \u00e9tait sur le point de rentrer en Am\u00e9rique, Chiara lui dit de ne pas se pr\u00e9occuper \u00e0 faire connaitre le Mouvement des Focolari, mais plut\u00f4t de laisser les autres en voir un exemple vivant. Il lance un programme pour les jeunes adultes dans sa paroisse, et de ce groupe \u00e9mergent de nombreux pionniers du mouvement des Focolari aux \u00c9tats-Unis.<\/p>\r\n<p>&nbsp;<\/p>\r\n<p>[\/vc_column_text]<style type=\"text\/css\">.grve-title-gradient.grve-title-69f0fb280f521 > span,.grve-title-gradient.grve-title-69f0fb280f521 .grve-clipping-content > span {color: #3f90b9;background-image: -moz-linear-gradient(-45deg, #3f90b9 0%, #3f90b9 100%);background-image: -webkit-linear-gradient(-45deg, #3f90b9 0%, #3f90b9 100%);background-image: linear-gradient(135deg, #3f90b9 0%, #3f90b9 100%);}<\/style><h3 class=\"grve-element grve-title grve-align-left grve-h3 grve-title-gradient grve-title-69f0fb280f521\" style=\"\"><span><br>\r\n1961 : atterrissage \u00e0 New York<br>\r\n<span class=\"grve-title-line grve-bg-primary-1\" style=\"width: 50px;height: 2px;\"><\/span><\/span><\/h3>[vc_column_text]<\/p>\r\n<p>\u00c0 la fin des ann\u00e9es 1950, le Mouvement des Focolari a atteint le Br\u00e9sil, puis le reste de l&rsquo;Am\u00e9rique du Sud. Il atteint officiellement l&rsquo;Am\u00e9rique du Nord lorsque Giovanna Vernuccio, Antonio Petrilli et Sharry Silvi arrivent \u00e0 New York le 14 septembre 1961.<\/p>\r\n<p>Les premi\u00e8res maisons de focolare \u00e0 New York ont donn\u00e9 naissance \u00e0 d&rsquo;autres \u00e0 Boston, Toronto, Montr\u00e9al et Chicago. D&rsquo;autres maisons ouvriront plus tard \u00e0 Washington, D.C., Vancouver, San Antonio, Los Angeles, Columbus, Ohio et Atlanta.<\/p>\r\n<p>Au d\u00e9but des ann\u00e9es \u201860, les observateurs de Vatican II issus d&rsquo;autres \u00e9glises chr\u00e9tiennes ont d\u00e9sormais entendu parler du mouvement. En 1977, apr\u00e8s que Chiara a re\u00e7u le prix \u00ab\u00a0Templeton\u00a0\u00bb pour le progr\u00e8s en religion, des personnes d&rsquo;autres confessions &#8211; bouddhistes, hindous, sikhs, shinto\u00efstes, musulmans &#8211; entendent parler du Mouvement des Focolari pour la premi\u00e8re fois.<\/p>\r\n<p>Le mouvement se r\u00e9pand en Afrique et en Asie, et \u00e0 la fin des ann\u00e9es \u201880, il est pr\u00e9sent dans plus de 180 pays.<\/p>\r\n<p>En mai 1997, Chiara est invit\u00e9e \u00e0 la mosqu\u00e9e Malcolm Shabazz de New York, o\u00f9 elle partage son exp\u00e9rience chr\u00e9tienne avec 3 000 musulmans, en se r\u00e9f\u00e9rant \u00e0 des citations de l&rsquo;Islam qui sont proches de l&rsquo;\u00c9vangile. \u00c0 la fin de la r\u00e9union, elle a conclu un pacte de fraternit\u00e9 avec l&rsquo;Imam Warith Deen Mohammed. Trois ans plus tard, ils se sont retrouv\u00e9s \u00e0 Washington D.C. avec 6 000 chr\u00e9tiens et musulmans pour c\u00e9l\u00e9brer un \u00e9v\u00e9nement intitul\u00e9 \u00ab\u00a0Faith Communities Together\u00a0\u00bb (\u00ab\u00a0Des communaut\u00e9s de foi ensemble\u00a0\u00bb).<\/p>\r\n<p>Apr\u00e8s la mort de Chiara en 2008, le mouvement a continu\u00e9 en suivant les directives qu&rsquo;elle avait mises en place. Il y aurait une pr\u00e9sidente et un copr\u00e9sident (un pr\u00eatre catholique) \u00e9lus, ainsi qu&rsquo;un conseil de femmes et d&rsquo;hommes pour guider le Mouvement des Focolari dans le monde entier. Aujourd&rsquo;hui, des personnes de tous \u00e2ges et de toutes vocations &#8211; enfants, adolescents, jeunes adultes, familles, religieux et religieuses, pr\u00eatres, \u00e9v\u00eaques &#8211; vivent l&rsquo;\u00c9vangile de cette mani\u00e8re, construisant le monde uni pour lequel J\u00e9sus a pri\u00e9.<\/p>\r\n<p>[\/vc_column_text]<h4 class=\"grve-element grve-title grve-align-left grve-h4\" style=\"\"><span><br>\r\n<h4>Read more<\/h4>\r\n<span class=\"grve-title-line grve-bg-primary-1\" style=\"width: 50px;height: 2px;\"><\/span><\/span><\/h4>[vc_column_text]<\/p>\r\n<ul>\r\n<li><a href=\"https:\/\/www.newcitypress.com\/focolare.html\" target=\"_blank\" rel=\"noopener noreferrer\">Book: \u00ab\u00a0Focolare: Living a Spirituality of Unity in the United States\u00a0\u00bb<\/a><\/li>\r\n<\/ul>\r\n<p>[\/vc_column_text][\/vc_column][vc_column width=\u00a0\u00bb1\/3&Prime; text_align=\u00a0\u00bbcenter\u00a0\u00bb css=\u00a0\u00bb.vc_custom_1590368461222{background-position: center !important;background-repeat: no-repeat !important;background-size: cover !important;}\u00a0\u00bb][vc_widget_sidebar sidebar_id=\u00a0\u00bbmovedo_grve_sidebar_5ecb196908da4&Prime;][\/vc_column][\/vc_row]<\/p><!-- \/wp:post-content --><\/div>","protected":false},"excerpt":{"rendered":"<p>[vc_row][vc_column width=\u00a0\u00bb2\/3&Prime;][vc_column_text] Le Mouvement des Focolari est pr\u00e9sent en Am\u00e9rique du Nord depuis 1955. Le p\u00e8re Joe Scopa, un pr\u00eatre missionnaire scalabrinien, est retourn\u00e9 dans sa paroisse de Chicago apr\u00e8s avoir particip\u00e9 \u00e0 une Mariapolis en Italie. L\u00e0-bas, dans les Dolomites, il avait rencontr\u00e9 des centaines de la\u00efcs qui fondaient leur vie sur l&rsquo;\u00c9vangile. Pendant [&hellip;]<\/p>\n","protected":false},"author":2,"featured_media":2647,"parent":0,"menu_order":0,"comment_status":"closed","ping_status":"closed","template":"","meta":{"footnotes":""},"class_list":["post-2760","page","type-page","status-publish","has-post-thumbnail","hentry"],"yoast_head":"<!-- This site is optimized with the Yoast SEO plugin v27.5 - https:\/\/yoast.com\/product\/yoast-seo-wordpress\/ -->\n<title>Le Mouvement des Focolari aux \u00c9tats-Unis et au Canada<\/title>\n<meta name=\"description\" content=\"Comment une communaut\u00e9 mondiale s&#039;est d\u00e9velopp\u00e9e localement.\" \/>\n<meta name=\"robots\" content=\"index, follow, max-snippet:-1, max-image-preview:large, max-video-preview:-1\" \/>\n<link rel=\"canonical\" href=\"https:\/\/www.focolare.us\/fr\/focolare-in-us-canada\/\" \/>\n<meta property=\"og:locale\" content=\"fr_FR\" \/>\n<meta property=\"og:type\" content=\"article\" \/>\n<meta property=\"og:title\" content=\"Le Mouvement des Focolari aux \u00c9tats-Unis et au Canada\" \/>\n<meta property=\"og:description\" content=\"Comment une communaut\u00e9 mondiale s&#039;est d\u00e9velopp\u00e9e localement.\" \/>\n<meta property=\"og:url\" content=\"https:\/\/www.focolare.us\/fr\/focolare-in-us-canada\/\" \/>\n<meta property=\"og:site_name\" content=\"Focolare in the US and Canada\" \/>\n<meta property=\"article:modified_time\" content=\"2021-09-17T18:32:11+00:00\" \/>\n<meta property=\"og:image\" content=\"https:\/\/www.focolare.us\/wp-content\/uploads\/2019\/10\/cq5dam.thumbnail.cropped.1000.563-1.jpeg\" \/>\n\t<meta property=\"og:image:width\" content=\"1000\" \/>\n\t<meta property=\"og:image:height\" content=\"563\" \/>\n\t<meta property=\"og:image:type\" content=\"image\/jpeg\" \/>\n<meta name=\"twitter:card\" content=\"summary_large_image\" \/>\n<meta name=\"twitter:label1\" content=\"Dur\u00e9e de lecture estim\u00e9e\" \/>\n\t<meta name=\"twitter:data1\" content=\"4 minutes\" \/>\n<script type=\"application\/ld+json\" class=\"yoast-schema-graph\">{\"@context\":\"https:\\\/\\\/schema.org\",\"@graph\":[{\"@type\":\"WebPage\",\"@id\":\"https:\\\/\\\/www.focolare.us\\\/fr\\\/focolare-in-us-canada\\\/\",\"url\":\"https:\\\/\\\/www.focolare.us\\\/fr\\\/focolare-in-us-canada\\\/\",\"name\":\"Le Mouvement des Focolari aux \u00c9tats-Unis et au Canada\",\"isPartOf\":{\"@id\":\"https:\\\/\\\/www.focolare.us\\\/fr\\\/#website\"},\"primaryImageOfPage\":{\"@id\":\"https:\\\/\\\/www.focolare.us\\\/fr\\\/focolare-in-us-canada\\\/#primaryimage\"},\"image\":{\"@id\":\"https:\\\/\\\/www.focolare.us\\\/fr\\\/focolare-in-us-canada\\\/#primaryimage\"},\"thumbnailUrl\":\"https:\\\/\\\/www.focolare.us\\\/wp-content\\\/uploads\\\/2019\\\/10\\\/cq5dam.thumbnail.cropped.1000.563-1.jpeg\",\"datePublished\":\"2019-08-08T03:30:29+00:00\",\"dateModified\":\"2021-09-17T18:32:11+00:00\",\"description\":\"Comment une communaut\u00e9 mondiale s'est d\u00e9velopp\u00e9e localement.\",\"breadcrumb\":{\"@id\":\"https:\\\/\\\/www.focolare.us\\\/fr\\\/focolare-in-us-canada\\\/#breadcrumb\"},\"inLanguage\":\"fr-FR\",\"potentialAction\":[{\"@type\":\"ReadAction\",\"target\":[\"https:\\\/\\\/www.focolare.us\\\/fr\\\/focolare-in-us-canada\\\/\"]}]},{\"@type\":\"ImageObject\",\"inLanguage\":\"fr-FR\",\"@id\":\"https:\\\/\\\/www.focolare.us\\\/fr\\\/focolare-in-us-canada\\\/#primaryimage\",\"url\":\"https:\\\/\\\/www.focolare.us\\\/wp-content\\\/uploads\\\/2019\\\/10\\\/cq5dam.thumbnail.cropped.1000.563-1.jpeg\",\"contentUrl\":\"https:\\\/\\\/www.focolare.us\\\/wp-content\\\/uploads\\\/2019\\\/10\\\/cq5dam.thumbnail.cropped.1000.563-1.jpeg\",\"width\":1000,\"height\":563},{\"@type\":\"BreadcrumbList\",\"@id\":\"https:\\\/\\\/www.focolare.us\\\/fr\\\/focolare-in-us-canada\\\/#breadcrumb\",\"itemListElement\":[{\"@type\":\"ListItem\",\"position\":1,\"name\":\"Home\",\"item\":\"https:\\\/\\\/www.focolare.us\\\/fr\\\/\"},{\"@type\":\"ListItem\",\"position\":2,\"name\":\"Le Mouvement des Focolari aux \u00c9tats-Unis et au Canada\"}]},{\"@type\":\"WebSite\",\"@id\":\"https:\\\/\\\/www.focolare.us\\\/fr\\\/#website\",\"url\":\"https:\\\/\\\/www.focolare.us\\\/fr\\\/\",\"name\":\"Focolare in the US and Canada\",\"description\":\"Living for Unity in the US and Canada\",\"publisher\":{\"@id\":\"https:\\\/\\\/www.focolare.us\\\/fr\\\/#organization\"},\"potentialAction\":[{\"@type\":\"SearchAction\",\"target\":{\"@type\":\"EntryPoint\",\"urlTemplate\":\"https:\\\/\\\/www.focolare.us\\\/fr\\\/?s={search_term_string}\"},\"query-input\":{\"@type\":\"PropertyValueSpecification\",\"valueRequired\":true,\"valueName\":\"search_term_string\"}}],\"inLanguage\":\"fr-FR\"},{\"@type\":\"Organization\",\"@id\":\"https:\\\/\\\/www.focolare.us\\\/fr\\\/#organization\",\"name\":\"Focolare Movement\",\"url\":\"https:\\\/\\\/www.focolare.us\\\/fr\\\/\",\"logo\":{\"@type\":\"ImageObject\",\"inLanguage\":\"fr-FR\",\"@id\":\"https:\\\/\\\/www.focolare.us\\\/fr\\\/#\\\/schema\\\/logo\\\/image\\\/\",\"url\":\"https:\\\/\\\/www.focolare.us\\\/wp-content\\\/uploads\\\/2019\\\/08\\\/focolare_inglese_RGB.png\",\"contentUrl\":\"https:\\\/\\\/www.focolare.us\\\/wp-content\\\/uploads\\\/2019\\\/08\\\/focolare_inglese_RGB.png\",\"width\":200,\"height\":184,\"caption\":\"Focolare Movement\"},\"image\":{\"@id\":\"https:\\\/\\\/www.focolare.us\\\/fr\\\/#\\\/schema\\\/logo\\\/image\\\/\"},\"sameAs\":[\"https:\\\/\\\/en.wikipedia.org\\\/wiki\\\/Focolare_Movement\"]}]}<\/script>\n<!-- \/ Yoast SEO plugin. -->","yoast_head_json":{"title":"Le Mouvement des Focolari aux \u00c9tats-Unis et au Canada","description":"Comment une communaut\u00e9 mondiale s'est d\u00e9velopp\u00e9e localement.","robots":{"index":"index","follow":"follow","max-snippet":"max-snippet:-1","max-image-preview":"max-image-preview:large","max-video-preview":"max-video-preview:-1"},"canonical":"https:\/\/www.focolare.us\/fr\/focolare-in-us-canada\/","og_locale":"fr_FR","og_type":"article","og_title":"Le Mouvement des Focolari aux \u00c9tats-Unis et au Canada","og_description":"Comment une communaut\u00e9 mondiale s'est d\u00e9velopp\u00e9e localement.","og_url":"https:\/\/www.focolare.us\/fr\/focolare-in-us-canada\/","og_site_name":"Focolare in the US and Canada","article_modified_time":"2021-09-17T18:32:11+00:00","og_image":[{"width":1000,"height":563,"url":"https:\/\/www.focolare.us\/wp-content\/uploads\/2019\/10\/cq5dam.thumbnail.cropped.1000.563-1.jpeg","type":"image\/jpeg"}],"twitter_card":"summary_large_image","twitter_misc":{"Dur\u00e9e de lecture estim\u00e9e":"4 minutes"},"schema":{"@context":"https:\/\/schema.org","@graph":[{"@type":"WebPage","@id":"https:\/\/www.focolare.us\/fr\/focolare-in-us-canada\/","url":"https:\/\/www.focolare.us\/fr\/focolare-in-us-canada\/","name":"Le Mouvement des Focolari aux \u00c9tats-Unis et au Canada","isPartOf":{"@id":"https:\/\/www.focolare.us\/fr\/#website"},"primaryImageOfPage":{"@id":"https:\/\/www.focolare.us\/fr\/focolare-in-us-canada\/#primaryimage"},"image":{"@id":"https:\/\/www.focolare.us\/fr\/focolare-in-us-canada\/#primaryimage"},"thumbnailUrl":"https:\/\/www.focolare.us\/wp-content\/uploads\/2019\/10\/cq5dam.thumbnail.cropped.1000.563-1.jpeg","datePublished":"2019-08-08T03:30:29+00:00","dateModified":"2021-09-17T18:32:11+00:00","description":"Comment une communaut\u00e9 mondiale s'est d\u00e9velopp\u00e9e localement.","breadcrumb":{"@id":"https:\/\/www.focolare.us\/fr\/focolare-in-us-canada\/#breadcrumb"},"inLanguage":"fr-FR","potentialAction":[{"@type":"ReadAction","target":["https:\/\/www.focolare.us\/fr\/focolare-in-us-canada\/"]}]},{"@type":"ImageObject","inLanguage":"fr-FR","@id":"https:\/\/www.focolare.us\/fr\/focolare-in-us-canada\/#primaryimage","url":"https:\/\/www.focolare.us\/wp-content\/uploads\/2019\/10\/cq5dam.thumbnail.cropped.1000.563-1.jpeg","contentUrl":"https:\/\/www.focolare.us\/wp-content\/uploads\/2019\/10\/cq5dam.thumbnail.cropped.1000.563-1.jpeg","width":1000,"height":563},{"@type":"BreadcrumbList","@id":"https:\/\/www.focolare.us\/fr\/focolare-in-us-canada\/#breadcrumb","itemListElement":[{"@type":"ListItem","position":1,"name":"Home","item":"https:\/\/www.focolare.us\/fr\/"},{"@type":"ListItem","position":2,"name":"Le Mouvement des Focolari aux \u00c9tats-Unis et au Canada"}]},{"@type":"WebSite","@id":"https:\/\/www.focolare.us\/fr\/#website","url":"https:\/\/www.focolare.us\/fr\/","name":"Focolare in the US and Canada","description":"Living for Unity in the US and Canada","publisher":{"@id":"https:\/\/www.focolare.us\/fr\/#organization"},"potentialAction":[{"@type":"SearchAction","target":{"@type":"EntryPoint","urlTemplate":"https:\/\/www.focolare.us\/fr\/?s={search_term_string}"},"query-input":{"@type":"PropertyValueSpecification","valueRequired":true,"valueName":"search_term_string"}}],"inLanguage":"fr-FR"},{"@type":"Organization","@id":"https:\/\/www.focolare.us\/fr\/#organization","name":"Focolare Movement","url":"https:\/\/www.focolare.us\/fr\/","logo":{"@type":"ImageObject","inLanguage":"fr-FR","@id":"https:\/\/www.focolare.us\/fr\/#\/schema\/logo\/image\/","url":"https:\/\/www.focolare.us\/wp-content\/uploads\/2019\/08\/focolare_inglese_RGB.png","contentUrl":"https:\/\/www.focolare.us\/wp-content\/uploads\/2019\/08\/focolare_inglese_RGB.png","width":200,"height":184,"caption":"Focolare Movement"},"image":{"@id":"https:\/\/www.focolare.us\/fr\/#\/schema\/logo\/image\/"},"sameAs":["https:\/\/en.wikipedia.org\/wiki\/Focolare_Movement"]}]}},"_links":{"self":[{"href":"https:\/\/www.focolare.us\/fr\/wp-json\/wp\/v2\/pages\/2760","targetHints":{"allow":["GET"]}}],"collection":[{"href":"https:\/\/www.focolare.us\/fr\/wp-json\/wp\/v2\/pages"}],"about":[{"href":"https:\/\/www.focolare.us\/fr\/wp-json\/wp\/v2\/types\/page"}],"author":[{"embeddable":true,"href":"https:\/\/www.focolare.us\/fr\/wp-json\/wp\/v2\/users\/2"}],"replies":[{"embeddable":true,"href":"https:\/\/www.focolare.us\/fr\/wp-json\/wp\/v2\/comments?post=2760"}],"version-history":[{"count":6,"href":"https:\/\/www.focolare.us\/fr\/wp-json\/wp\/v2\/pages\/2760\/revisions"}],"predecessor-version":[{"id":2774,"href":"https:\/\/www.focolare.us\/fr\/wp-json\/wp\/v2\/pages\/2760\/revisions\/2774"}],"wp:featuredmedia":[{"embeddable":true,"href":"https:\/\/www.focolare.us\/fr\/wp-json\/wp\/v2\/media\/2647"}],"wp:attachment":[{"href":"https:\/\/www.focolare.us\/fr\/wp-json\/wp\/v2\/media?parent=2760"}],"curies":[{"name":"wp","href":"https:\/\/api.w.org\/{rel}","templated":true}]}}