{"id":2749,"date":"2020-05-11T05:27:19","date_gmt":"2020-05-11T05:27:19","guid":{"rendered":"https:\/\/www.focolare.us\/indigo\/"},"modified":"2021-09-23T01:29:12","modified_gmt":"2021-09-23T01:29:12","slug":"indigo","status":"publish","type":"page","link":"https:\/\/www.focolare.us\/fr\/life-in-color\/indigo\/","title":{"rendered":"Indigo"},"content":{"rendered":"<div class=\"wpb-content-wrapper\"><p>[vc_row][vc_column width=\u00a0\u00bb2\/3&Prime;][vc_column_text]<em>La spiritualit\u00e9 des Focolari d\u00e9finit sept domaines de la vie, chacun \u00e9tant une fa\u00e7on d&rsquo;exprimer l&rsquo;amour. Rien n&rsquo;est plus ou moins important, plus ou moins sacr\u00e9. \u00ab\u00a0L&rsquo;amour est lumi\u00e8re\u00a0\u00bb, explique Chiara Lubich. Lorsque la lumi\u00e8re claire traverse un prisme, ou m\u00eame une goutte d&rsquo;eau, elle se r\u00e9fracte dans les sept couleurs de l&rsquo;arc-en-ciel : rouge, orange, jaune, vert, bleu, indigo et violet. Et tout comme cette lumi\u00e8re se divise en diff\u00e9rentes couleurs, l&rsquo;amour a lui aussi une mani\u00e8re de s&rsquo;exprimer en autant de fa\u00e7ons.<\/em>[\/vc_column_text]<div class=\"grve-empty-space grve-height-1x\" style=\"\"><\/div><style type=\"text\/css\">.grve-title-gradient.grve-title-69e9d7d4cc318 > span,.grve-title-gradient.grve-title-69e9d7d4cc318 .grve-clipping-content > span {color: #3f90b9;background-image: -moz-linear-gradient(-45deg, #3f90b9 0%, #3f90b9 100%);background-image: -webkit-linear-gradient(-45deg, #3f90b9 0%, #3f90b9 100%);background-image: linear-gradient(135deg, #3f90b9 0%, #3f90b9 100%);}<\/style><h3 class=\"grve-element grve-title grve-align-left grve-h3 grve-title-gradient grve-title-69e9d7d4cc318\" style=\"\"><span>L&rsquo;amour engendre la sagesse.<span class=\"grve-title-line grve-bg-primary-1\" style=\"width: 50px;height: 2px;\"><\/span><\/span><\/h3>[vc_column_text]<\/p>\n<div id=\"grve-post-content\">\n<div class=\"grve-container\">\n<p>Lorsque la vie est centr\u00e9e sur le don de soi dans une attitude d&rsquo;amour, elle devient \u00e9clair\u00e9e et une source de sagesse pour nous-m\u00eames et pour les autres. Il y a plusieurs moments d&rsquo;illumination qui sont partag\u00e9s ensemble.<\/p>\n<p>Quand on aime quelqu&rsquo;un, on veut en savoir le plus possible sur lui, sur ce qui l&rsquo;int\u00e9resse, sur ce qui le fait vibrer. L&rsquo;amour pour les autres et pour Dieu nous pousse \u00e0 \u00e9tudier une grande vari\u00e9t\u00e9 de sujets, ainsi qu&rsquo;\u00e0 am\u00e9liorer continuellement nos connaissances gr\u00e2ce aux opportunit\u00e9s de d\u00e9veloppement. Nous ne pouvons jamais cesser d&rsquo;apprendre et d&rsquo;aller de l&rsquo;avant.<\/p>\n<p>Accepter la souffrance, qu&rsquo;il s&rsquo;agisse de la n\u00f4tre ou de celle de ceux qui nous entourent, peut \u00e9galement conduire \u00e0 la sagesse lorsque nous la traversons. Il peut s&rsquo;agir d&rsquo;un cadeau inattendu provenant d&rsquo;exp\u00e9riences difficiles.<\/p>\n<p>L'\u00a0\u00bbindigo\u00a0\u00bb est donc synonyme de sagesse. Lorsque l&rsquo;amour se r\u00e9fracte comme la lumi\u00e8re en \u00ab\u00a0indigo\u00a0\u00bb, il brille sur ces aspects de la vie :<\/p>\n<ul>\n<li>L&rsquo;\u00e9tude<\/li>\n<li>L&rsquo;enseignement<\/li>\n<li>Le d\u00e9veloppement professionnel<\/li>\n<li>La science, les sciences humaines, la philosophie, la th\u00e9ologie<\/li>\n<\/ul>\n<\/div>\n<\/div>\n<p>[\/vc_column_text]<div class=\"grve-empty-space grve-height-1x\" style=\"\"><\/div><style type=\"text\/css\">.grve-title-gradient.grve-title-69e9d7d4cc382 > span,.grve-title-gradient.grve-title-69e9d7d4cc382 .grve-clipping-content > span {color: #3f90b9;background-image: -moz-linear-gradient(-45deg, #3f90b9 0%, #3f90b9 100%);background-image: -webkit-linear-gradient(-45deg, #3f90b9 0%, #3f90b9 100%);background-image: linear-gradient(135deg, #3f90b9 0%, #3f90b9 100%);}<\/style><h3 class=\"grve-element grve-title grve-align-left grve-h3 grve-title-gradient grve-title-69e9d7d4cc382\" style=\"\"><span>Ce que cela signifie pour moi<span class=\"grve-title-line grve-bg-primary-1\" style=\"width: 50px;height: 2px;\"><\/span><\/span><\/h3>[vc_column_text]<em>\u00ab\u00a0Nous nous sommes d\u00e9barrass\u00e9s de l&rsquo;autre enseignant. Nous ferons la m\u00eame chose avec celui-ci aussi.\u00a0\u00bb Ce sont les mots que les \u00e9l\u00e8ves ont prononc\u00e9s lorsque mon superviseur m&rsquo;a demand\u00e9 de prendre en charge leur classe. Je les connaissais \u00e0 travers leur ancien enseignant, qui \u00e9tait un coll\u00e8gue et un ami \u00e0 moi. \u00ab\u00a0Ces enfants sont probl\u00e8mes\u00a0\u00bb, me suis-je dit, \u00ab\u00a0mais mon superviseur pense que je peux assumer cette t\u00e2che, alors je vais essayer. Je dois aimer mon superviseur et ces \u00e9l\u00e8ves. Si je suis une personne qui veut construire l&rsquo;unit\u00e9, c&rsquo;est un excellent endroit pour commencer.\u00a0\u00bb<\/em><\/p>\n<p><em>Je me souviens que j&rsquo;ai h\u00e9sit\u00e9 devant la porte de la classe avant d&rsquo;y entrer. Que devais-je faire ? Commencer durement ? \u00catre amusante ? \u00catre m\u00e9chante ? Alors que j&rsquo;h\u00e9sitais, une pens\u00e9e m&rsquo;a frapp\u00e9 : ces enfants sont de vraies personnes. J&rsquo;\u00e9tais tellement prise par toutes les mauvaises choses que les autres m\u2019avaient dit que j&rsquo;avais oubli\u00e9 qu&rsquo;ils \u00e9taient des personnes qui m\u00e9ritaient amour et respect. J\u00e9sus \u00e9tait en chacun d&rsquo;eux.<\/em><\/p>\n<p><em>Je suis entr\u00e9e dans la classe, et ils \u00e9taient silencieux, me regardant simplement. Je me suis dirig\u00e9e vers le bureau, j&rsquo;ai pos\u00e9 mes livres et j&rsquo;ai regard\u00e9 autour de moi chaque \u00e9l\u00e8ve de la classe. J&rsquo;ai essay\u00e9 de voir chacun d&rsquo;entre eux comme une personne et non comme \u00ab\u00a0un membre d&rsquo;une bande\u00a0\u00bb.<\/em><\/p>\n<p><em>D\u00e8s que j&rsquo;ai fait cela, je me suis sentie plus \u00e0 l&rsquo;aise et j&rsquo;ai commenc\u00e9 \u00e0 m&rsquo;adresser \u00e0 eux. Je me suis pr\u00e9sent\u00e9e et, en parlant aussi honn\u00eatement que possible, je leur ai dit que j&rsquo;\u00e9tais l\u00e0 pour leur enseigner du mieux que je pouvais, mais qu&rsquo;ils devaient faire leur part et respecter mes r\u00e8gles. J&rsquo;ai commenc\u00e9 \u00e0 \u00e9noncer les r\u00e8gles de ma classe, puis j&rsquo;ai ajout\u00e9 : \u00ab\u00a0Je ferai tout ce que je peux pour vous aider \u00e0 r\u00e9ussir ce cours, mais vous devez me rencontrer \u00e0 mi-chemin.\u00a0\u00bb<\/em><\/p>\n<p><em>Quand j&rsquo;ai dit cela, l&rsquo;une des filles assises \u00e0 l&rsquo;avant a commenc\u00e9 \u00e0 taper sur son bureau et a cri\u00e9 : \u00ab\u00a0C&rsquo;est la premi\u00e8re fois qu&rsquo;un professeur nous parle comme \u00e0 des \u00eatres humains !\u00a0\u00bb. Je lui ai souri, ainsi qu&rsquo;\u00e0 la classe, et je leur ai assur\u00e9 qu&rsquo;ils \u00e9taient justement cela et qu&rsquo;ils m\u00e9ritaient mon respect autant que je m\u00e9ritais le leur.<\/em><\/p>\n<p><em>\u00c0 partir de cette premi\u00e8re rencontre, les enfants sont devenus des \u00e9l\u00e8ves de qui tout enseignant serait fier. Ils \u00e9coutaient les le\u00e7ons et travaillaient dur. Ils ont pris le cours plus au s\u00e9rieux et ont commenc\u00e9 \u00e0 avoir de bons r\u00e9sultats. Il y a eu, de temps en temps, des moments difficiles, mais le sentiment de confiance \u00e9tabli d\u00e8s le premier jour nous a aid\u00e9s \u00e0 surmonter ces probl\u00e8mes.<\/em><\/p>\n<p><em>J&rsquo;ai essay\u00e9 de vivre chaque jour l&rsquo;id\u00e9al d&rsquo;amour et d&rsquo;unit\u00e9. Les \u00e9l\u00e8ves se sont sentis comme de vraies personnes et notre classe est devenue une vraie classe. Tous les \u00e9l\u00e8ves ont r\u00e9ussi le cours avec brio.\u00a0<\/em><\/p>\n<p><em>&#8211; Gail<\/em><\/p>\n<p>(Lire d&rsquo;autres histoires comme celle-ci dans <a href=\"https:\/\/livingcitymagazine.com\/\" target=\"_blank\" rel=\"noopener noreferrer\">Living City Magazine<\/a>)[\/vc_column_text]<div class=\"grve-empty-space grve-height-1x\" style=\"\"><\/div><style type=\"text\/css\">.grve-title-gradient.grve-title-69e9d7d4cc3a5 > span,.grve-title-gradient.grve-title-69e9d7d4cc3a5 .grve-clipping-content > span {color: #3f90b9;background-image: -moz-linear-gradient(-45deg, #3f90b9 0%, #3f90b9 100%);background-image: -webkit-linear-gradient(-45deg, #3f90b9 0%, #3f90b9 100%);background-image: linear-gradient(135deg, #3f90b9 0%, #3f90b9 100%);}<\/style><h3 class=\"grve-element grve-title grve-align-left grve-h3 grve-title-gradient grve-title-69e9d7d4cc3a5\" style=\"\"><span>Ressources<span class=\"grve-title-line grve-bg-primary-1\" style=\"width: 50px;height: 2px;\"><\/span><\/span><\/h3>[vc_column_text]<\/p>\n<ul>\n<li><a href=\"https:\/\/www.sophiauniversity.org\/en\/\" target=\"_blank\" rel=\"noopener noreferrer\">Sophia University Institute<\/a><\/li>\n<li><a href=\"http:\/\/www.eduforunity.org\/\" target=\"_blank\" rel=\"noopener noreferrer\">Education for Unity<\/a><\/li>\n<\/ul>\n<p>[\/vc_column_text][\/vc_column][vc_column width=\u00a0\u00bb1\/3&Prime;][vc_widget_sidebar sidebar_id=\u00a0\u00bbmovedo_grve_sidebar_5eb8a3b20c582&Prime;][\/vc_column][\/vc_row]<\/p>\n<\/div>","protected":false},"excerpt":{"rendered":"<p>[vc_row][vc_column width=\u00a0\u00bb2\/3&Prime;][vc_column_text]La spiritualit\u00e9 des Focolari d\u00e9finit sept domaines de la vie, chacun \u00e9tant une fa\u00e7on d&rsquo;exprimer l&rsquo;amour. Rien n&rsquo;est plus ou moins important, plus ou moins sacr\u00e9. \u00ab\u00a0L&rsquo;amour est lumi\u00e8re\u00a0\u00bb, explique Chiara Lubich. Lorsque la lumi\u00e8re claire traverse un prisme, ou m\u00eame une goutte d&rsquo;eau, elle se r\u00e9fracte dans les sept couleurs de l&rsquo;arc-en-ciel : [&hellip;]<\/p>\n","protected":false},"author":2,"featured_media":2669,"parent":2795,"menu_order":0,"comment_status":"closed","ping_status":"closed","template":"","meta":{"footnotes":""},"class_list":["post-2749","page","type-page","status-publish","has-post-thumbnail","hentry"],"yoast_head":"<!-- This site is optimized with the Yoast SEO plugin v27.4 - https:\/\/yoast.com\/product\/yoast-seo-wordpress\/ -->\n<title>Sagesse et \u00e9tude - Focolare in the US and Canada<\/title>\n<meta name=\"description\" content=\"Quand on aime quelqu&#039;un, on veut en savoir le plus possible sur lui, sur ce qui l&#039;int\u00e9resse, sur ce qui le fait vibrer.\" \/>\n<meta name=\"robots\" content=\"index, follow, max-snippet:-1, max-image-preview:large, max-video-preview:-1\" \/>\n<link rel=\"canonical\" href=\"https:\/\/www.focolare.us\/fr\/life-in-color\/indigo\/\" \/>\n<meta property=\"og:locale\" content=\"fr_FR\" \/>\n<meta property=\"og:type\" content=\"article\" \/>\n<meta property=\"og:title\" content=\"Sagesse et \u00e9tude - Focolare in the US and Canada\" \/>\n<meta property=\"og:description\" content=\"Quand on aime quelqu&#039;un, on veut en savoir le plus possible sur lui, sur ce qui l&#039;int\u00e9resse, sur ce qui le fait vibrer.\" \/>\n<meta property=\"og:url\" content=\"https:\/\/www.focolare.us\/fr\/life-in-color\/indigo\/\" \/>\n<meta property=\"og:site_name\" content=\"Focolare in the US and Canada\" \/>\n<meta property=\"article:modified_time\" content=\"2021-09-23T01:29:12+00:00\" \/>\n<meta property=\"og:image\" content=\"https:\/\/www.focolare.us\/wp-content\/uploads\/2019\/10\/Indigo.png\" \/>\n\t<meta property=\"og:image:width\" content=\"1400\" \/>\n\t<meta property=\"og:image:height\" content=\"425\" \/>\n\t<meta property=\"og:image:type\" content=\"image\/png\" \/>\n<meta name=\"twitter:card\" content=\"summary_large_image\" \/>\n<meta name=\"twitter:label1\" content=\"Dur\u00e9e de lecture estim\u00e9e\" \/>\n\t<meta name=\"twitter:data1\" content=\"4 minutes\" \/>\n<script type=\"application\/ld+json\" class=\"yoast-schema-graph\">{\"@context\":\"https:\\\/\\\/schema.org\",\"@graph\":[{\"@type\":\"WebPage\",\"@id\":\"https:\\\/\\\/www.focolare.us\\\/fr\\\/life-in-color\\\/indigo\\\/\",\"url\":\"https:\\\/\\\/www.focolare.us\\\/fr\\\/life-in-color\\\/indigo\\\/\",\"name\":\"Sagesse et \u00e9tude - Focolare in the US and Canada\",\"isPartOf\":{\"@id\":\"https:\\\/\\\/www.focolare.us\\\/fr\\\/#website\"},\"primaryImageOfPage\":{\"@id\":\"https:\\\/\\\/www.focolare.us\\\/fr\\\/life-in-color\\\/indigo\\\/#primaryimage\"},\"image\":{\"@id\":\"https:\\\/\\\/www.focolare.us\\\/fr\\\/life-in-color\\\/indigo\\\/#primaryimage\"},\"thumbnailUrl\":\"https:\\\/\\\/www.focolare.us\\\/wp-content\\\/uploads\\\/2019\\\/10\\\/Indigo.png\",\"datePublished\":\"2020-05-11T05:27:19+00:00\",\"dateModified\":\"2021-09-23T01:29:12+00:00\",\"description\":\"Quand on aime quelqu'un, on veut en savoir le plus possible sur lui, sur ce qui l'int\u00e9resse, sur ce qui le fait vibrer.\",\"breadcrumb\":{\"@id\":\"https:\\\/\\\/www.focolare.us\\\/fr\\\/life-in-color\\\/indigo\\\/#breadcrumb\"},\"inLanguage\":\"fr-FR\",\"potentialAction\":[{\"@type\":\"ReadAction\",\"target\":[\"https:\\\/\\\/www.focolare.us\\\/fr\\\/life-in-color\\\/indigo\\\/\"]}]},{\"@type\":\"ImageObject\",\"inLanguage\":\"fr-FR\",\"@id\":\"https:\\\/\\\/www.focolare.us\\\/fr\\\/life-in-color\\\/indigo\\\/#primaryimage\",\"url\":\"https:\\\/\\\/www.focolare.us\\\/wp-content\\\/uploads\\\/2019\\\/10\\\/Indigo.png\",\"contentUrl\":\"https:\\\/\\\/www.focolare.us\\\/wp-content\\\/uploads\\\/2019\\\/10\\\/Indigo.png\",\"width\":1400,\"height\":425},{\"@type\":\"BreadcrumbList\",\"@id\":\"https:\\\/\\\/www.focolare.us\\\/fr\\\/life-in-color\\\/indigo\\\/#breadcrumb\",\"itemListElement\":[{\"@type\":\"ListItem\",\"position\":1,\"name\":\"Home\",\"item\":\"https:\\\/\\\/www.focolare.us\\\/fr\\\/\"},{\"@type\":\"ListItem\",\"position\":2,\"name\":\"La vie en couleur\",\"item\":\"https:\\\/\\\/www.focolare.us\\\/fr\\\/life-in-color\\\/\"},{\"@type\":\"ListItem\",\"position\":3,\"name\":\"Indigo\"}]},{\"@type\":\"WebSite\",\"@id\":\"https:\\\/\\\/www.focolare.us\\\/fr\\\/#website\",\"url\":\"https:\\\/\\\/www.focolare.us\\\/fr\\\/\",\"name\":\"Focolare in the US and Canada\",\"description\":\"Living for Unity in the US and Canada\",\"publisher\":{\"@id\":\"https:\\\/\\\/www.focolare.us\\\/fr\\\/#organization\"},\"potentialAction\":[{\"@type\":\"SearchAction\",\"target\":{\"@type\":\"EntryPoint\",\"urlTemplate\":\"https:\\\/\\\/www.focolare.us\\\/fr\\\/?s={search_term_string}\"},\"query-input\":{\"@type\":\"PropertyValueSpecification\",\"valueRequired\":true,\"valueName\":\"search_term_string\"}}],\"inLanguage\":\"fr-FR\"},{\"@type\":\"Organization\",\"@id\":\"https:\\\/\\\/www.focolare.us\\\/fr\\\/#organization\",\"name\":\"Focolare Movement\",\"url\":\"https:\\\/\\\/www.focolare.us\\\/fr\\\/\",\"logo\":{\"@type\":\"ImageObject\",\"inLanguage\":\"fr-FR\",\"@id\":\"https:\\\/\\\/www.focolare.us\\\/fr\\\/#\\\/schema\\\/logo\\\/image\\\/\",\"url\":\"https:\\\/\\\/www.focolare.us\\\/wp-content\\\/uploads\\\/2019\\\/08\\\/focolare_inglese_RGB.png\",\"contentUrl\":\"https:\\\/\\\/www.focolare.us\\\/wp-content\\\/uploads\\\/2019\\\/08\\\/focolare_inglese_RGB.png\",\"width\":200,\"height\":184,\"caption\":\"Focolare Movement\"},\"image\":{\"@id\":\"https:\\\/\\\/www.focolare.us\\\/fr\\\/#\\\/schema\\\/logo\\\/image\\\/\"},\"sameAs\":[\"https:\\\/\\\/en.wikipedia.org\\\/wiki\\\/Focolare_Movement\"]}]}<\/script>\n<!-- \/ Yoast SEO plugin. -->","yoast_head_json":{"title":"Sagesse et \u00e9tude - Focolare in the US and Canada","description":"Quand on aime quelqu'un, on veut en savoir le plus possible sur lui, sur ce qui l'int\u00e9resse, sur ce qui le fait vibrer.","robots":{"index":"index","follow":"follow","max-snippet":"max-snippet:-1","max-image-preview":"max-image-preview:large","max-video-preview":"max-video-preview:-1"},"canonical":"https:\/\/www.focolare.us\/fr\/life-in-color\/indigo\/","og_locale":"fr_FR","og_type":"article","og_title":"Sagesse et \u00e9tude - Focolare in the US and Canada","og_description":"Quand on aime quelqu'un, on veut en savoir le plus possible sur lui, sur ce qui l'int\u00e9resse, sur ce qui le fait vibrer.","og_url":"https:\/\/www.focolare.us\/fr\/life-in-color\/indigo\/","og_site_name":"Focolare in the US and Canada","article_modified_time":"2021-09-23T01:29:12+00:00","og_image":[{"width":1400,"height":425,"url":"https:\/\/www.focolare.us\/wp-content\/uploads\/2019\/10\/Indigo.png","type":"image\/png"}],"twitter_card":"summary_large_image","twitter_misc":{"Dur\u00e9e de lecture estim\u00e9e":"4 minutes"},"schema":{"@context":"https:\/\/schema.org","@graph":[{"@type":"WebPage","@id":"https:\/\/www.focolare.us\/fr\/life-in-color\/indigo\/","url":"https:\/\/www.focolare.us\/fr\/life-in-color\/indigo\/","name":"Sagesse et \u00e9tude - Focolare in the US and Canada","isPartOf":{"@id":"https:\/\/www.focolare.us\/fr\/#website"},"primaryImageOfPage":{"@id":"https:\/\/www.focolare.us\/fr\/life-in-color\/indigo\/#primaryimage"},"image":{"@id":"https:\/\/www.focolare.us\/fr\/life-in-color\/indigo\/#primaryimage"},"thumbnailUrl":"https:\/\/www.focolare.us\/wp-content\/uploads\/2019\/10\/Indigo.png","datePublished":"2020-05-11T05:27:19+00:00","dateModified":"2021-09-23T01:29:12+00:00","description":"Quand on aime quelqu'un, on veut en savoir le plus possible sur lui, sur ce qui l'int\u00e9resse, sur ce qui le fait vibrer.","breadcrumb":{"@id":"https:\/\/www.focolare.us\/fr\/life-in-color\/indigo\/#breadcrumb"},"inLanguage":"fr-FR","potentialAction":[{"@type":"ReadAction","target":["https:\/\/www.focolare.us\/fr\/life-in-color\/indigo\/"]}]},{"@type":"ImageObject","inLanguage":"fr-FR","@id":"https:\/\/www.focolare.us\/fr\/life-in-color\/indigo\/#primaryimage","url":"https:\/\/www.focolare.us\/wp-content\/uploads\/2019\/10\/Indigo.png","contentUrl":"https:\/\/www.focolare.us\/wp-content\/uploads\/2019\/10\/Indigo.png","width":1400,"height":425},{"@type":"BreadcrumbList","@id":"https:\/\/www.focolare.us\/fr\/life-in-color\/indigo\/#breadcrumb","itemListElement":[{"@type":"ListItem","position":1,"name":"Home","item":"https:\/\/www.focolare.us\/fr\/"},{"@type":"ListItem","position":2,"name":"La vie en couleur","item":"https:\/\/www.focolare.us\/fr\/life-in-color\/"},{"@type":"ListItem","position":3,"name":"Indigo"}]},{"@type":"WebSite","@id":"https:\/\/www.focolare.us\/fr\/#website","url":"https:\/\/www.focolare.us\/fr\/","name":"Focolare in the US and Canada","description":"Living for Unity in the US and Canada","publisher":{"@id":"https:\/\/www.focolare.us\/fr\/#organization"},"potentialAction":[{"@type":"SearchAction","target":{"@type":"EntryPoint","urlTemplate":"https:\/\/www.focolare.us\/fr\/?s={search_term_string}"},"query-input":{"@type":"PropertyValueSpecification","valueRequired":true,"valueName":"search_term_string"}}],"inLanguage":"fr-FR"},{"@type":"Organization","@id":"https:\/\/www.focolare.us\/fr\/#organization","name":"Focolare Movement","url":"https:\/\/www.focolare.us\/fr\/","logo":{"@type":"ImageObject","inLanguage":"fr-FR","@id":"https:\/\/www.focolare.us\/fr\/#\/schema\/logo\/image\/","url":"https:\/\/www.focolare.us\/wp-content\/uploads\/2019\/08\/focolare_inglese_RGB.png","contentUrl":"https:\/\/www.focolare.us\/wp-content\/uploads\/2019\/08\/focolare_inglese_RGB.png","width":200,"height":184,"caption":"Focolare Movement"},"image":{"@id":"https:\/\/www.focolare.us\/fr\/#\/schema\/logo\/image\/"},"sameAs":["https:\/\/en.wikipedia.org\/wiki\/Focolare_Movement"]}]}},"_links":{"self":[{"href":"https:\/\/www.focolare.us\/fr\/wp-json\/wp\/v2\/pages\/2749","targetHints":{"allow":["GET"]}}],"collection":[{"href":"https:\/\/www.focolare.us\/fr\/wp-json\/wp\/v2\/pages"}],"about":[{"href":"https:\/\/www.focolare.us\/fr\/wp-json\/wp\/v2\/types\/page"}],"author":[{"embeddable":true,"href":"https:\/\/www.focolare.us\/fr\/wp-json\/wp\/v2\/users\/2"}],"replies":[{"embeddable":true,"href":"https:\/\/www.focolare.us\/fr\/wp-json\/wp\/v2\/comments?post=2749"}],"version-history":[{"count":2,"href":"https:\/\/www.focolare.us\/fr\/wp-json\/wp\/v2\/pages\/2749\/revisions"}],"predecessor-version":[{"id":2826,"href":"https:\/\/www.focolare.us\/fr\/wp-json\/wp\/v2\/pages\/2749\/revisions\/2826"}],"up":[{"embeddable":true,"href":"https:\/\/www.focolare.us\/fr\/wp-json\/wp\/v2\/pages\/2795"}],"wp:featuredmedia":[{"embeddable":true,"href":"https:\/\/www.focolare.us\/fr\/wp-json\/wp\/v2\/media\/2669"}],"wp:attachment":[{"href":"https:\/\/www.focolare.us\/fr\/wp-json\/wp\/v2\/media?parent=2749"}],"curies":[{"name":"wp","href":"https:\/\/api.w.org\/{rel}","templated":true}]}}