{"id":2747,"date":"2020-05-11T05:16:59","date_gmt":"2020-05-11T05:16:59","guid":{"rendered":"https:\/\/www.focolare.us\/blue\/"},"modified":"2021-09-23T01:24:04","modified_gmt":"2021-09-23T01:24:04","slug":"blue","status":"publish","type":"page","link":"https:\/\/www.focolare.us\/fr\/life-in-color\/blue\/","title":{"rendered":"Bleu"},"content":{"rendered":"<div class=\"wpb-content-wrapper\"><p>[vc_row][vc_column width=\u00a0\u00bb2\/3&Prime;][vc_column_text]<em>La spiritualit\u00e9 des Focolari d\u00e9finit sept domaines de la vie, chacun \u00e9tant une fa\u00e7on d&rsquo;exprimer l&rsquo;amour. Rien n&rsquo;est plus ou moins important, plus ou moins sacr\u00e9. \u00ab\u00a0L&rsquo;amour est lumi\u00e8re\u00a0\u00bb, explique Chiara Lubich. Lorsque la lumi\u00e8re claire traverse un prisme, ou m\u00eame une goutte d&rsquo;eau, elle se r\u00e9fracte dans les sept couleurs de l&rsquo;arc-en-ciel : rouge, orange, jaune, vert, bleu, indigo et violet. Et tout comme cette lumi\u00e8re se divise en diff\u00e9rentes couleurs, l&rsquo;amour a lui aussi une mani\u00e8re de s&rsquo;exprimer en autant de fa\u00e7ons.<\/em>[\/vc_column_text]<div class=\"grve-empty-space grve-height-1x\" style=\"\"><\/div><style type=\"text\/css\">.grve-title-gradient.grve-title-69e9d7ce7a980 > span,.grve-title-gradient.grve-title-69e9d7ce7a980 .grve-clipping-content > span {color: #3f90b9;background-image: -moz-linear-gradient(-45deg, #3f90b9 0%, #3f90b9 100%);background-image: -webkit-linear-gradient(-45deg, #3f90b9 0%, #3f90b9 100%);background-image: linear-gradient(135deg, #3f90b9 0%, #3f90b9 100%);}<\/style><h3 class=\"grve-element grve-title grve-align-left grve-h3 grve-title-gradient grve-title-69e9d7ce7a980\" style=\"\"><span>L&rsquo;amour cr\u00e9e.<span class=\"grve-title-line grve-bg-primary-1\" style=\"width: 50px;height: 2px;\"><\/span><\/span><\/h3>[vc_column_text]<\/p>\n<div id=\"grve-post-content\">\n<div class=\"grve-container\">\n<p>Lorsque nous nous r\u00e9unissons en tant que communaut\u00e9 ou que nous nous exprimons personnellement, notre expression ext\u00e9rieure refl\u00e8te notre vie int\u00e9rieure. Si nous avons de l&rsquo;harmonie \u00e0 l&rsquo;int\u00e9rieur, elle s&rsquo;exprime naturellement dans notre fa\u00e7on de d\u00e9corer ou de nous habiller.<\/p>\n<p>Elle se retrouve \u00e9galement dans notre cr\u00e9ativit\u00e9, influen\u00e7ant l&rsquo;art que nous cr\u00e9ons et le monde que nous construisons. Nos lieux et notre environnement doivent permettre \u00e0 chacun de se sentir chez lui. Qui ne voudrait pas mettre \u00e0 l&rsquo;aise ses amis, ses voisins ou sa famille ?<\/p>\n<p>Le \u00ab\u00a0bleu\u00a0\u00bb est donc synonyme d&rsquo;harmonie. Lorsque l&rsquo;amour se r\u00e9fracte comme la lumi\u00e8re en \u00a0\u00bb\u00a0bleu \u00ab\u00a0, il brille sur ces aspects de la vie :<\/p>\n<ul>\n<li>Les arts<\/li>\n<li>Le design<\/li>\n<li>La mode<\/li>\n<li>La beaut\u00e9 et le soin de soi<\/li>\n<li>Le nettoyage<\/li>\n<li>La r\u00e9novation<\/li>\n<\/ul>\n<\/div>\n<\/div>\n<p>[\/vc_column_text]<div class=\"grve-empty-space grve-height-1x\" style=\"\"><\/div><style type=\"text\/css\">.grve-title-gradient.grve-title-69e9d7ce7a9d4 > span,.grve-title-gradient.grve-title-69e9d7ce7a9d4 .grve-clipping-content > span {color: #3f90b9;background-image: -moz-linear-gradient(-45deg, #3f90b9 0%, #3f90b9 100%);background-image: -webkit-linear-gradient(-45deg, #3f90b9 0%, #3f90b9 100%);background-image: linear-gradient(135deg, #3f90b9 0%, #3f90b9 100%);}<\/style><h3 class=\"grve-element grve-title grve-align-left grve-h3 grve-title-gradient grve-title-69e9d7ce7a9d4\" style=\"\"><span>Ce que cela signifie pour moi<span class=\"grve-title-line grve-bg-primary-1\" style=\"width: 50px;height: 2px;\"><\/span><\/span><\/h3>[vc_column_text]<em>Lorsque j&rsquo;ai commenc\u00e9 \u00e0 participer aux rassemblements du Mouvement des Focolari, j&rsquo;ai imm\u00e9diatement \u00e9t\u00e9 frapp\u00e9e par l&rsquo;harmonie des espaces de r\u00e9union ; m\u00eame dans de tr\u00e8s petits d\u00e9tails, les espaces transmettaient un grand sentiment de paix, d&rsquo;ordre et de beaut\u00e9, ce qui m&rsquo;a vraiment touch\u00e9e. J&rsquo;ai compris qu&rsquo;il y avait quelque chose de plus grand derri\u00e8re tout cela et qu&rsquo;exprimer la beaut\u00e9 de Dieu \u00e0 travers l&rsquo;harmonie \u00e9tait une fa\u00e7on de transmettre la pr\u00e9sence de Dieu.<\/em><\/p>\n<p><em>J&rsquo;ai commenc\u00e9 \u00e0 vivre la spiritualit\u00e9 du mouvement dans tous les aspects de ma vie, y compris dans les arts, qui ont toujours \u00e9t\u00e9 ma passion. J&rsquo;ai appris de Chiara Lubich que si je laisse Dieu prendre la premi\u00e8re place dans mon c\u0153ur, lui, qui est amour, peut fa\u00e7onner chacune de mes actions. D\u00e8s lors, les inspirations deviennent de l&rsquo;art v\u00e9ritable car dans ces mouvements &#8211; dans la danse que j&rsquo;ex\u00e9cute, dans ces formes qui fa\u00e7onnent mes sculptures &#8211; j&rsquo;exprime mon \u00e2me, qui est immortelle, un reflet du ciel.<\/em><\/p>\n<p><em>Je me souviens de tant de moments o\u00f9, tout en cr\u00e9ant une nouvelle \u0153uvre, j&rsquo;essayais aussi d&rsquo;aimer concr\u00e8tement, m\u00eame de mani\u00e8re tr\u00e8s simple, comme \u00eatre le premier \u00e0 s&rsquo;excuser lorsqu&rsquo;il se passe quelque chose, ou courir \u00e0 la maison pour mettre la table pour le d\u00eener avant que les autres n&rsquo;arrivent, etc. Ensuite, je pouvais vraiment voir la diff\u00e9rence dans mon travail.<\/em><\/p>\n<p><em>Lorsque je cr\u00e9e quelque chose, la plus belle exp\u00e9rience pour moi est de pouvoir travailler avec Dieu en moi. Cela peut sembler une h\u00e9r\u00e9sie, mais parfois je me sens plus en union avec lui lorsque je danse ou que je cr\u00e9e une \u0153uvre d&rsquo;art au studio, que lorsque je vais \u00e0 l&rsquo;\u00e9glise.<\/em><\/p>\n<p><em>Je pense \u00e9galement qu&rsquo;il est important de partager mes id\u00e9es avec les autres et d&rsquo;accueillir leurs commentaires avec ouverture. R\u00e9cemment, j&rsquo;ai suivi un cours de sculpture avec des camarades de classe plus exp\u00e9riment\u00e9s que moi &#8211; certains d&rsquo;entre eux, par exemple, sont des architectes \u00e0 la retraite. Lorsque j&rsquo;ai expos\u00e9 mes id\u00e9es \u00e0 la classe, deux d&rsquo;entre eux m&rsquo;ont donn\u00e9 des conseils qui, au d\u00e9part, ne m&rsquo;ont pas plu et que je n&rsquo;ai pas voulu suivre. Cependant, comme le titre de mon \u0153uvre \u00e9tait \u00ab\u00a0Dialogue\u00a0\u00bb, j&rsquo;ai estim\u00e9 que j&rsquo;aurais trahi mon \u0153uvre si je n&rsquo;avais pas \u00e9t\u00e9 capable de m&rsquo;ouvrir aux id\u00e9es des autres et de les \u00e9couter pleinement, en essayant de comprendre leur raisonnement. Tout le monde a aim\u00e9 le produit final et mon travail est devenu encore plus facile apr\u00e8s que j&rsquo;ai essay\u00e9 de suivre leurs conseils.<\/em><\/p>\n<p><em>Dans un pr\u00e9c\u00e9dent cours de sculpture, mon professeur avait l&rsquo;habitude de dire que nous devions faire de l&rsquo;art auquel personne d&rsquo;autre n&rsquo;avait jamais pens\u00e9 auparavant, et que peu importe que la pi\u00e8ce soit laide, bizarre, impudique ou folle, l&rsquo;important est qu&rsquo;elle soit diff\u00e9rente de ce que les autres ont fait jusqu&rsquo;\u00e0 pr\u00e9sent. Cette pens\u00e9e peut \u00eatre passionnante pour les artistes, mais je ne suis pas enti\u00e8rement d&rsquo;accord avec elle. Je suis attir\u00e9e par la cr\u00e9ation de choses diff\u00e9rentes, mais cela ne veut pas dire que je ne fais pas de choses qui ne refl\u00e8tent pas la beaut\u00e9 de la cr\u00e9ation, de l&rsquo;humanit\u00e9, de Dieu.<\/em><\/p>\n<p><em>Plus tard au cours du semestre, pour un autre cours, j&rsquo;ai eu l&rsquo;id\u00e9e de cr\u00e9er des \u0153uvres d&rsquo;art qui pourraient \u00eatre utilis\u00e9es pour une collecte de fonds en faveur des personnes qui souffrent de la guerre au Moyen-Orient. Lorsque j&rsquo;ai parl\u00e9 avec certains de mes professeurs, ils m&rsquo;ont vraiment encourag\u00e9e dans mon projet. J&rsquo;ai r\u00e9alis\u00e9 un mur de tuiles en c\u00e9ramique qui ont \u00e9t\u00e9 d\u00e9mont\u00e9es une par une par les personnes qui ont fait un don. J&rsquo;ai pu r\u00e9colter 4 000 dollars et beaucoup ont dit que l&rsquo;\u0153uvre \u00e9tait belle et originale. Les gens me disaient : \u00ab\u00a0Comment avez-vous eu une telle id\u00e9e ?\u00a0\u00bb \u00ab\u00a0Cette \u0153uvre d&rsquo;art est incroyable, je n&rsquo;ai jamais rien vu de tel !\u00a0\u00bb. Je savais que le m\u00e9rite n&rsquo;\u00e9tait pas vraiment le mien mais qu&rsquo;il \u00e9tait le fruit de la volont\u00e9 de promouvoir la beaut\u00e9 et l&rsquo;harmonie dans notre monde.\u00a0<\/em><\/p>\n<p><em>&#8211; Joelma<\/em><\/p>\n<p>(Lire d&rsquo;autres histoires comme celle-ci dans <a href=\"https:\/\/livingcitymagazine.com\/\" target=\"_blank\" rel=\"noopener noreferrer\">Living City Magazine<\/a>)[\/vc_column_text][\/vc_column][vc_column width=\u00a0\u00bb1\/3&Prime;][vc_widget_sidebar sidebar_id=\u00a0\u00bbmovedo_grve_sidebar_5eb8a3b20c582&Prime;][\/vc_column][\/vc_row]<\/p>\n<\/div>","protected":false},"excerpt":{"rendered":"<p>[vc_row][vc_column width=\u00a0\u00bb2\/3&Prime;][vc_column_text]La spiritualit\u00e9 des Focolari d\u00e9finit sept domaines de la vie, chacun \u00e9tant une fa\u00e7on d&rsquo;exprimer l&rsquo;amour. Rien n&rsquo;est plus ou moins important, plus ou moins sacr\u00e9. \u00ab\u00a0L&rsquo;amour est lumi\u00e8re\u00a0\u00bb, explique Chiara Lubich. Lorsque la lumi\u00e8re claire traverse un prisme, ou m\u00eame une goutte d&rsquo;eau, elle se r\u00e9fracte dans les sept couleurs de l&rsquo;arc-en-ciel : [&hellip;]<\/p>\n","protected":false},"author":2,"featured_media":2668,"parent":2795,"menu_order":0,"comment_status":"closed","ping_status":"closed","template":"","meta":{"footnotes":""},"class_list":["post-2747","page","type-page","status-publish","has-post-thumbnail","hentry"],"yoast_head":"<!-- This site is optimized with the Yoast SEO plugin v27.4 - https:\/\/yoast.com\/product\/yoast-seo-wordpress\/ -->\n<title>Beaut\u00e9 et harmonie - Focolare in the US and Canada<\/title>\n<meta name=\"description\" content=\"Lorsque nous nous r\u00e9unissons en tant que communaut\u00e9 ou que nous nous exprimons personnellement, notre expression ext\u00e9rieure refl\u00e8te notre vie int\u00e9rieure.\" \/>\n<meta name=\"robots\" content=\"index, follow, max-snippet:-1, max-image-preview:large, max-video-preview:-1\" \/>\n<link rel=\"canonical\" href=\"https:\/\/www.focolare.us\/fr\/life-in-color\/blue\/\" \/>\n<meta property=\"og:locale\" content=\"fr_FR\" \/>\n<meta property=\"og:type\" content=\"article\" \/>\n<meta property=\"og:title\" content=\"Beaut\u00e9 et harmonie - Focolare in the US and Canada\" \/>\n<meta property=\"og:description\" content=\"Lorsque nous nous r\u00e9unissons en tant que communaut\u00e9 ou que nous nous exprimons personnellement, notre expression ext\u00e9rieure refl\u00e8te notre vie int\u00e9rieure.\" \/>\n<meta property=\"og:url\" content=\"https:\/\/www.focolare.us\/fr\/life-in-color\/blue\/\" \/>\n<meta property=\"og:site_name\" content=\"Focolare in the US and Canada\" \/>\n<meta property=\"article:modified_time\" content=\"2021-09-23T01:24:04+00:00\" \/>\n<meta property=\"og:image\" content=\"https:\/\/www.focolare.us\/wp-content\/uploads\/2019\/10\/Blue.png\" \/>\n\t<meta property=\"og:image:width\" content=\"1400\" \/>\n\t<meta property=\"og:image:height\" content=\"425\" \/>\n\t<meta property=\"og:image:type\" content=\"image\/png\" \/>\n<meta name=\"twitter:card\" content=\"summary_large_image\" \/>\n<meta name=\"twitter:label1\" content=\"Dur\u00e9e de lecture estim\u00e9e\" \/>\n\t<meta name=\"twitter:data1\" content=\"4 minutes\" \/>\n<script type=\"application\/ld+json\" class=\"yoast-schema-graph\">{\"@context\":\"https:\\\/\\\/schema.org\",\"@graph\":[{\"@type\":\"WebPage\",\"@id\":\"https:\\\/\\\/www.focolare.us\\\/fr\\\/life-in-color\\\/blue\\\/\",\"url\":\"https:\\\/\\\/www.focolare.us\\\/fr\\\/life-in-color\\\/blue\\\/\",\"name\":\"Beaut\u00e9 et harmonie - Focolare in the US and Canada\",\"isPartOf\":{\"@id\":\"https:\\\/\\\/www.focolare.us\\\/fr\\\/#website\"},\"primaryImageOfPage\":{\"@id\":\"https:\\\/\\\/www.focolare.us\\\/fr\\\/life-in-color\\\/blue\\\/#primaryimage\"},\"image\":{\"@id\":\"https:\\\/\\\/www.focolare.us\\\/fr\\\/life-in-color\\\/blue\\\/#primaryimage\"},\"thumbnailUrl\":\"https:\\\/\\\/www.focolare.us\\\/wp-content\\\/uploads\\\/2019\\\/10\\\/Blue.png\",\"datePublished\":\"2020-05-11T05:16:59+00:00\",\"dateModified\":\"2021-09-23T01:24:04+00:00\",\"description\":\"Lorsque nous nous r\u00e9unissons en tant que communaut\u00e9 ou que nous nous exprimons personnellement, notre expression ext\u00e9rieure refl\u00e8te notre vie int\u00e9rieure.\",\"breadcrumb\":{\"@id\":\"https:\\\/\\\/www.focolare.us\\\/fr\\\/life-in-color\\\/blue\\\/#breadcrumb\"},\"inLanguage\":\"fr-FR\",\"potentialAction\":[{\"@type\":\"ReadAction\",\"target\":[\"https:\\\/\\\/www.focolare.us\\\/fr\\\/life-in-color\\\/blue\\\/\"]}]},{\"@type\":\"ImageObject\",\"inLanguage\":\"fr-FR\",\"@id\":\"https:\\\/\\\/www.focolare.us\\\/fr\\\/life-in-color\\\/blue\\\/#primaryimage\",\"url\":\"https:\\\/\\\/www.focolare.us\\\/wp-content\\\/uploads\\\/2019\\\/10\\\/Blue.png\",\"contentUrl\":\"https:\\\/\\\/www.focolare.us\\\/wp-content\\\/uploads\\\/2019\\\/10\\\/Blue.png\",\"width\":1400,\"height\":425},{\"@type\":\"BreadcrumbList\",\"@id\":\"https:\\\/\\\/www.focolare.us\\\/fr\\\/life-in-color\\\/blue\\\/#breadcrumb\",\"itemListElement\":[{\"@type\":\"ListItem\",\"position\":1,\"name\":\"Home\",\"item\":\"https:\\\/\\\/www.focolare.us\\\/fr\\\/\"},{\"@type\":\"ListItem\",\"position\":2,\"name\":\"La vie en couleur\",\"item\":\"https:\\\/\\\/www.focolare.us\\\/fr\\\/life-in-color\\\/\"},{\"@type\":\"ListItem\",\"position\":3,\"name\":\"Bleu\"}]},{\"@type\":\"WebSite\",\"@id\":\"https:\\\/\\\/www.focolare.us\\\/fr\\\/#website\",\"url\":\"https:\\\/\\\/www.focolare.us\\\/fr\\\/\",\"name\":\"Focolare in the US and Canada\",\"description\":\"Living for Unity in the US and Canada\",\"publisher\":{\"@id\":\"https:\\\/\\\/www.focolare.us\\\/fr\\\/#organization\"},\"potentialAction\":[{\"@type\":\"SearchAction\",\"target\":{\"@type\":\"EntryPoint\",\"urlTemplate\":\"https:\\\/\\\/www.focolare.us\\\/fr\\\/?s={search_term_string}\"},\"query-input\":{\"@type\":\"PropertyValueSpecification\",\"valueRequired\":true,\"valueName\":\"search_term_string\"}}],\"inLanguage\":\"fr-FR\"},{\"@type\":\"Organization\",\"@id\":\"https:\\\/\\\/www.focolare.us\\\/fr\\\/#organization\",\"name\":\"Focolare Movement\",\"url\":\"https:\\\/\\\/www.focolare.us\\\/fr\\\/\",\"logo\":{\"@type\":\"ImageObject\",\"inLanguage\":\"fr-FR\",\"@id\":\"https:\\\/\\\/www.focolare.us\\\/fr\\\/#\\\/schema\\\/logo\\\/image\\\/\",\"url\":\"https:\\\/\\\/www.focolare.us\\\/wp-content\\\/uploads\\\/2019\\\/08\\\/focolare_inglese_RGB.png\",\"contentUrl\":\"https:\\\/\\\/www.focolare.us\\\/wp-content\\\/uploads\\\/2019\\\/08\\\/focolare_inglese_RGB.png\",\"width\":200,\"height\":184,\"caption\":\"Focolare Movement\"},\"image\":{\"@id\":\"https:\\\/\\\/www.focolare.us\\\/fr\\\/#\\\/schema\\\/logo\\\/image\\\/\"},\"sameAs\":[\"https:\\\/\\\/en.wikipedia.org\\\/wiki\\\/Focolare_Movement\"]}]}<\/script>\n<!-- \/ Yoast SEO plugin. -->","yoast_head_json":{"title":"Beaut\u00e9 et harmonie - Focolare in the US and Canada","description":"Lorsque nous nous r\u00e9unissons en tant que communaut\u00e9 ou que nous nous exprimons personnellement, notre expression ext\u00e9rieure refl\u00e8te notre vie int\u00e9rieure.","robots":{"index":"index","follow":"follow","max-snippet":"max-snippet:-1","max-image-preview":"max-image-preview:large","max-video-preview":"max-video-preview:-1"},"canonical":"https:\/\/www.focolare.us\/fr\/life-in-color\/blue\/","og_locale":"fr_FR","og_type":"article","og_title":"Beaut\u00e9 et harmonie - Focolare in the US and Canada","og_description":"Lorsque nous nous r\u00e9unissons en tant que communaut\u00e9 ou que nous nous exprimons personnellement, notre expression ext\u00e9rieure refl\u00e8te notre vie int\u00e9rieure.","og_url":"https:\/\/www.focolare.us\/fr\/life-in-color\/blue\/","og_site_name":"Focolare in the US and Canada","article_modified_time":"2021-09-23T01:24:04+00:00","og_image":[{"width":1400,"height":425,"url":"https:\/\/www.focolare.us\/wp-content\/uploads\/2019\/10\/Blue.png","type":"image\/png"}],"twitter_card":"summary_large_image","twitter_misc":{"Dur\u00e9e de lecture estim\u00e9e":"4 minutes"},"schema":{"@context":"https:\/\/schema.org","@graph":[{"@type":"WebPage","@id":"https:\/\/www.focolare.us\/fr\/life-in-color\/blue\/","url":"https:\/\/www.focolare.us\/fr\/life-in-color\/blue\/","name":"Beaut\u00e9 et harmonie - Focolare in the US and Canada","isPartOf":{"@id":"https:\/\/www.focolare.us\/fr\/#website"},"primaryImageOfPage":{"@id":"https:\/\/www.focolare.us\/fr\/life-in-color\/blue\/#primaryimage"},"image":{"@id":"https:\/\/www.focolare.us\/fr\/life-in-color\/blue\/#primaryimage"},"thumbnailUrl":"https:\/\/www.focolare.us\/wp-content\/uploads\/2019\/10\/Blue.png","datePublished":"2020-05-11T05:16:59+00:00","dateModified":"2021-09-23T01:24:04+00:00","description":"Lorsque nous nous r\u00e9unissons en tant que communaut\u00e9 ou que nous nous exprimons personnellement, notre expression ext\u00e9rieure refl\u00e8te notre vie int\u00e9rieure.","breadcrumb":{"@id":"https:\/\/www.focolare.us\/fr\/life-in-color\/blue\/#breadcrumb"},"inLanguage":"fr-FR","potentialAction":[{"@type":"ReadAction","target":["https:\/\/www.focolare.us\/fr\/life-in-color\/blue\/"]}]},{"@type":"ImageObject","inLanguage":"fr-FR","@id":"https:\/\/www.focolare.us\/fr\/life-in-color\/blue\/#primaryimage","url":"https:\/\/www.focolare.us\/wp-content\/uploads\/2019\/10\/Blue.png","contentUrl":"https:\/\/www.focolare.us\/wp-content\/uploads\/2019\/10\/Blue.png","width":1400,"height":425},{"@type":"BreadcrumbList","@id":"https:\/\/www.focolare.us\/fr\/life-in-color\/blue\/#breadcrumb","itemListElement":[{"@type":"ListItem","position":1,"name":"Home","item":"https:\/\/www.focolare.us\/fr\/"},{"@type":"ListItem","position":2,"name":"La vie en couleur","item":"https:\/\/www.focolare.us\/fr\/life-in-color\/"},{"@type":"ListItem","position":3,"name":"Bleu"}]},{"@type":"WebSite","@id":"https:\/\/www.focolare.us\/fr\/#website","url":"https:\/\/www.focolare.us\/fr\/","name":"Focolare in the US and Canada","description":"Living for Unity in the US and Canada","publisher":{"@id":"https:\/\/www.focolare.us\/fr\/#organization"},"potentialAction":[{"@type":"SearchAction","target":{"@type":"EntryPoint","urlTemplate":"https:\/\/www.focolare.us\/fr\/?s={search_term_string}"},"query-input":{"@type":"PropertyValueSpecification","valueRequired":true,"valueName":"search_term_string"}}],"inLanguage":"fr-FR"},{"@type":"Organization","@id":"https:\/\/www.focolare.us\/fr\/#organization","name":"Focolare Movement","url":"https:\/\/www.focolare.us\/fr\/","logo":{"@type":"ImageObject","inLanguage":"fr-FR","@id":"https:\/\/www.focolare.us\/fr\/#\/schema\/logo\/image\/","url":"https:\/\/www.focolare.us\/wp-content\/uploads\/2019\/08\/focolare_inglese_RGB.png","contentUrl":"https:\/\/www.focolare.us\/wp-content\/uploads\/2019\/08\/focolare_inglese_RGB.png","width":200,"height":184,"caption":"Focolare Movement"},"image":{"@id":"https:\/\/www.focolare.us\/fr\/#\/schema\/logo\/image\/"},"sameAs":["https:\/\/en.wikipedia.org\/wiki\/Focolare_Movement"]}]}},"_links":{"self":[{"href":"https:\/\/www.focolare.us\/fr\/wp-json\/wp\/v2\/pages\/2747","targetHints":{"allow":["GET"]}}],"collection":[{"href":"https:\/\/www.focolare.us\/fr\/wp-json\/wp\/v2\/pages"}],"about":[{"href":"https:\/\/www.focolare.us\/fr\/wp-json\/wp\/v2\/types\/page"}],"author":[{"embeddable":true,"href":"https:\/\/www.focolare.us\/fr\/wp-json\/wp\/v2\/users\/2"}],"replies":[{"embeddable":true,"href":"https:\/\/www.focolare.us\/fr\/wp-json\/wp\/v2\/comments?post=2747"}],"version-history":[{"count":3,"href":"https:\/\/www.focolare.us\/fr\/wp-json\/wp\/v2\/pages\/2747\/revisions"}],"predecessor-version":[{"id":2822,"href":"https:\/\/www.focolare.us\/fr\/wp-json\/wp\/v2\/pages\/2747\/revisions\/2822"}],"up":[{"embeddable":true,"href":"https:\/\/www.focolare.us\/fr\/wp-json\/wp\/v2\/pages\/2795"}],"wp:featuredmedia":[{"embeddable":true,"href":"https:\/\/www.focolare.us\/fr\/wp-json\/wp\/v2\/media\/2668"}],"wp:attachment":[{"href":"https:\/\/www.focolare.us\/fr\/wp-json\/wp\/v2\/media?parent=2747"}],"curies":[{"name":"wp","href":"https:\/\/api.w.org\/{rel}","templated":true}]}}