{"id":2746,"date":"2020-05-11T05:03:40","date_gmt":"2020-05-11T05:03:40","guid":{"rendered":"https:\/\/www.focolare.us\/green\/"},"modified":"2021-09-23T01:32:00","modified_gmt":"2021-09-23T01:32:00","slug":"green","status":"publish","type":"page","link":"https:\/\/www.focolare.us\/fr\/life-in-color\/green\/","title":{"rendered":"Vert"},"content":{"rendered":"<div class=\"wpb-content-wrapper\"><p>[vc_row][vc_column width=\u00a0\u00bb2\/3&Prime;][vc_column_text]<em>La spiritualit\u00e9 des Focolari d\u00e9finit sept domaines de la vie, chacun \u00e9tant une fa\u00e7on d&rsquo;exprimer l&rsquo;amour. Rien n&rsquo;est plus ou moins important, plus ou moins sacr\u00e9. \u00ab\u00a0L&rsquo;amour est lumi\u00e8re\u00a0\u00bb, explique Chiara Lubich. Lorsque la lumi\u00e8re claire traverse un prisme, ou m\u00eame une goutte d&rsquo;eau, elle se r\u00e9fracte dans les sept couleurs de l&rsquo;arc-en-ciel : rouge, orange, jaune, vert, bleu, indigo et violet. Et tout comme cette lumi\u00e8re se divise en diff\u00e9rentes couleurs, l&rsquo;amour a lui aussi une mani\u00e8re de s&rsquo;exprimer en autant de fa\u00e7ons.<\/em>[\/vc_column_text]<div class=\"grve-empty-space grve-height-1x\" style=\"\"><\/div><style type=\"text\/css\">.grve-title-gradient.grve-title-69e9d4b291684 > span,.grve-title-gradient.grve-title-69e9d4b291684 .grve-clipping-content > span {color: #3f90b9;background-image: -moz-linear-gradient(-45deg, #3f90b9 0%, #3f90b9 100%);background-image: -webkit-linear-gradient(-45deg, #3f90b9 0%, #3f90b9 100%);background-image: linear-gradient(135deg, #3f90b9 0%, #3f90b9 100%);}<\/style><h3 class=\"grve-element grve-title grve-align-left grve-h3 grve-title-gradient grve-title-69e9d4b291684\" style=\"\"><span>L&rsquo;amour nourrit.<span class=\"grve-title-line grve-bg-primary-1\" style=\"width: 50px;height: 2px;\"><\/span><\/span><\/h3>[vc_column_text]L&rsquo;amour a une qualit\u00e9 curative, et nous pouvons chercher \u00e0 promouvoir le bien-\u00eatre de nos corps physiques et de nos corps collectifs : la famille et la communaut\u00e9.<\/p>\n<p>Lorsque nous gardons l&rsquo;amour parmi nous, nous pouvons collectivement faire l&rsquo;exp\u00e9rience de cette pr\u00e9sence que J\u00e9sus a promise. Et cette pr\u00e9sence &#8211; comme le sang qui circule dans chaque c\u0153ur &#8211; conduit \u00e0 la sant\u00e9 et au bien-\u00eatre de chacun d&rsquo;entre nous au sein du corps collectif.<\/p>\n<p>Le \u00ab\u00a0vert\u00a0\u00bb est donc synonyme de sant\u00e9. Lorsque l&rsquo;amour se r\u00e9fracte comme la lumi\u00e8re en \u00a0\u00bb vert \u00ab\u00a0, il brille sur ces aspects de la vie :<\/p>\n<ul>\n<li>La nourriture<\/li>\n<li>Les familles et les communaut\u00e9s<\/li>\n<li>Le sport et la forme physique<\/li>\n<li>Le repos et les loisirs<\/li>\n<li>L&rsquo;environnement<\/li>\n<li>La sant\u00e9 personnelle, y compris la maladie et la mort.<\/li>\n<li>Les soins de sant\u00e9<\/li>\n<\/ul>\n<p>[\/vc_column_text]<div class=\"grve-empty-space grve-height-1x\" style=\"\"><\/div><style type=\"text\/css\">.grve-title-gradient.grve-title-69e9d4b2916e2 > span,.grve-title-gradient.grve-title-69e9d4b2916e2 .grve-clipping-content > span {color: #3f90b9;background-image: -moz-linear-gradient(-45deg, #3f90b9 0%, #3f90b9 100%);background-image: -webkit-linear-gradient(-45deg, #3f90b9 0%, #3f90b9 100%);background-image: linear-gradient(135deg, #3f90b9 0%, #3f90b9 100%);}<\/style><h3 class=\"grve-element grve-title grve-align-left grve-h3 grve-title-gradient grve-title-69e9d4b2916e2\" style=\"\"><span><em>Ce que cela signifie pour moi<\/em><span class=\"grve-title-line grve-bg-primary-1\" style=\"width: 50px;height: 2px;\"><\/span><\/span><\/h3>[vc_column_text]<em>\u00c0 l\u2019\u00e2ge de 11 ans, on m&rsquo;a diagnostiqu\u00e9 la maladie de Crohn. J&rsquo;\u00e9tais loin de me douter que ma vie allait changer radicalement au cours des mois suivants. Lors de ma premi\u00e8re ann\u00e9e universitaire, j&rsquo;ai d\u00fb subir une intervention chirurgicale d&rsquo;urgence. Ma foi m&rsquo;a permis de tenir bon. Chaque soir, mes parents et moi lisions un livre de d\u00e9votion et parlions de ce que Dieu essayait de nous dire \u00e0 travers certains passages de la Bible.<\/em><\/p>\n<p><em>Tout au long de mes luttes, je me suis accroch\u00e9e \u00e0 cette simple v\u00e9rit\u00e9 : je savais que Dieu avait un plan pour moi, plus incroyable que tout ce que je pouvais imaginer pour moi-m\u00eame. C&rsquo;\u00e9tait ma croix \u00e0 porter, et ma grand-m\u00e8re m&rsquo;a aid\u00e9 \u00e0 me rappeler que je pouvais offrir chaque souffrance en disant \u00ab\u00a0Pour toi, J\u00e9sus\u00a0\u00bb.<\/em><\/p>\n<p><em>Entretemps, je voulais laisser la lumi\u00e8re du Seigneur rayonner \u00e0 travers moi vers les autres. Par exemple, je gardais un visage courageux pour mes parents, mon fr\u00e8re, ma famille et mes amis, qui souffraient parce que je n&rsquo;\u00e9tais pas cette personne p\u00e9tillante comme \u00e0 l\u2019habitude. J&rsquo;ai \u00e9galement essay\u00e9 d&rsquo;apprendre \u00e0 conna\u00eetre un peu chaque m\u00e9decin et infirmi\u00e8re et de les remercier souvent.<\/em><\/p>\n<p><em>\u00c0 l&rsquo;h\u00f4pital, je mettais des petits versets bibliques sur l&rsquo;ext\u00e9rieur de ma porte pour que les personnes puissent les voir lorsqu&rsquo;elles entraient. Cela a attir\u00e9 les personnes dans ma chambre ; beaucoup d&rsquo;infirmi\u00e8res et d&rsquo;assistants aux m\u00e9decins revenaient sans cesse et voulaient me parler, et ils me disaient que la phrase les avait encourag\u00e9s au cours de leur journ\u00e9e.<\/em><\/p>\n<p><em>Mon exp\u00e9rience a port\u00e9 d\u00e9j\u00e0 beaucoup de fruits ! J&rsquo;ai grandi dans ma foi. Ma famille et moi nous sommes rapproch\u00e9s. J&rsquo;ai un poste au sein du conseil consultatif des enfants de l&rsquo;h\u00f4pital pour enfants du Texas, o\u00f9 je peux travailler avec d&rsquo;autres patients fr\u00e9quents et donner mon avis sur la mani\u00e8re d&rsquo;am\u00e9liorer l&rsquo;environnement hospitalier. J&rsquo;ai m\u00eame compris que j&rsquo;aimerais peut-\u00eatre devenir m\u00e9decin un jour !<\/em><\/p>\n<p><em>&#8211; Caitlin<\/em><\/p>\n<p>(Lire d&rsquo;autres histoires comme celle-ci dans <a href=\"https:\/\/livingcitymagazine.com\/\" target=\"_blank\" rel=\"noopener noreferrer\">Living City Magazine<\/a>)[\/vc_column_text]<div class=\"grve-empty-space grve-height-1x\" style=\"\"><\/div><style type=\"text\/css\">.grve-title-gradient.grve-title-69e9d4b291708 > span,.grve-title-gradient.grve-title-69e9d4b291708 .grve-clipping-content > span {color: #3f90b9;background-image: -moz-linear-gradient(-45deg, #3f90b9 0%, #3f90b9 100%);background-image: -webkit-linear-gradient(-45deg, #3f90b9 0%, #3f90b9 100%);background-image: linear-gradient(135deg, #3f90b9 0%, #3f90b9 100%);}<\/style><h3 class=\"grve-element grve-title grve-align-left grve-h3 grve-title-gradient grve-title-69e9d4b291708\" style=\"\"><span>Ressources<span class=\"grve-title-line grve-bg-primary-1\" style=\"width: 50px;height: 2px;\"><\/span><\/span><\/h3>[vc_column_text]<\/p>\n<ul>\n<li><a href=\"http:\/\/www.sportmeet.org\/en\/\" target=\"_blank\" rel=\"noopener noreferrer\">SportMeet for a United World<\/a><\/li>\n<li><a href=\"http:\/\/www.ecoone.org\/en\/\" target=\"_blank\" rel=\"noopener noreferrer\">Eco ONE: Ecologically United<\/a><\/li>\n<li><a href=\"https:\/\/theearthcube.org\/\" target=\"_blank\" rel=\"noopener noreferrer\">The Earth Cube<\/a><\/li>\n<li><a href=\"http:\/\/www.healthdialogueculture.org\/en\/\" target=\"_blank\" rel=\"noopener noreferrer\">Health Dialogue Culture<\/a><\/li>\n<\/ul>\n<p>[\/vc_column_text][\/vc_column][vc_column width=\u00a0\u00bb1\/3&Prime;][vc_widget_sidebar sidebar_id=\u00a0\u00bbmovedo_grve_sidebar_5eb8a3b20c582&Prime;][\/vc_column][\/vc_row]<\/p>\n<\/div>","protected":false},"excerpt":{"rendered":"<p>[vc_row][vc_column width=\u00a0\u00bb2\/3&Prime;][vc_column_text]La spiritualit\u00e9 des Focolari d\u00e9finit sept domaines de la vie, chacun \u00e9tant une fa\u00e7on d&rsquo;exprimer l&rsquo;amour. Rien n&rsquo;est plus ou moins important, plus ou moins sacr\u00e9. \u00ab\u00a0L&rsquo;amour est lumi\u00e8re\u00a0\u00bb, explique Chiara Lubich. Lorsque la lumi\u00e8re claire traverse un prisme, ou m\u00eame une goutte d&rsquo;eau, elle se r\u00e9fracte dans les sept couleurs de l&rsquo;arc-en-ciel : [&hellip;]<\/p>\n","protected":false},"author":2,"featured_media":2667,"parent":2795,"menu_order":0,"comment_status":"closed","ping_status":"closed","template":"","meta":{"footnotes":""},"class_list":["post-2746","page","type-page","status-publish","has-post-thumbnail","hentry"],"yoast_head":"<!-- This site is optimized with the Yoast SEO plugin v27.4 - https:\/\/yoast.com\/product\/yoast-seo-wordpress\/ -->\n<title>Nature et sant\u00e9 - Focolare in the US and Canada<\/title>\n<meta name=\"description\" content=\"L&#039;amour a une qualit\u00e9 curative, et nous pouvons chercher \u00e0 promouvoir le bien-\u00eatre de nos corps physiques et de nos corps collectifs : la famille et la communaut\u00e9.\" \/>\n<meta name=\"robots\" content=\"index, follow, max-snippet:-1, max-image-preview:large, max-video-preview:-1\" \/>\n<link rel=\"canonical\" href=\"https:\/\/www.focolare.us\/fr\/life-in-color\/green\/\" \/>\n<meta property=\"og:locale\" content=\"fr_FR\" \/>\n<meta property=\"og:type\" content=\"article\" \/>\n<meta property=\"og:title\" content=\"Nature et sant\u00e9 - Focolare in the US and Canada\" \/>\n<meta property=\"og:description\" content=\"L&#039;amour a une qualit\u00e9 curative, et nous pouvons chercher \u00e0 promouvoir le bien-\u00eatre de nos corps physiques et de nos corps collectifs : la famille et la communaut\u00e9.\" \/>\n<meta property=\"og:url\" content=\"https:\/\/www.focolare.us\/fr\/life-in-color\/green\/\" \/>\n<meta property=\"og:site_name\" content=\"Focolare in the US and Canada\" \/>\n<meta property=\"article:modified_time\" content=\"2021-09-23T01:32:00+00:00\" \/>\n<meta property=\"og:image\" content=\"https:\/\/www.focolare.us\/wp-content\/uploads\/2019\/10\/Yellow-1.png\" \/>\n\t<meta property=\"og:image:width\" content=\"1400\" \/>\n\t<meta property=\"og:image:height\" content=\"425\" \/>\n\t<meta property=\"og:image:type\" content=\"image\/png\" \/>\n<meta name=\"twitter:card\" content=\"summary_large_image\" \/>\n<meta name=\"twitter:label1\" content=\"Dur\u00e9e de lecture estim\u00e9e\" \/>\n\t<meta name=\"twitter:data1\" content=\"3 minutes\" \/>\n<script type=\"application\/ld+json\" class=\"yoast-schema-graph\">{\"@context\":\"https:\\\/\\\/schema.org\",\"@graph\":[{\"@type\":\"WebPage\",\"@id\":\"https:\\\/\\\/www.focolare.us\\\/fr\\\/life-in-color\\\/green\\\/\",\"url\":\"https:\\\/\\\/www.focolare.us\\\/fr\\\/life-in-color\\\/green\\\/\",\"name\":\"Nature et sant\u00e9 - Focolare in the US and Canada\",\"isPartOf\":{\"@id\":\"https:\\\/\\\/www.focolare.us\\\/fr\\\/#website\"},\"primaryImageOfPage\":{\"@id\":\"https:\\\/\\\/www.focolare.us\\\/fr\\\/life-in-color\\\/green\\\/#primaryimage\"},\"image\":{\"@id\":\"https:\\\/\\\/www.focolare.us\\\/fr\\\/life-in-color\\\/green\\\/#primaryimage\"},\"thumbnailUrl\":\"https:\\\/\\\/www.focolare.us\\\/wp-content\\\/uploads\\\/2019\\\/10\\\/Yellow-1.png\",\"datePublished\":\"2020-05-11T05:03:40+00:00\",\"dateModified\":\"2021-09-23T01:32:00+00:00\",\"description\":\"L'amour a une qualit\u00e9 curative, et nous pouvons chercher \u00e0 promouvoir le bien-\u00eatre de nos corps physiques et de nos corps collectifs : la famille et la communaut\u00e9.\",\"breadcrumb\":{\"@id\":\"https:\\\/\\\/www.focolare.us\\\/fr\\\/life-in-color\\\/green\\\/#breadcrumb\"},\"inLanguage\":\"fr-FR\",\"potentialAction\":[{\"@type\":\"ReadAction\",\"target\":[\"https:\\\/\\\/www.focolare.us\\\/fr\\\/life-in-color\\\/green\\\/\"]}]},{\"@type\":\"ImageObject\",\"inLanguage\":\"fr-FR\",\"@id\":\"https:\\\/\\\/www.focolare.us\\\/fr\\\/life-in-color\\\/green\\\/#primaryimage\",\"url\":\"https:\\\/\\\/www.focolare.us\\\/wp-content\\\/uploads\\\/2019\\\/10\\\/Yellow-1.png\",\"contentUrl\":\"https:\\\/\\\/www.focolare.us\\\/wp-content\\\/uploads\\\/2019\\\/10\\\/Yellow-1.png\",\"width\":1400,\"height\":425},{\"@type\":\"BreadcrumbList\",\"@id\":\"https:\\\/\\\/www.focolare.us\\\/fr\\\/life-in-color\\\/green\\\/#breadcrumb\",\"itemListElement\":[{\"@type\":\"ListItem\",\"position\":1,\"name\":\"Home\",\"item\":\"https:\\\/\\\/www.focolare.us\\\/fr\\\/\"},{\"@type\":\"ListItem\",\"position\":2,\"name\":\"La vie en couleur\",\"item\":\"https:\\\/\\\/www.focolare.us\\\/fr\\\/life-in-color\\\/\"},{\"@type\":\"ListItem\",\"position\":3,\"name\":\"Vert\"}]},{\"@type\":\"WebSite\",\"@id\":\"https:\\\/\\\/www.focolare.us\\\/fr\\\/#website\",\"url\":\"https:\\\/\\\/www.focolare.us\\\/fr\\\/\",\"name\":\"Focolare in the US and Canada\",\"description\":\"Living for Unity in the US and Canada\",\"publisher\":{\"@id\":\"https:\\\/\\\/www.focolare.us\\\/fr\\\/#organization\"},\"potentialAction\":[{\"@type\":\"SearchAction\",\"target\":{\"@type\":\"EntryPoint\",\"urlTemplate\":\"https:\\\/\\\/www.focolare.us\\\/fr\\\/?s={search_term_string}\"},\"query-input\":{\"@type\":\"PropertyValueSpecification\",\"valueRequired\":true,\"valueName\":\"search_term_string\"}}],\"inLanguage\":\"fr-FR\"},{\"@type\":\"Organization\",\"@id\":\"https:\\\/\\\/www.focolare.us\\\/fr\\\/#organization\",\"name\":\"Focolare Movement\",\"url\":\"https:\\\/\\\/www.focolare.us\\\/fr\\\/\",\"logo\":{\"@type\":\"ImageObject\",\"inLanguage\":\"fr-FR\",\"@id\":\"https:\\\/\\\/www.focolare.us\\\/fr\\\/#\\\/schema\\\/logo\\\/image\\\/\",\"url\":\"https:\\\/\\\/www.focolare.us\\\/wp-content\\\/uploads\\\/2019\\\/08\\\/focolare_inglese_RGB.png\",\"contentUrl\":\"https:\\\/\\\/www.focolare.us\\\/wp-content\\\/uploads\\\/2019\\\/08\\\/focolare_inglese_RGB.png\",\"width\":200,\"height\":184,\"caption\":\"Focolare Movement\"},\"image\":{\"@id\":\"https:\\\/\\\/www.focolare.us\\\/fr\\\/#\\\/schema\\\/logo\\\/image\\\/\"},\"sameAs\":[\"https:\\\/\\\/en.wikipedia.org\\\/wiki\\\/Focolare_Movement\"]}]}<\/script>\n<!-- \/ Yoast SEO plugin. -->","yoast_head_json":{"title":"Nature et sant\u00e9 - Focolare in the US and Canada","description":"L'amour a une qualit\u00e9 curative, et nous pouvons chercher \u00e0 promouvoir le bien-\u00eatre de nos corps physiques et de nos corps collectifs : la famille et la communaut\u00e9.","robots":{"index":"index","follow":"follow","max-snippet":"max-snippet:-1","max-image-preview":"max-image-preview:large","max-video-preview":"max-video-preview:-1"},"canonical":"https:\/\/www.focolare.us\/fr\/life-in-color\/green\/","og_locale":"fr_FR","og_type":"article","og_title":"Nature et sant\u00e9 - Focolare in the US and Canada","og_description":"L'amour a une qualit\u00e9 curative, et nous pouvons chercher \u00e0 promouvoir le bien-\u00eatre de nos corps physiques et de nos corps collectifs : la famille et la communaut\u00e9.","og_url":"https:\/\/www.focolare.us\/fr\/life-in-color\/green\/","og_site_name":"Focolare in the US and Canada","article_modified_time":"2021-09-23T01:32:00+00:00","og_image":[{"width":1400,"height":425,"url":"https:\/\/www.focolare.us\/wp-content\/uploads\/2019\/10\/Yellow-1.png","type":"image\/png"}],"twitter_card":"summary_large_image","twitter_misc":{"Dur\u00e9e de lecture estim\u00e9e":"3 minutes"},"schema":{"@context":"https:\/\/schema.org","@graph":[{"@type":"WebPage","@id":"https:\/\/www.focolare.us\/fr\/life-in-color\/green\/","url":"https:\/\/www.focolare.us\/fr\/life-in-color\/green\/","name":"Nature et sant\u00e9 - Focolare in the US and Canada","isPartOf":{"@id":"https:\/\/www.focolare.us\/fr\/#website"},"primaryImageOfPage":{"@id":"https:\/\/www.focolare.us\/fr\/life-in-color\/green\/#primaryimage"},"image":{"@id":"https:\/\/www.focolare.us\/fr\/life-in-color\/green\/#primaryimage"},"thumbnailUrl":"https:\/\/www.focolare.us\/wp-content\/uploads\/2019\/10\/Yellow-1.png","datePublished":"2020-05-11T05:03:40+00:00","dateModified":"2021-09-23T01:32:00+00:00","description":"L'amour a une qualit\u00e9 curative, et nous pouvons chercher \u00e0 promouvoir le bien-\u00eatre de nos corps physiques et de nos corps collectifs : la famille et la communaut\u00e9.","breadcrumb":{"@id":"https:\/\/www.focolare.us\/fr\/life-in-color\/green\/#breadcrumb"},"inLanguage":"fr-FR","potentialAction":[{"@type":"ReadAction","target":["https:\/\/www.focolare.us\/fr\/life-in-color\/green\/"]}]},{"@type":"ImageObject","inLanguage":"fr-FR","@id":"https:\/\/www.focolare.us\/fr\/life-in-color\/green\/#primaryimage","url":"https:\/\/www.focolare.us\/wp-content\/uploads\/2019\/10\/Yellow-1.png","contentUrl":"https:\/\/www.focolare.us\/wp-content\/uploads\/2019\/10\/Yellow-1.png","width":1400,"height":425},{"@type":"BreadcrumbList","@id":"https:\/\/www.focolare.us\/fr\/life-in-color\/green\/#breadcrumb","itemListElement":[{"@type":"ListItem","position":1,"name":"Home","item":"https:\/\/www.focolare.us\/fr\/"},{"@type":"ListItem","position":2,"name":"La vie en couleur","item":"https:\/\/www.focolare.us\/fr\/life-in-color\/"},{"@type":"ListItem","position":3,"name":"Vert"}]},{"@type":"WebSite","@id":"https:\/\/www.focolare.us\/fr\/#website","url":"https:\/\/www.focolare.us\/fr\/","name":"Focolare in the US and Canada","description":"Living for Unity in the US and Canada","publisher":{"@id":"https:\/\/www.focolare.us\/fr\/#organization"},"potentialAction":[{"@type":"SearchAction","target":{"@type":"EntryPoint","urlTemplate":"https:\/\/www.focolare.us\/fr\/?s={search_term_string}"},"query-input":{"@type":"PropertyValueSpecification","valueRequired":true,"valueName":"search_term_string"}}],"inLanguage":"fr-FR"},{"@type":"Organization","@id":"https:\/\/www.focolare.us\/fr\/#organization","name":"Focolare Movement","url":"https:\/\/www.focolare.us\/fr\/","logo":{"@type":"ImageObject","inLanguage":"fr-FR","@id":"https:\/\/www.focolare.us\/fr\/#\/schema\/logo\/image\/","url":"https:\/\/www.focolare.us\/wp-content\/uploads\/2019\/08\/focolare_inglese_RGB.png","contentUrl":"https:\/\/www.focolare.us\/wp-content\/uploads\/2019\/08\/focolare_inglese_RGB.png","width":200,"height":184,"caption":"Focolare Movement"},"image":{"@id":"https:\/\/www.focolare.us\/fr\/#\/schema\/logo\/image\/"},"sameAs":["https:\/\/en.wikipedia.org\/wiki\/Focolare_Movement"]}]}},"_links":{"self":[{"href":"https:\/\/www.focolare.us\/fr\/wp-json\/wp\/v2\/pages\/2746","targetHints":{"allow":["GET"]}}],"collection":[{"href":"https:\/\/www.focolare.us\/fr\/wp-json\/wp\/v2\/pages"}],"about":[{"href":"https:\/\/www.focolare.us\/fr\/wp-json\/wp\/v2\/types\/page"}],"author":[{"embeddable":true,"href":"https:\/\/www.focolare.us\/fr\/wp-json\/wp\/v2\/users\/2"}],"replies":[{"embeddable":true,"href":"https:\/\/www.focolare.us\/fr\/wp-json\/wp\/v2\/comments?post=2746"}],"version-history":[{"count":2,"href":"https:\/\/www.focolare.us\/fr\/wp-json\/wp\/v2\/pages\/2746\/revisions"}],"predecessor-version":[{"id":2828,"href":"https:\/\/www.focolare.us\/fr\/wp-json\/wp\/v2\/pages\/2746\/revisions\/2828"}],"up":[{"embeddable":true,"href":"https:\/\/www.focolare.us\/fr\/wp-json\/wp\/v2\/pages\/2795"}],"wp:featuredmedia":[{"embeddable":true,"href":"https:\/\/www.focolare.us\/fr\/wp-json\/wp\/v2\/media\/2667"}],"wp:attachment":[{"href":"https:\/\/www.focolare.us\/fr\/wp-json\/wp\/v2\/media?parent=2746"}],"curies":[{"name":"wp","href":"https:\/\/api.w.org\/{rel}","templated":true}]}}